{"id":6901,"date":"2025-04-01T14:42:57","date_gmt":"2025-04-01T14:42:57","guid":{"rendered":"https:\/\/dev.safebox.cash\/?post_type=product&#038;p=6901"},"modified":"2025-04-01T14:42:57","modified_gmt":"2025-04-01T14:42:57","slug":"reciclador-de-notas-jcm-ipro-rc-id003-euro500-c-b-payout","status":"publish","type":"product","link":"https:\/\/safebox.cash\/fr\/product\/recycleur-de-billets-jcm-ipro-rc-id003-euro500-c-b-paiement\/","title":{"rendered":"Recycleur de billets JCM IPRO-RC ID003 Euro500 C\/B Paiement"},"content":{"rendered":"<p>R\u00e9duisez les co\u00fbts d&rsquo;exploitation et gardez les clients satisfaits avec l&rsquo;incroyable nouvel iPRO-RC de JCM Global\u00ae&nbsp;!<\/p>\n<p>L&rsquo;iPRO-RC comprend deux compartiments de grande capacit\u00e9 dot\u00e9s d&rsquo;une technologie de recyclage par friction \u00e0 rouleaux qui stockent les factures recycl\u00e9es pour des paiements instantan\u00e9s, permettant ainsi \u00e0 votre \u00e9quipement de fonctionner et \u00e0 la satisfaction de vos clients.<\/p>\n<p>De plus, l&rsquo;iPRO-RC est dot\u00e9 de la puissante technologie anti-cordage de JCM, d&rsquo;une acceptation de factures \u00e9prouv\u00e9e et d&rsquo;une caisse amovible verrouillable.<\/p>\n<p><strong>Dimensions en mm:<\/strong>&nbsp;114 (L) \u00d7 244 (P) \u00d7 511 (H)<\/p>\n<p><strong>Poids:<\/strong>&nbsp;env. 9,5kg<\/p>\n<p><strong>Tension d&rsquo;alimentation:<\/strong>&nbsp;DC24V<\/p>\n<p><strong>Interface:<\/strong>&nbsp;RS-232C<\/p>\n","protected":false},"excerpt":{"rendered":"<p>R\u00e9duisez les co\u00fbts d&rsquo;exploitation et gardez les clients satisfaits avec l&rsquo;incroyable nouvel iPRO-RC de JCM Global\u00ae\u00a0!<\/p>\n","protected":false},"featured_media":6902,"template":"","meta":{"_acf_changed":false},"product_brand":[],"product_cat":[39],"product_tag":[],"class_list":{"0":"post-6901","1":"product","2":"type-product","3":"status-publish","4":"has-post-thumbnail","6":"product_cat-sem-categoria","8":"first","9":"instock","10":"taxable","11":"shipping-taxable","12":"purchasable","13":"product-type-simple"},"acf":[],"yoast_head":"<!-- This site is optimized with the Yoast SEO plugin v27.4 - https:\/\/yoast.com\/product\/yoast-seo-wordpress\/ -->\n<title>Recycleur de billets JCM IPRO-RC ID003 Euro500 C\/B Paiement<\/title>\n<meta name=\"description\" content=\"R\u00e9duisez les co\u00fbts d&#039;exploitation et gardez les clients satisfaits avec l&#039;incroyable nouvel iPRO-RC de JCM Global\u00ae\u00a0!\" \/>\n<meta name=\"robots\" content=\"index, follow, max-snippet:-1, max-image-preview:large, max-video-preview:-1\" \/>\n<link rel=\"canonical\" href=\"http:\/\/R\u00e9duisez%20les%20co\u00fbts%20d'exploitation%20et%20gardez%20les%20clients%20satisfaits%20avec%20l'incroyable%20nouvel%20iPRO-RC%20de%20JCM%20Global\u00ae\u00a0!\" \/>\n<meta property=\"og:locale\" content=\"fr_FR\" \/>\n<meta property=\"og:type\" content=\"article\" \/>\n<meta property=\"og:title\" content=\"Recycleur de billets JCM IPRO-RC ID003 Euro500 C\/B Paiement\" \/>\n<meta property=\"og:description\" content=\"R\u00e9duisez les co\u00fbts d&#039;exploitation et gardez les clients satisfaits avec l&#039;incroyable nouvel iPRO-RC de JCM Global\u00ae\u00a0!\" \/>\n<meta property=\"og:url\" content=\"https:\/\/safebox.cash\/fr\/product\/recycleur-de-billets-jcm-ipro-rc-id003-euro500-c-b-paiement\/\" \/>\n<meta property=\"og:site_name\" content=\"SAFEBOX\" \/>\n<meta property=\"og:image\" content=\"https:\/\/safebox.cash\/wp-content\/uploads\/2025\/04\/jcm_reciclador_notas.webp\" \/>\n\t<meta property=\"og:image:width\" content=\"566\" \/>\n\t<meta property=\"og:image:height\" content=\"566\" \/>\n\t<meta property=\"og:image:type\" content=\"image\/webp\" \/>\n<meta name=\"twitter:card\" content=\"summary_large_image\" \/>\n<script type=\"application\/ld+json\" class=\"yoast-schema-graph\">{\"@context\":\"https:\\\/\\\/schema.org\",\"@graph\":[{\"@type\":\"WebPage\",\"@id\":\"https:\\\/\\\/safebox.cash\\\/fr\\\/product\\\/recycleur-de-billets-jcm-ipro-rc-id003-euro500-c-b-paiement\\\/\",\"url\":\"https:\\\/\\\/safebox.cash\\\/fr\\\/product\\\/recycleur-de-billets-jcm-ipro-rc-id003-euro500-c-b-paiement\\\/\",\"name\":\"Reciclador de Notas JCM IPRO-RC ID003 Euro500 C\\\/B Payout - SAFEBOX\",\"isPartOf\":{\"@id\":\"https:\\\/\\\/safebox.cash\\\/#website\"},\"primaryImageOfPage\":{\"@id\":\"https:\\\/\\\/safebox.cash\\\/fr\\\/product\\\/recycleur-de-billets-jcm-ipro-rc-id003-euro500-c-b-paiement\\\/#primaryimage\"},\"image\":{\"@id\":\"https:\\\/\\\/safebox.cash\\\/fr\\\/product\\\/recycleur-de-billets-jcm-ipro-rc-id003-euro500-c-b-paiement\\\/#primaryimage\"},\"thumbnailUrl\":\"https:\\\/\\\/safebox.cash\\\/wp-content\\\/uploads\\\/2025\\\/04\\\/jcm_reciclador_notas.webp\",\"datePublished\":\"2025-04-01T14:42:57+00:00\",\"breadcrumb\":{\"@id\":\"https:\\\/\\\/safebox.cash\\\/fr\\\/product\\\/recycleur-de-billets-jcm-ipro-rc-id003-euro500-c-b-paiement\\\/#breadcrumb\"},\"inLanguage\":\"fr-FR\",\"potentialAction\":[{\"@type\":\"ReadAction\",\"target\":[\"https:\\\/\\\/safebox.cash\\\/fr\\\/product\\\/recycleur-de-billets-jcm-ipro-rc-id003-euro500-c-b-paiement\\\/\"]}]},{\"@type\":\"ImageObject\",\"inLanguage\":\"fr-FR\",\"@id\":\"https:\\\/\\\/safebox.cash\\\/fr\\\/product\\\/recycleur-de-billets-jcm-ipro-rc-id003-euro500-c-b-paiement\\\/#primaryimage\",\"url\":\"https:\\\/\\\/safebox.cash\\\/wp-content\\\/uploads\\\/2025\\\/04\\\/jcm_reciclador_notas.webp\",\"contentUrl\":\"https:\\\/\\\/safebox.cash\\\/wp-content\\\/uploads\\\/2025\\\/04\\\/jcm_reciclador_notas.webp\",\"width\":566,\"height\":566},{\"@type\":\"BreadcrumbList\",\"@id\":\"https:\\\/\\\/safebox.cash\\\/fr\\\/product\\\/recycleur-de-billets-jcm-ipro-rc-id003-euro500-c-b-paiement\\\/#breadcrumb\",\"itemListElement\":[{\"@type\":\"ListItem\",\"position\":1,\"name\":\"Accueil\",\"item\":\"https:\\\/\\\/safebox.cash\\\/\"},{\"@type\":\"ListItem\",\"position\":2,\"name\":\"Recycleur de billets JCM IPRO-RC ID003 Euro500 C\\\/B Paiement\"}]},{\"@type\":\"WebSite\",\"@id\":\"https:\\\/\\\/safebox.cash\\\/fr\\\/#website\",\"url\":\"https:\\\/\\\/safebox.cash\\\/fr\\\/\",\"name\":\"SAFEBOX\",\"description\":\"\",\"publisher\":{\"@id\":\"https:\\\/\\\/safebox.cash\\\/fr\\\/#organization\"},\"potentialAction\":[{\"@type\":\"SearchAction\",\"target\":{\"@type\":\"EntryPoint\",\"urlTemplate\":\"https:\\\/\\\/safebox.cash\\\/fr\\\/?s={search_term_string}\"},\"query-input\":{\"@type\":\"PropertyValueSpecification\",\"valueRequired\":true,\"valueName\":\"search_term_string\"}}],\"inLanguage\":\"fr-FR\"},{\"@type\":\"Organization\",\"@id\":\"https:\\\/\\\/safebox.cash\\\/fr\\\/#organization\",\"name\":\"SAFEBOX\",\"url\":\"https:\\\/\\\/safebox.cash\\\/fr\\\/\",\"logo\":{\"@type\":\"ImageObject\",\"inLanguage\":\"fr-FR\",\"@id\":\"https:\\\/\\\/safebox.cash\\\/fr\\\/#\\\/schema\\\/logo\\\/image\\\/\",\"url\":\"https:\\\/\\\/safebox.cash\\\/wp-content\\\/uploads\\\/2025\\\/03\\\/SafeboxLogo-b.svg\",\"contentUrl\":\"https:\\\/\\\/safebox.cash\\\/wp-content\\\/uploads\\\/2025\\\/03\\\/SafeboxLogo-b.svg\",\"width\":306,\"height\":50,\"caption\":\"SAFEBOX\"},\"image\":{\"@id\":\"https:\\\/\\\/safebox.cash\\\/fr\\\/#\\\/schema\\\/logo\\\/image\\\/\"}}]}<\/script>\n<!-- \/ Yoast SEO plugin. -->","yoast_head_json":{"title":"Recycleur de billets JCM IPRO-RC ID003 Euro500 C\/B Paiement","description":"R\u00e9duisez les co\u00fbts d'exploitation et gardez les clients satisfaits avec l'incroyable nouvel iPRO-RC de JCM Global\u00ae\u00a0!","robots":{"index":"index","follow":"follow","max-snippet":"max-snippet:-1","max-image-preview":"max-image-preview:large","max-video-preview":"max-video-preview:-1"},"canonical":"R\u00e9duisez les co\u00fbts d'exploitation et gardez les clients satisfaits avec l'incroyable nouvel iPRO-RC de JCM Global\u00ae\u00a0!","og_locale":"fr_FR","og_type":"article","og_title":"Recycleur de billets JCM IPRO-RC ID003 Euro500 C\/B Paiement","og_description":"R\u00e9duisez les co\u00fbts d'exploitation et gardez les clients satisfaits avec l'incroyable nouvel iPRO-RC de JCM Global\u00ae\u00a0!","og_url":"https:\/\/safebox.cash\/fr\/product\/recycleur-de-billets-jcm-ipro-rc-id003-euro500-c-b-paiement\/","og_site_name":"SAFEBOX","og_image":[{"width":566,"height":566,"url":"https:\/\/safebox.cash\/wp-content\/uploads\/2025\/04\/jcm_reciclador_notas.webp","type":"image\/webp"}],"twitter_card":"summary_large_image","schema":{"@context":"https:\/\/schema.org","@graph":[{"@type":"WebPage","@id":"https:\/\/safebox.cash\/fr\/product\/recycleur-de-billets-jcm-ipro-rc-id003-euro500-c-b-paiement\/","url":"https:\/\/safebox.cash\/fr\/product\/recycleur-de-billets-jcm-ipro-rc-id003-euro500-c-b-paiement\/","name":"Reciclador de Notas JCM IPRO-RC ID003 Euro500 C\/B Payout - SAFEBOX","isPartOf":{"@id":"https:\/\/safebox.cash\/#website"},"primaryImageOfPage":{"@id":"https:\/\/safebox.cash\/fr\/product\/recycleur-de-billets-jcm-ipro-rc-id003-euro500-c-b-paiement\/#primaryimage"},"image":{"@id":"https:\/\/safebox.cash\/fr\/product\/recycleur-de-billets-jcm-ipro-rc-id003-euro500-c-b-paiement\/#primaryimage"},"thumbnailUrl":"https:\/\/safebox.cash\/wp-content\/uploads\/2025\/04\/jcm_reciclador_notas.webp","datePublished":"2025-04-01T14:42:57+00:00","breadcrumb":{"@id":"https:\/\/safebox.cash\/fr\/product\/recycleur-de-billets-jcm-ipro-rc-id003-euro500-c-b-paiement\/#breadcrumb"},"inLanguage":"fr-FR","potentialAction":[{"@type":"ReadAction","target":["https:\/\/safebox.cash\/fr\/product\/recycleur-de-billets-jcm-ipro-rc-id003-euro500-c-b-paiement\/"]}]},{"@type":"ImageObject","inLanguage":"fr-FR","@id":"https:\/\/safebox.cash\/fr\/product\/recycleur-de-billets-jcm-ipro-rc-id003-euro500-c-b-paiement\/#primaryimage","url":"https:\/\/safebox.cash\/wp-content\/uploads\/2025\/04\/jcm_reciclador_notas.webp","contentUrl":"https:\/\/safebox.cash\/wp-content\/uploads\/2025\/04\/jcm_reciclador_notas.webp","width":566,"height":566},{"@type":"BreadcrumbList","@id":"https:\/\/safebox.cash\/fr\/product\/recycleur-de-billets-jcm-ipro-rc-id003-euro500-c-b-paiement\/#breadcrumb","itemListElement":[{"@type":"ListItem","position":1,"name":"Accueil","item":"https:\/\/safebox.cash\/"},{"@type":"ListItem","position":2,"name":"Recycleur de billets JCM IPRO-RC ID003 Euro500 C\/B Paiement"}]},{"@type":"WebSite","@id":"https:\/\/safebox.cash\/fr\/#website","url":"https:\/\/safebox.cash\/fr\/","name":"SAFEBOX","description":"","publisher":{"@id":"https:\/\/safebox.cash\/fr\/#organization"},"potentialAction":[{"@type":"SearchAction","target":{"@type":"EntryPoint","urlTemplate":"https:\/\/safebox.cash\/fr\/?s={search_term_string}"},"query-input":{"@type":"PropertyValueSpecification","valueRequired":true,"valueName":"search_term_string"}}],"inLanguage":"fr-FR"},{"@type":"Organization","@id":"https:\/\/safebox.cash\/fr\/#organization","name":"SAFEBOX","url":"https:\/\/safebox.cash\/fr\/","logo":{"@type":"ImageObject","inLanguage":"fr-FR","@id":"https:\/\/safebox.cash\/fr\/#\/schema\/logo\/image\/","url":"https:\/\/safebox.cash\/wp-content\/uploads\/2025\/03\/SafeboxLogo-b.svg","contentUrl":"https:\/\/safebox.cash\/wp-content\/uploads\/2025\/03\/SafeboxLogo-b.svg","width":306,"height":50,"caption":"SAFEBOX"},"image":{"@id":"https:\/\/safebox.cash\/fr\/#\/schema\/logo\/image\/"}}]}},"_links":{"self":[{"href":"https:\/\/safebox.cash\/fr\/wp-json\/wp\/v2\/product\/6901","targetHints":{"allow":["GET"]}}],"collection":[{"href":"https:\/\/safebox.cash\/fr\/wp-json\/wp\/v2\/product"}],"about":[{"href":"https:\/\/safebox.cash\/fr\/wp-json\/wp\/v2\/types\/product"}],"wp:featuredmedia":[{"embeddable":true,"href":"https:\/\/safebox.cash\/fr\/wp-json\/wp\/v2\/media\/6902"}],"wp:attachment":[{"href":"https:\/\/safebox.cash\/fr\/wp-json\/wp\/v2\/media?parent=6901"}],"wp:term":[{"taxonomy":"product_brand","embeddable":true,"href":"https:\/\/safebox.cash\/fr\/wp-json\/wp\/v2\/product_brand?post=6901"},{"taxonomy":"product_cat","embeddable":true,"href":"https:\/\/safebox.cash\/fr\/wp-json\/wp\/v2\/product_cat?post=6901"},{"taxonomy":"product_tag","embeddable":true,"href":"https:\/\/safebox.cash\/fr\/wp-json\/wp\/v2\/product_tag?post=6901"}],"curies":[{"name":"wp","href":"https:\/\/api.w.org\/{rel}","templated":true}]}}