{"id":6896,"date":"2025-04-01T14:34:21","date_gmt":"2025-04-01T14:34:21","guid":{"rendered":"https:\/\/dev.safebox.cash\/?post_type=product&#038;p=6896"},"modified":"2025-04-01T14:34:21","modified_gmt":"2025-04-01T14:34:21","slug":"smart-hopper-4","status":"publish","type":"product","link":"https:\/\/safebox.cash\/fr\/product\/smart-hopper-4\/","title":{"rendered":"SMART Hopper 4"},"content":{"rendered":"<p>Le SMART Hopper d&rsquo;Innovative Technology est un tr\u00e9mie et un recycleur multi-pi\u00e8ces de pointe qui \u00e9limine les p\u00e9nuries de pi\u00e8ces. Dot\u00e9 d&rsquo;une capacit\u00e9 de change mixte de pointe, SMART Hopper \u00e9limine le besoin de plusieurs tr\u00e9mies, maximisant ainsi l&rsquo;efficacit\u00e9 de la tr\u00e9sorerie.<\/p>\n<p>Le SMART Hopper r\u00e9duit le co\u00fbt de la manipulation interne des pi\u00e8ces en \u00e9liminant le besoin de plusieurs tr\u00e9mies et trieurs. Fonctionnant \u00e0 un d\u00e9bit de 12 pi\u00e8ces par seconde, le meilleur du secteur, le SMART Hopper est une v\u00e9ritable unit\u00e9 de paiement multi-devises, capable d&rsquo;accepter toutes les pi\u00e8ces transmises par le moteur de pi\u00e8ces. Le dernier SMART Hopper inclut une fonctionnalit\u00e9 d&rsquo;enregistrement de donn\u00e9es via une carte SD et une prise en charge suppl\u00e9mentaire pour les petites pi\u00e8ces.<\/p>\n<p><strong>Alimentation:&nbsp;<\/strong>Exigences : 24 V | Veille : 200 mA | En fonctionnement : 3 A | Pic&nbsp;: 6,5&nbsp;A<\/p>\n<p><strong>Vitesse de paiement:&nbsp;<\/strong>jusqu&rsquo;\u00e0 12 pi\u00e8ces par seconde<\/p>\n<p><strong>Capacit\u00e9 des pi\u00e8ces mixtes:<\/strong>&nbsp;2 \u20ac x 200 + 1 \u20ac x 750 + 50c x 500<\/p>\n<p><strong>Capacit\u00e9 des pi\u00e8ces:<\/strong>&nbsp;1&nbsp;500 (1&nbsp;\u20ac) 1&nbsp;300 (1&nbsp;\u00a3) 800 (2&nbsp;\u00a3)<\/p>\n<p><strong>Dimensions de la pi\u00e8ce : Diam\u00e8tre:<\/strong>&nbsp;18 &#8211; 28,5 mm \u00c9paisseur : 1,65 &#8211; 3,2 mm<\/p>\n<p><strong>Protocoles:<\/strong>&nbsp;SSP<\/p>\n<p><strong>Interfaces:&nbsp;<\/strong>USB avec IF17 (Collecteur ouvert)<\/p>\n<p><strong>Multi-d\u00e9nomination:&nbsp;<\/strong>jusqu&rsquo;\u00e0 11 d\u00e9nominations<\/p>\n<p><strong>Poids:&nbsp;<\/strong>2,4 kg \u00e0 vide | 13,7 kg plein<\/p>\n","protected":false},"excerpt":{"rendered":"<p>Le SMART Hopper d&rsquo;Innovative Technology est un tr\u00e9mie et un recycleur multi-pi\u00e8ces de pointe qui \u00e9limine les p\u00e9nuries de pi\u00e8ces. Dot\u00e9 d&rsquo;une capacit\u00e9 de change mixte de pointe, SMART Hopper \u00e9limine le besoin de plusieurs tr\u00e9mies, maximisant ainsi l&rsquo;efficacit\u00e9 de la tr\u00e9sorerie.<\/p>\n","protected":false},"featured_media":6897,"template":"","meta":{"_acf_changed":false},"product_brand":[],"product_cat":[39],"product_tag":[],"class_list":{"0":"post-6896","1":"product","2":"type-product","3":"status-publish","4":"has-post-thumbnail","6":"product_cat-sem-categoria","8":"first","9":"instock","10":"taxable","11":"shipping-taxable","12":"purchasable","13":"product-type-simple"},"acf":[],"yoast_head":"<!-- This site is optimized with the Yoast SEO plugin v27.5 - https:\/\/yoast.com\/product\/yoast-seo-wordpress\/ -->\n<title>SMART Hopper 4<\/title>\n<meta name=\"description\" content=\"Le SMART Hopper d&#039;Innovative Technology est un tr\u00e9mie et un recycleur multi-pi\u00e8ces de pointe qui \u00e9limine les p\u00e9nuries de pi\u00e8ces. Dot\u00e9 d&#039;une capacit\u00e9 de change mixte de pointe, SMART Hopper \u00e9limine le besoin de plusieurs tr\u00e9mies, maximisant ainsi l&#039;efficacit\u00e9 de la tr\u00e9sorerie.\" \/>\n<meta name=\"robots\" content=\"index, follow, max-snippet:-1, max-image-preview:large, max-video-preview:-1\" \/>\n<link rel=\"canonical\" href=\"http:\/\/Le%20SMART%20Hopper%20d'Innovative%20Technology%20est%20un%20tr\u00e9mie%20et%20un%20recycleur%20multi-pi\u00e8ces%20de%20pointe%20qui%20\u00e9limine%20les%20p\u00e9nuries%20de%20pi\u00e8ces.%20Dot\u00e9%20d'une%20capacit\u00e9%20de%20change%20mixte%20de%20pointe,%20SMART%20Hopper%20\u00e9limine%20le%20besoin%20de%20plusieurs%20tr\u00e9mies,%20maximisant%20ainsi%20l'efficacit\u00e9%20de%20la%20tr\u00e9sorerie.\" \/>\n<meta property=\"og:locale\" content=\"fr_FR\" \/>\n<meta property=\"og:type\" content=\"article\" \/>\n<meta property=\"og:title\" content=\"SMART Hopper 4\" \/>\n<meta property=\"og:description\" content=\"Le SMART Hopper d&#039;Innovative Technology est un tr\u00e9mie et un recycleur multi-pi\u00e8ces de pointe qui \u00e9limine les p\u00e9nuries de pi\u00e8ces. Dot\u00e9 d&#039;une capacit\u00e9 de change mixte de pointe, SMART Hopper \u00e9limine le besoin de plusieurs tr\u00e9mies, maximisant ainsi l&#039;efficacit\u00e9 de la tr\u00e9sorerie.\" \/>\n<meta property=\"og:url\" content=\"https:\/\/safebox.cash\/fr\/product\/smart-hopper-4\/\" \/>\n<meta property=\"og:site_name\" content=\"SAFEBOX\" \/>\n<meta property=\"og:image\" content=\"https:\/\/safebox.cash\/wp-content\/uploads\/2025\/04\/smart_hopper.webp\" \/>\n\t<meta property=\"og:image:width\" content=\"566\" \/>\n\t<meta property=\"og:image:height\" content=\"566\" \/>\n\t<meta property=\"og:image:type\" content=\"image\/webp\" \/>\n<meta name=\"twitter:card\" content=\"summary_large_image\" \/>\n<meta name=\"twitter:label1\" content=\"Dur\u00e9e de lecture estim\u00e9e\" \/>\n\t<meta name=\"twitter:data1\" content=\"1 minute\" \/>\n<script type=\"application\/ld+json\" class=\"yoast-schema-graph\">{\"@context\":\"https:\\\/\\\/schema.org\",\"@graph\":[{\"@type\":\"WebPage\",\"@id\":\"https:\\\/\\\/safebox.cash\\\/fr\\\/product\\\/smart-hopper-4\\\/\",\"url\":\"https:\\\/\\\/safebox.cash\\\/fr\\\/product\\\/smart-hopper-4\\\/\",\"name\":\"SMART Hopper 4 - SAFEBOX\",\"isPartOf\":{\"@id\":\"https:\\\/\\\/safebox.cash\\\/#website\"},\"primaryImageOfPage\":{\"@id\":\"https:\\\/\\\/safebox.cash\\\/fr\\\/product\\\/smart-hopper-4\\\/#primaryimage\"},\"image\":{\"@id\":\"https:\\\/\\\/safebox.cash\\\/fr\\\/product\\\/smart-hopper-4\\\/#primaryimage\"},\"thumbnailUrl\":\"https:\\\/\\\/safebox.cash\\\/wp-content\\\/uploads\\\/2025\\\/04\\\/smart_hopper.webp\",\"datePublished\":\"2025-04-01T14:34:21+00:00\",\"breadcrumb\":{\"@id\":\"https:\\\/\\\/safebox.cash\\\/fr\\\/product\\\/smart-hopper-4\\\/#breadcrumb\"},\"inLanguage\":\"fr-FR\",\"potentialAction\":[{\"@type\":\"ReadAction\",\"target\":[\"https:\\\/\\\/safebox.cash\\\/fr\\\/product\\\/smart-hopper-4\\\/\"]}]},{\"@type\":\"ImageObject\",\"inLanguage\":\"fr-FR\",\"@id\":\"https:\\\/\\\/safebox.cash\\\/fr\\\/product\\\/smart-hopper-4\\\/#primaryimage\",\"url\":\"https:\\\/\\\/safebox.cash\\\/wp-content\\\/uploads\\\/2025\\\/04\\\/smart_hopper.webp\",\"contentUrl\":\"https:\\\/\\\/safebox.cash\\\/wp-content\\\/uploads\\\/2025\\\/04\\\/smart_hopper.webp\",\"width\":566,\"height\":566},{\"@type\":\"BreadcrumbList\",\"@id\":\"https:\\\/\\\/safebox.cash\\\/fr\\\/product\\\/smart-hopper-4\\\/#breadcrumb\",\"itemListElement\":[{\"@type\":\"ListItem\",\"position\":1,\"name\":\"Accueil\",\"item\":\"https:\\\/\\\/safebox.cash\\\/\"},{\"@type\":\"ListItem\",\"position\":2,\"name\":\"SMART Hopper 4\"}]},{\"@type\":\"WebSite\",\"@id\":\"https:\\\/\\\/safebox.cash\\\/fr\\\/#website\",\"url\":\"https:\\\/\\\/safebox.cash\\\/fr\\\/\",\"name\":\"SAFEBOX\",\"description\":\"\",\"publisher\":{\"@id\":\"https:\\\/\\\/safebox.cash\\\/fr\\\/#organization\"},\"potentialAction\":[{\"@type\":\"SearchAction\",\"target\":{\"@type\":\"EntryPoint\",\"urlTemplate\":\"https:\\\/\\\/safebox.cash\\\/fr\\\/?s={search_term_string}\"},\"query-input\":{\"@type\":\"PropertyValueSpecification\",\"valueRequired\":true,\"valueName\":\"search_term_string\"}}],\"inLanguage\":\"fr-FR\"},{\"@type\":\"Organization\",\"@id\":\"https:\\\/\\\/safebox.cash\\\/fr\\\/#organization\",\"name\":\"SAFEBOX\",\"url\":\"https:\\\/\\\/safebox.cash\\\/fr\\\/\",\"logo\":{\"@type\":\"ImageObject\",\"inLanguage\":\"fr-FR\",\"@id\":\"https:\\\/\\\/safebox.cash\\\/fr\\\/#\\\/schema\\\/logo\\\/image\\\/\",\"url\":\"https:\\\/\\\/safebox.cash\\\/wp-content\\\/uploads\\\/2025\\\/03\\\/SafeboxLogo-b.svg\",\"contentUrl\":\"https:\\\/\\\/safebox.cash\\\/wp-content\\\/uploads\\\/2025\\\/03\\\/SafeboxLogo-b.svg\",\"width\":306,\"height\":50,\"caption\":\"SAFEBOX\"},\"image\":{\"@id\":\"https:\\\/\\\/safebox.cash\\\/fr\\\/#\\\/schema\\\/logo\\\/image\\\/\"}}]}<\/script>\n<!-- \/ Yoast SEO plugin. -->","yoast_head_json":{"title":"SMART Hopper 4","description":"Le SMART Hopper d'Innovative Technology est un tr\u00e9mie et un recycleur multi-pi\u00e8ces de pointe qui \u00e9limine les p\u00e9nuries de pi\u00e8ces. Dot\u00e9 d'une capacit\u00e9 de change mixte de pointe, SMART Hopper \u00e9limine le besoin de plusieurs tr\u00e9mies, maximisant ainsi l'efficacit\u00e9 de la tr\u00e9sorerie.","robots":{"index":"index","follow":"follow","max-snippet":"max-snippet:-1","max-image-preview":"max-image-preview:large","max-video-preview":"max-video-preview:-1"},"canonical":"Le SMART Hopper d'Innovative Technology est un tr\u00e9mie et un recycleur multi-pi\u00e8ces de pointe qui \u00e9limine les p\u00e9nuries de pi\u00e8ces. Dot\u00e9 d'une capacit\u00e9 de change mixte de pointe, SMART Hopper \u00e9limine le besoin de plusieurs tr\u00e9mies, maximisant ainsi l'efficacit\u00e9 de la tr\u00e9sorerie.","og_locale":"fr_FR","og_type":"article","og_title":"SMART Hopper 4","og_description":"Le SMART Hopper d'Innovative Technology est un tr\u00e9mie et un recycleur multi-pi\u00e8ces de pointe qui \u00e9limine les p\u00e9nuries de pi\u00e8ces. Dot\u00e9 d'une capacit\u00e9 de change mixte de pointe, SMART Hopper \u00e9limine le besoin de plusieurs tr\u00e9mies, maximisant ainsi l'efficacit\u00e9 de la tr\u00e9sorerie.","og_url":"https:\/\/safebox.cash\/fr\/product\/smart-hopper-4\/","og_site_name":"SAFEBOX","og_image":[{"width":566,"height":566,"url":"https:\/\/safebox.cash\/wp-content\/uploads\/2025\/04\/smart_hopper.webp","type":"image\/webp"}],"twitter_card":"summary_large_image","twitter_misc":{"Dur\u00e9e de lecture estim\u00e9e":"1 minute"},"schema":{"@context":"https:\/\/schema.org","@graph":[{"@type":"WebPage","@id":"https:\/\/safebox.cash\/fr\/product\/smart-hopper-4\/","url":"https:\/\/safebox.cash\/fr\/product\/smart-hopper-4\/","name":"SMART Hopper 4 - SAFEBOX","isPartOf":{"@id":"https:\/\/safebox.cash\/#website"},"primaryImageOfPage":{"@id":"https:\/\/safebox.cash\/fr\/product\/smart-hopper-4\/#primaryimage"},"image":{"@id":"https:\/\/safebox.cash\/fr\/product\/smart-hopper-4\/#primaryimage"},"thumbnailUrl":"https:\/\/safebox.cash\/wp-content\/uploads\/2025\/04\/smart_hopper.webp","datePublished":"2025-04-01T14:34:21+00:00","breadcrumb":{"@id":"https:\/\/safebox.cash\/fr\/product\/smart-hopper-4\/#breadcrumb"},"inLanguage":"fr-FR","potentialAction":[{"@type":"ReadAction","target":["https:\/\/safebox.cash\/fr\/product\/smart-hopper-4\/"]}]},{"@type":"ImageObject","inLanguage":"fr-FR","@id":"https:\/\/safebox.cash\/fr\/product\/smart-hopper-4\/#primaryimage","url":"https:\/\/safebox.cash\/wp-content\/uploads\/2025\/04\/smart_hopper.webp","contentUrl":"https:\/\/safebox.cash\/wp-content\/uploads\/2025\/04\/smart_hopper.webp","width":566,"height":566},{"@type":"BreadcrumbList","@id":"https:\/\/safebox.cash\/fr\/product\/smart-hopper-4\/#breadcrumb","itemListElement":[{"@type":"ListItem","position":1,"name":"Accueil","item":"https:\/\/safebox.cash\/"},{"@type":"ListItem","position":2,"name":"SMART Hopper 4"}]},{"@type":"WebSite","@id":"https:\/\/safebox.cash\/fr\/#website","url":"https:\/\/safebox.cash\/fr\/","name":"SAFEBOX","description":"","publisher":{"@id":"https:\/\/safebox.cash\/fr\/#organization"},"potentialAction":[{"@type":"SearchAction","target":{"@type":"EntryPoint","urlTemplate":"https:\/\/safebox.cash\/fr\/?s={search_term_string}"},"query-input":{"@type":"PropertyValueSpecification","valueRequired":true,"valueName":"search_term_string"}}],"inLanguage":"fr-FR"},{"@type":"Organization","@id":"https:\/\/safebox.cash\/fr\/#organization","name":"SAFEBOX","url":"https:\/\/safebox.cash\/fr\/","logo":{"@type":"ImageObject","inLanguage":"fr-FR","@id":"https:\/\/safebox.cash\/fr\/#\/schema\/logo\/image\/","url":"https:\/\/safebox.cash\/wp-content\/uploads\/2025\/03\/SafeboxLogo-b.svg","contentUrl":"https:\/\/safebox.cash\/wp-content\/uploads\/2025\/03\/SafeboxLogo-b.svg","width":306,"height":50,"caption":"SAFEBOX"},"image":{"@id":"https:\/\/safebox.cash\/fr\/#\/schema\/logo\/image\/"}}]}},"_links":{"self":[{"href":"https:\/\/safebox.cash\/fr\/wp-json\/wp\/v2\/product\/6896","targetHints":{"allow":["GET"]}}],"collection":[{"href":"https:\/\/safebox.cash\/fr\/wp-json\/wp\/v2\/product"}],"about":[{"href":"https:\/\/safebox.cash\/fr\/wp-json\/wp\/v2\/types\/product"}],"wp:featuredmedia":[{"embeddable":true,"href":"https:\/\/safebox.cash\/fr\/wp-json\/wp\/v2\/media\/6897"}],"wp:attachment":[{"href":"https:\/\/safebox.cash\/fr\/wp-json\/wp\/v2\/media?parent=6896"}],"wp:term":[{"taxonomy":"product_brand","embeddable":true,"href":"https:\/\/safebox.cash\/fr\/wp-json\/wp\/v2\/product_brand?post=6896"},{"taxonomy":"product_cat","embeddable":true,"href":"https:\/\/safebox.cash\/fr\/wp-json\/wp\/v2\/product_cat?post=6896"},{"taxonomy":"product_tag","embeddable":true,"href":"https:\/\/safebox.cash\/fr\/wp-json\/wp\/v2\/product_tag?post=6896"}],"curies":[{"name":"wp","href":"https:\/\/api.w.org\/{rel}","templated":true}]}}