{"id":6769,"date":"2025-04-01T09:37:16","date_gmt":"2025-04-01T09:37:16","guid":{"rendered":"https:\/\/dev.safebox.cash\/?post_type=product&#038;p=6769"},"modified":"2025-07-24T17:39:22","modified_gmt":"2025-07-24T17:39:22","slug":"safebox","status":"publish","type":"product","link":"https:\/\/safebox.cash\/fr\/product\/safebox\/","title":{"rendered":"Safebox"},"content":{"rendered":"<p><strong>Moyens de Paiement: Billets<\/strong>&nbsp;&#8211; Acceptation billet par billet |&nbsp;<strong>Pi\u00e8ces<\/strong>&nbsp;&#8211; Acceptation en vrac<\/p>\n<p><strong>Vitesses: Acceptation des pi\u00e8ces<\/strong>&nbsp;&#8211; 7 pi\u00e8ces\/seconde |&nbsp;<strong>Distribution des pi\u00e8ces<\/strong>&nbsp;&#8211; 12 pi\u00e8ces\/seconde |&nbsp;<strong>Acceptation des billets<\/strong>&nbsp;&#8211; 3 secondes\/billet |&nbsp;<strong>Distribution des billets<\/strong>&nbsp;&#8211; 2 secondes\/billet<\/p>\n<p><strong>Capacit\u00e9 des Recycleurs: Billets<\/strong>&nbsp;&#8211; 2 d\u00e9nominations jusqu&rsquo;\u00e0 100 unit\u00e9s |&nbsp;<strong>Pi\u00e8ces<\/strong>&nbsp;&#8211; 0,01\u20ac \u00e0 2\u20ac jusqu&rsquo;\u00e0 1500\u20ac (pi\u00e8ces de 1\u20ac)<\/p>\n<p><strong>Capacit\u00e9 des Coffres: Billets<\/strong>&nbsp;&#8211; 400 billets |&nbsp;<strong>Pi\u00e8ces<\/strong>&nbsp;&#8211; 800 pi\u00e8ces<\/p>\n<p><strong>Poids:&nbsp;<\/strong>60 Kg<\/p>\n<p><strong>Dimensions (mm):&nbsp;<\/strong>570(H) x 310(L) x 355(P)<\/p>\n<p><strong>Communications:&nbsp;<\/strong>Ethernet | Wifi (Optionnel)<\/p>\n<p><strong>\u00c9cran:&nbsp;<\/strong>7\u00a0\u00bb Touch<\/p>\n","protected":false},"excerpt":{"rendered":"<p>SAFEBOX est un syst\u00e8me de paiement automatique qui vous permet d&rsquo;automatiser et d&rsquo;optimiser les processus de gestion de tr\u00e9sorerie dans les points de vente.<\/p>\n","protected":false},"featured_media":6890,"template":"","meta":{"_acf_changed":false},"product_brand":[],"product_cat":[39],"product_tag":[],"class_list":{"0":"post-6769","1":"product","2":"type-product","3":"status-publish","4":"has-post-thumbnail","6":"product_cat-sem-categoria","8":"first","9":"outofstock","10":"taxable","11":"shipping-taxable","12":"product-type-simple"},"acf":[],"yoast_head":"<!-- This site is optimized with the Yoast SEO plugin v27.4 - https:\/\/yoast.com\/product\/yoast-seo-wordpress\/ -->\n<title>Safebox<\/title>\n<meta name=\"description\" content=\"SAFEBOX est un syst\u00e8me de paiement automatique qui vous permet d&#039;automatiser et d&#039;optimiser les processus de gestion de tr\u00e9sorerie dans les points de vente.\" \/>\n<meta name=\"robots\" content=\"index, follow, max-snippet:-1, max-image-preview:large, max-video-preview:-1\" \/>\n<link rel=\"canonical\" href=\"http:\/\/SAFEBOX%20est%20un%20syst\u00e8me%20de%20paiement%20automatique%20qui%20vous%20permet%20d'automatiser%20et%20d'optimiser%20les%20processus%20de%20gestion%20de%20tr\u00e9sorerie%20dans%20les%20points%20de%20vente.\" \/>\n<meta property=\"og:locale\" content=\"fr_FR\" \/>\n<meta property=\"og:type\" content=\"article\" \/>\n<meta property=\"og:title\" content=\"Safebox\" \/>\n<meta property=\"og:description\" content=\"SAFEBOX est un syst\u00e8me de paiement automatique qui vous permet d&#039;automatiser et d&#039;optimiser les processus de gestion de tr\u00e9sorerie dans les points de vente.\" \/>\n<meta property=\"og:url\" content=\"https:\/\/safebox.cash\/fr\/product\/safebox\/\" \/>\n<meta property=\"og:site_name\" content=\"SAFEBOX\" \/>\n<meta property=\"article:modified_time\" content=\"2025-07-24T17:39:22+00:00\" \/>\n<meta property=\"og:image\" content=\"https:\/\/safebox.cash\/wp-content\/uploads\/2025\/04\/safebox.webp\" \/>\n\t<meta property=\"og:image:width\" content=\"566\" \/>\n\t<meta property=\"og:image:height\" content=\"566\" \/>\n\t<meta property=\"og:image:type\" content=\"image\/webp\" \/>\n<meta name=\"twitter:card\" content=\"summary_large_image\" \/>\n<meta name=\"twitter:label1\" content=\"Dur\u00e9e de lecture estim\u00e9e\" \/>\n\t<meta name=\"twitter:data1\" content=\"1 minute\" \/>\n<script type=\"application\/ld+json\" class=\"yoast-schema-graph\">{\"@context\":\"https:\\\/\\\/schema.org\",\"@graph\":[{\"@type\":\"WebPage\",\"@id\":\"https:\\\/\\\/safebox.cash\\\/fr\\\/product\\\/safebox\\\/\",\"url\":\"https:\\\/\\\/safebox.cash\\\/fr\\\/product\\\/safebox\\\/\",\"name\":\"Safebox - SAFEBOX\",\"isPartOf\":{\"@id\":\"https:\\\/\\\/safebox.cash\\\/#website\"},\"primaryImageOfPage\":{\"@id\":\"https:\\\/\\\/safebox.cash\\\/fr\\\/product\\\/safebox\\\/#primaryimage\"},\"image\":{\"@id\":\"https:\\\/\\\/safebox.cash\\\/fr\\\/product\\\/safebox\\\/#primaryimage\"},\"thumbnailUrl\":\"https:\\\/\\\/safebox.cash\\\/wp-content\\\/uploads\\\/2025\\\/04\\\/safebox.webp\",\"datePublished\":\"2025-04-01T09:37:16+00:00\",\"dateModified\":\"2025-07-24T17:39:22+00:00\",\"breadcrumb\":{\"@id\":\"https:\\\/\\\/safebox.cash\\\/fr\\\/product\\\/safebox\\\/#breadcrumb\"},\"inLanguage\":\"fr-FR\",\"potentialAction\":[{\"@type\":\"ReadAction\",\"target\":[\"https:\\\/\\\/safebox.cash\\\/fr\\\/product\\\/safebox\\\/\"]}]},{\"@type\":\"ImageObject\",\"inLanguage\":\"fr-FR\",\"@id\":\"https:\\\/\\\/safebox.cash\\\/fr\\\/product\\\/safebox\\\/#primaryimage\",\"url\":\"https:\\\/\\\/safebox.cash\\\/wp-content\\\/uploads\\\/2025\\\/04\\\/safebox.webp\",\"contentUrl\":\"https:\\\/\\\/safebox.cash\\\/wp-content\\\/uploads\\\/2025\\\/04\\\/safebox.webp\",\"width\":566,\"height\":566},{\"@type\":\"BreadcrumbList\",\"@id\":\"https:\\\/\\\/safebox.cash\\\/fr\\\/product\\\/safebox\\\/#breadcrumb\",\"itemListElement\":[{\"@type\":\"ListItem\",\"position\":1,\"name\":\"Accueil\",\"item\":\"https:\\\/\\\/safebox.cash\\\/\"},{\"@type\":\"ListItem\",\"position\":2,\"name\":\"Safebox\"}]},{\"@type\":\"WebSite\",\"@id\":\"https:\\\/\\\/safebox.cash\\\/fr\\\/#website\",\"url\":\"https:\\\/\\\/safebox.cash\\\/fr\\\/\",\"name\":\"SAFEBOX\",\"description\":\"\",\"publisher\":{\"@id\":\"https:\\\/\\\/safebox.cash\\\/fr\\\/#organization\"},\"potentialAction\":[{\"@type\":\"SearchAction\",\"target\":{\"@type\":\"EntryPoint\",\"urlTemplate\":\"https:\\\/\\\/safebox.cash\\\/fr\\\/?s={search_term_string}\"},\"query-input\":{\"@type\":\"PropertyValueSpecification\",\"valueRequired\":true,\"valueName\":\"search_term_string\"}}],\"inLanguage\":\"fr-FR\"},{\"@type\":\"Organization\",\"@id\":\"https:\\\/\\\/safebox.cash\\\/fr\\\/#organization\",\"name\":\"SAFEBOX\",\"url\":\"https:\\\/\\\/safebox.cash\\\/fr\\\/\",\"logo\":{\"@type\":\"ImageObject\",\"inLanguage\":\"fr-FR\",\"@id\":\"https:\\\/\\\/safebox.cash\\\/fr\\\/#\\\/schema\\\/logo\\\/image\\\/\",\"url\":\"https:\\\/\\\/safebox.cash\\\/wp-content\\\/uploads\\\/2025\\\/03\\\/SafeboxLogo-b.svg\",\"contentUrl\":\"https:\\\/\\\/safebox.cash\\\/wp-content\\\/uploads\\\/2025\\\/03\\\/SafeboxLogo-b.svg\",\"width\":306,\"height\":50,\"caption\":\"SAFEBOX\"},\"image\":{\"@id\":\"https:\\\/\\\/safebox.cash\\\/fr\\\/#\\\/schema\\\/logo\\\/image\\\/\"}}]}<\/script>\n<!-- \/ Yoast SEO plugin. -->","yoast_head_json":{"title":"Safebox","description":"SAFEBOX est un syst\u00e8me de paiement automatique qui vous permet d'automatiser et d'optimiser les processus de gestion de tr\u00e9sorerie dans les points de vente.","robots":{"index":"index","follow":"follow","max-snippet":"max-snippet:-1","max-image-preview":"max-image-preview:large","max-video-preview":"max-video-preview:-1"},"canonical":"SAFEBOX est un syst\u00e8me de paiement automatique qui vous permet d'automatiser et d'optimiser les processus de gestion de tr\u00e9sorerie dans les points de vente.","og_locale":"fr_FR","og_type":"article","og_title":"Safebox","og_description":"SAFEBOX est un syst\u00e8me de paiement automatique qui vous permet d'automatiser et d'optimiser les processus de gestion de tr\u00e9sorerie dans les points de vente.","og_url":"https:\/\/safebox.cash\/fr\/product\/safebox\/","og_site_name":"SAFEBOX","article_modified_time":"2025-07-24T17:39:22+00:00","og_image":[{"width":566,"height":566,"url":"https:\/\/safebox.cash\/wp-content\/uploads\/2025\/04\/safebox.webp","type":"image\/webp"}],"twitter_card":"summary_large_image","twitter_misc":{"Dur\u00e9e de lecture estim\u00e9e":"1 minute"},"schema":{"@context":"https:\/\/schema.org","@graph":[{"@type":"WebPage","@id":"https:\/\/safebox.cash\/fr\/product\/safebox\/","url":"https:\/\/safebox.cash\/fr\/product\/safebox\/","name":"Safebox - SAFEBOX","isPartOf":{"@id":"https:\/\/safebox.cash\/#website"},"primaryImageOfPage":{"@id":"https:\/\/safebox.cash\/fr\/product\/safebox\/#primaryimage"},"image":{"@id":"https:\/\/safebox.cash\/fr\/product\/safebox\/#primaryimage"},"thumbnailUrl":"https:\/\/safebox.cash\/wp-content\/uploads\/2025\/04\/safebox.webp","datePublished":"2025-04-01T09:37:16+00:00","dateModified":"2025-07-24T17:39:22+00:00","breadcrumb":{"@id":"https:\/\/safebox.cash\/fr\/product\/safebox\/#breadcrumb"},"inLanguage":"fr-FR","potentialAction":[{"@type":"ReadAction","target":["https:\/\/safebox.cash\/fr\/product\/safebox\/"]}]},{"@type":"ImageObject","inLanguage":"fr-FR","@id":"https:\/\/safebox.cash\/fr\/product\/safebox\/#primaryimage","url":"https:\/\/safebox.cash\/wp-content\/uploads\/2025\/04\/safebox.webp","contentUrl":"https:\/\/safebox.cash\/wp-content\/uploads\/2025\/04\/safebox.webp","width":566,"height":566},{"@type":"BreadcrumbList","@id":"https:\/\/safebox.cash\/fr\/product\/safebox\/#breadcrumb","itemListElement":[{"@type":"ListItem","position":1,"name":"Accueil","item":"https:\/\/safebox.cash\/"},{"@type":"ListItem","position":2,"name":"Safebox"}]},{"@type":"WebSite","@id":"https:\/\/safebox.cash\/fr\/#website","url":"https:\/\/safebox.cash\/fr\/","name":"SAFEBOX","description":"","publisher":{"@id":"https:\/\/safebox.cash\/fr\/#organization"},"potentialAction":[{"@type":"SearchAction","target":{"@type":"EntryPoint","urlTemplate":"https:\/\/safebox.cash\/fr\/?s={search_term_string}"},"query-input":{"@type":"PropertyValueSpecification","valueRequired":true,"valueName":"search_term_string"}}],"inLanguage":"fr-FR"},{"@type":"Organization","@id":"https:\/\/safebox.cash\/fr\/#organization","name":"SAFEBOX","url":"https:\/\/safebox.cash\/fr\/","logo":{"@type":"ImageObject","inLanguage":"fr-FR","@id":"https:\/\/safebox.cash\/fr\/#\/schema\/logo\/image\/","url":"https:\/\/safebox.cash\/wp-content\/uploads\/2025\/03\/SafeboxLogo-b.svg","contentUrl":"https:\/\/safebox.cash\/wp-content\/uploads\/2025\/03\/SafeboxLogo-b.svg","width":306,"height":50,"caption":"SAFEBOX"},"image":{"@id":"https:\/\/safebox.cash\/fr\/#\/schema\/logo\/image\/"}}]}},"_links":{"self":[{"href":"https:\/\/safebox.cash\/fr\/wp-json\/wp\/v2\/product\/6769","targetHints":{"allow":["GET"]}}],"collection":[{"href":"https:\/\/safebox.cash\/fr\/wp-json\/wp\/v2\/product"}],"about":[{"href":"https:\/\/safebox.cash\/fr\/wp-json\/wp\/v2\/types\/product"}],"wp:featuredmedia":[{"embeddable":true,"href":"https:\/\/safebox.cash\/fr\/wp-json\/wp\/v2\/media\/6890"}],"wp:attachment":[{"href":"https:\/\/safebox.cash\/fr\/wp-json\/wp\/v2\/media?parent=6769"}],"wp:term":[{"taxonomy":"product_brand","embeddable":true,"href":"https:\/\/safebox.cash\/fr\/wp-json\/wp\/v2\/product_brand?post=6769"},{"taxonomy":"product_cat","embeddable":true,"href":"https:\/\/safebox.cash\/fr\/wp-json\/wp\/v2\/product_cat?post=6769"},{"taxonomy":"product_tag","embeddable":true,"href":"https:\/\/safebox.cash\/fr\/wp-json\/wp\/v2\/product_tag?post=6769"}],"curies":[{"name":"wp","href":"https:\/\/api.w.org\/{rel}","templated":true}]}}