{"id":6704,"date":"2025-04-01T09:27:30","date_gmt":"2025-04-01T09:27:30","guid":{"rendered":"https:\/\/dev.safebox.cash\/?page_id=6704"},"modified":"2025-04-01T09:27:30","modified_gmt":"2025-04-01T09:27:30","slug":"resolucao-alternativa-de-conflictos","status":"publish","type":"page","link":"https:\/\/safebox.cash\/fr\/reglement-alternatif-des-litiges\/","title":{"rendered":"R\u00e8glement alternatif des litiges"},"content":{"rendered":"<p><strong>Information des consommateurs (loi n\u00b0 144\/2015 du 8 septembre)<\/strong><\/p>\n<p>Nos Clients sont inform\u00e9s que nous sommes disponibles pour toute clarification ou r\u00e9solution de tout probl\u00e8me li\u00e9 aux services fournis et\/ou aux biens fournis par cette soci\u00e9t\u00e9. Veuillez noter que vous pouvez, en tant que consommateurs, en cas de litige relatif aux obligations contractuelles r\u00e9sultant de contrats d&rsquo;achat et de vente ou de services fournis \u00e0 l&rsquo;entit\u00e9 alternative de r\u00e8glement des litiges suivante&nbsp;:<\/p>\n<p><strong>CNIACC \u2013 Centre National d\u2019Information et d\u2019Arbitrage des Conflits de Consommation<\/strong><br \/>\nRua D. Afonso Henriques, 1<br \/>\n4700-030 Braga<\/p>\n<p><strong>T\u00e9l\u00e9phone:<\/strong>&nbsp;253 619 107 (Appel vers le r\u00e9seau fixe national.) \u2013 de 09h00 \u00e0 16h00<br \/>\n<strong>E-mail:<\/strong><a href=\"mailto:geral@cniacc.pt\">geral@cniacc.pt<\/a><br \/>\n<strong>Site web:&nbsp;<\/strong><a href=\"https:\/\/www.cniacc.pt\/\">https:\/\/www.cniacc.pt\/<\/a><\/p>\n<p>Pour plus d&rsquo;informations, vous pouvez \u00e9galement consulter le Portail Consommateur \u2013&nbsp;<a href=\"https:\/\/www.consumidor.pt\/\">www.consumidor.pt<\/a><\/p>\n","protected":false},"excerpt":{"rendered":"<p>Information des consommateurs (loi n\u00b0 144\/2015 du 8 septembre) Nos Clients sont inform\u00e9s que nous sommes disponibles pour toute clarification ou r\u00e9solution de tout probl\u00e8me li\u00e9 aux services fournis et\/ou aux biens fournis par cette soci\u00e9t\u00e9. Veuillez noter que vous pouvez, en tant que consommateurs, en cas de litige relatif aux obligations contractuelles r\u00e9sultant de [&hellip;]<\/p>\n","protected":false},"author":1,"featured_media":0,"parent":0,"menu_order":0,"comment_status":"closed","ping_status":"closed","template":"","meta":{"_acf_changed":false,"footnotes":""},"class_list":["post-6704","page","type-page","status-publish","hentry"],"acf":[],"yoast_head":"<!-- This site is optimized with the Yoast SEO plugin v27.4 - https:\/\/yoast.com\/product\/yoast-seo-wordpress\/ -->\n<title>R\u00e8glement alternatif des litiges<\/title>\n<meta name=\"description\" content=\"Information des consommateurs (loi n\u00b0 144\/2015 du 8 septembre) Nos Clients sont inform\u00e9s que nous sommes disponibles pour toute clarification ou r\u00e9solution de tout probl\u00e8me li\u00e9 aux services fournis et\/ou aux biens fournis par cette soci\u00e9t\u00e9. Veuillez noter que vous pouvez, en tant que consommateurs, en cas de litige relatif aux obligations contractuelles r\u00e9sultant de\u2026\" \/>\n<meta name=\"robots\" content=\"index, follow, max-snippet:-1, max-image-preview:large, max-video-preview:-1\" \/>\n<link rel=\"canonical\" href=\"http:\/\/Information%20des%20consommateurs%20(loi%20n\u00b0%20144\/2015%20du%208%20septembre)%20Nos%20Clients%20sont%20inform\u00e9s%20que%20nous%20sommes%20disponibles%20pour%20toute%20clarification%20ou%20r\u00e9solution%20de%20tout%20probl\u00e8me%20li\u00e9%20aux%20services%20fournis%20et\/ou%20aux%20biens%20fournis%20par%20cette%20soci\u00e9t\u00e9.%20Veuillez%20noter%20que%20vous%20pouvez,%20en%20tant%20que%20consommateurs,%20en%20cas%20de%20litige%20relatif%20aux%20obligations%20contractuelles%20r\u00e9sultant%20de\u2026\" \/>\n<meta property=\"og:locale\" content=\"fr_FR\" \/>\n<meta property=\"og:type\" content=\"article\" \/>\n<meta property=\"og:title\" content=\"R\u00e8glement alternatif des litiges\" \/>\n<meta property=\"og:description\" content=\"Information des consommateurs (loi n\u00b0 144\/2015 du 8 septembre) Nos Clients sont inform\u00e9s que nous sommes disponibles pour toute clarification ou r\u00e9solution de tout probl\u00e8me li\u00e9 aux services fournis et\/ou aux biens fournis par cette soci\u00e9t\u00e9. Veuillez noter que vous pouvez, en tant que consommateurs, en cas de litige relatif aux obligations contractuelles r\u00e9sultant de\u2026\" \/>\n<meta property=\"og:url\" content=\"https:\/\/safebox.cash\/fr\/reglement-alternatif-des-litiges\/\" \/>\n<meta property=\"og:site_name\" content=\"SAFEBOX\" \/>\n<meta name=\"twitter:card\" content=\"summary_large_image\" \/>\n<meta name=\"twitter:label1\" content=\"Dur\u00e9e de lecture estim\u00e9e\" \/>\n\t<meta name=\"twitter:data1\" content=\"1 minute\" \/>\n<script type=\"application\/ld+json\" class=\"yoast-schema-graph\">{\"@context\":\"https:\\\/\\\/schema.org\",\"@graph\":[{\"@type\":\"WebPage\",\"@id\":\"https:\\\/\\\/safebox.cash\\\/fr\\\/reglement-alternatif-des-litiges\\\/\",\"url\":\"https:\\\/\\\/safebox.cash\\\/fr\\\/reglement-alternatif-des-litiges\\\/\",\"name\":\"Resolu\u00e7\u00e3o Alternativa de Conflitos - SAFEBOX\",\"isPartOf\":{\"@id\":\"https:\\\/\\\/safebox.cash\\\/#website\"},\"datePublished\":\"2025-04-01T09:27:30+00:00\",\"breadcrumb\":{\"@id\":\"https:\\\/\\\/safebox.cash\\\/fr\\\/reglement-alternatif-des-litiges\\\/#breadcrumb\"},\"inLanguage\":\"fr-FR\",\"potentialAction\":[{\"@type\":\"ReadAction\",\"target\":[\"https:\\\/\\\/safebox.cash\\\/fr\\\/reglement-alternatif-des-litiges\\\/\"]}]},{\"@type\":\"BreadcrumbList\",\"@id\":\"https:\\\/\\\/safebox.cash\\\/fr\\\/reglement-alternatif-des-litiges\\\/#breadcrumb\",\"itemListElement\":[{\"@type\":\"ListItem\",\"position\":1,\"name\":\"Accueil\",\"item\":\"https:\\\/\\\/safebox.cash\\\/\"},{\"@type\":\"ListItem\",\"position\":2,\"name\":\"R\u00e8glement alternatif des litiges\"}]},{\"@type\":\"WebSite\",\"@id\":\"https:\\\/\\\/safebox.cash\\\/fr\\\/#website\",\"url\":\"https:\\\/\\\/safebox.cash\\\/fr\\\/\",\"name\":\"SAFEBOX\",\"description\":\"\",\"publisher\":{\"@id\":\"https:\\\/\\\/safebox.cash\\\/fr\\\/#organization\"},\"potentialAction\":[{\"@type\":\"SearchAction\",\"target\":{\"@type\":\"EntryPoint\",\"urlTemplate\":\"https:\\\/\\\/safebox.cash\\\/fr\\\/?s={search_term_string}\"},\"query-input\":{\"@type\":\"PropertyValueSpecification\",\"valueRequired\":true,\"valueName\":\"search_term_string\"}}],\"inLanguage\":\"fr-FR\"},{\"@type\":\"Organization\",\"@id\":\"https:\\\/\\\/safebox.cash\\\/fr\\\/#organization\",\"name\":\"SAFEBOX\",\"url\":\"https:\\\/\\\/safebox.cash\\\/fr\\\/\",\"logo\":{\"@type\":\"ImageObject\",\"inLanguage\":\"fr-FR\",\"@id\":\"https:\\\/\\\/safebox.cash\\\/fr\\\/#\\\/schema\\\/logo\\\/image\\\/\",\"url\":\"https:\\\/\\\/safebox.cash\\\/wp-content\\\/uploads\\\/2025\\\/03\\\/SafeboxLogo-b.svg\",\"contentUrl\":\"https:\\\/\\\/safebox.cash\\\/wp-content\\\/uploads\\\/2025\\\/03\\\/SafeboxLogo-b.svg\",\"width\":306,\"height\":50,\"caption\":\"SAFEBOX\"},\"image\":{\"@id\":\"https:\\\/\\\/safebox.cash\\\/fr\\\/#\\\/schema\\\/logo\\\/image\\\/\"}}]}<\/script>\n<!-- \/ Yoast SEO plugin. -->","yoast_head_json":{"title":"R\u00e8glement alternatif des litiges","description":"Information des consommateurs (loi n\u00b0 144\/2015 du 8 septembre) Nos Clients sont inform\u00e9s que nous sommes disponibles pour toute clarification ou r\u00e9solution de tout probl\u00e8me li\u00e9 aux services fournis et\/ou aux biens fournis par cette soci\u00e9t\u00e9. Veuillez noter que vous pouvez, en tant que consommateurs, en cas de litige relatif aux obligations contractuelles r\u00e9sultant de\u2026","robots":{"index":"index","follow":"follow","max-snippet":"max-snippet:-1","max-image-preview":"max-image-preview:large","max-video-preview":"max-video-preview:-1"},"canonical":"Information des consommateurs (loi n\u00b0 144\/2015 du 8 septembre) Nos Clients sont inform\u00e9s que nous sommes disponibles pour toute clarification ou r\u00e9solution de tout probl\u00e8me li\u00e9 aux services fournis et\/ou aux biens fournis par cette soci\u00e9t\u00e9. Veuillez noter que vous pouvez, en tant que consommateurs, en cas de litige relatif aux obligations contractuelles r\u00e9sultant de\u2026","og_locale":"fr_FR","og_type":"article","og_title":"R\u00e8glement alternatif des litiges","og_description":"Information des consommateurs (loi n\u00b0 144\/2015 du 8 septembre) Nos Clients sont inform\u00e9s que nous sommes disponibles pour toute clarification ou r\u00e9solution de tout probl\u00e8me li\u00e9 aux services fournis et\/ou aux biens fournis par cette soci\u00e9t\u00e9. Veuillez noter que vous pouvez, en tant que consommateurs, en cas de litige relatif aux obligations contractuelles r\u00e9sultant de\u2026","og_url":"https:\/\/safebox.cash\/fr\/reglement-alternatif-des-litiges\/","og_site_name":"SAFEBOX","twitter_card":"summary_large_image","twitter_misc":{"Dur\u00e9e de lecture estim\u00e9e":"1 minute"},"schema":{"@context":"https:\/\/schema.org","@graph":[{"@type":"WebPage","@id":"https:\/\/safebox.cash\/fr\/reglement-alternatif-des-litiges\/","url":"https:\/\/safebox.cash\/fr\/reglement-alternatif-des-litiges\/","name":"Resolu\u00e7\u00e3o Alternativa de Conflitos - SAFEBOX","isPartOf":{"@id":"https:\/\/safebox.cash\/#website"},"datePublished":"2025-04-01T09:27:30+00:00","breadcrumb":{"@id":"https:\/\/safebox.cash\/fr\/reglement-alternatif-des-litiges\/#breadcrumb"},"inLanguage":"fr-FR","potentialAction":[{"@type":"ReadAction","target":["https:\/\/safebox.cash\/fr\/reglement-alternatif-des-litiges\/"]}]},{"@type":"BreadcrumbList","@id":"https:\/\/safebox.cash\/fr\/reglement-alternatif-des-litiges\/#breadcrumb","itemListElement":[{"@type":"ListItem","position":1,"name":"Accueil","item":"https:\/\/safebox.cash\/"},{"@type":"ListItem","position":2,"name":"R\u00e8glement alternatif des litiges"}]},{"@type":"WebSite","@id":"https:\/\/safebox.cash\/fr\/#website","url":"https:\/\/safebox.cash\/fr\/","name":"SAFEBOX","description":"","publisher":{"@id":"https:\/\/safebox.cash\/fr\/#organization"},"potentialAction":[{"@type":"SearchAction","target":{"@type":"EntryPoint","urlTemplate":"https:\/\/safebox.cash\/fr\/?s={search_term_string}"},"query-input":{"@type":"PropertyValueSpecification","valueRequired":true,"valueName":"search_term_string"}}],"inLanguage":"fr-FR"},{"@type":"Organization","@id":"https:\/\/safebox.cash\/fr\/#organization","name":"SAFEBOX","url":"https:\/\/safebox.cash\/fr\/","logo":{"@type":"ImageObject","inLanguage":"fr-FR","@id":"https:\/\/safebox.cash\/fr\/#\/schema\/logo\/image\/","url":"https:\/\/safebox.cash\/wp-content\/uploads\/2025\/03\/SafeboxLogo-b.svg","contentUrl":"https:\/\/safebox.cash\/wp-content\/uploads\/2025\/03\/SafeboxLogo-b.svg","width":306,"height":50,"caption":"SAFEBOX"},"image":{"@id":"https:\/\/safebox.cash\/fr\/#\/schema\/logo\/image\/"}}]}},"_links":{"self":[{"href":"https:\/\/safebox.cash\/fr\/wp-json\/wp\/v2\/pages\/6704","targetHints":{"allow":["GET"]}}],"collection":[{"href":"https:\/\/safebox.cash\/fr\/wp-json\/wp\/v2\/pages"}],"about":[{"href":"https:\/\/safebox.cash\/fr\/wp-json\/wp\/v2\/types\/page"}],"author":[{"embeddable":true,"href":"https:\/\/safebox.cash\/fr\/wp-json\/wp\/v2\/users\/1"}],"replies":[{"embeddable":true,"href":"https:\/\/safebox.cash\/fr\/wp-json\/wp\/v2\/comments?post=6704"}],"version-history":[{"count":0,"href":"https:\/\/safebox.cash\/fr\/wp-json\/wp\/v2\/pages\/6704\/revisions"}],"wp:attachment":[{"href":"https:\/\/safebox.cash\/fr\/wp-json\/wp\/v2\/media?parent=6704"}],"curies":[{"name":"wp","href":"https:\/\/api.w.org\/{rel}","templated":true}]}}