{"id":6702,"date":"2025-04-01T09:24:56","date_gmt":"2025-04-01T09:24:56","guid":{"rendered":"https:\/\/dev.safebox.cash\/?page_id=6702"},"modified":"2025-04-01T09:24:56","modified_gmt":"2025-04-01T09:24:56","slug":"politica-de-privacidade","status":"publish","type":"page","link":"https:\/\/safebox.cash\/fr\/politique-de-confidentialite\/","title":{"rendered":"Politique de Confidentialit\u00e9"},"content":{"rendered":"<p>Dans ce document, nous nous effor\u00e7ons d&rsquo;expliquer quelles donn\u00e9es \u00e0 caract\u00e8re personnel nous collectons, \u00e0 quelles fins nous pouvons les utiliser, comment nous les traitons, avec qui nous les partageons, combien de temps nous les conservons, ainsi que la mani\u00e8re de nous contacter et d&rsquo;exercer vos droits.<\/p>\n<p>&nbsp;<\/p>\n<h4>R\u00e8glement G\u00e9n\u00e9ral sur la Protection des Donn\u00e9es<\/h4>\n<p>Le nouveau GDPR \u00e9tablit les r\u00e8gles r\u00e9gissant le traitement par une personne, une entreprise ou une organisation de donn\u00e9es personnelles concernant des personnes dans l&rsquo;Union europ\u00e9enne (UE).<\/p>\n<p>Le GDPR prot\u00e8ge les donn\u00e9es personnelles ind\u00e9pendamment de la technologie utilis\u00e9e pour les traiter, la protection est neutre sur le plan technologique et s&rsquo;applique \u00e0 la fois au traitement automatis\u00e9 et au traitement manuel, tant que les donn\u00e9es sont organis\u00e9es selon des crit\u00e8res pr\u00e9d\u00e9finis (par exemple, par ordre alphab\u00e9tique). La mani\u00e8re dont les donn\u00e9es sont stock\u00e9es, dans un syst\u00e8me informatique, par vid\u00e9osurveillance ou sur papier, n&rsquo;a pas non plus d&rsquo;importance ; dans tous ces cas, les donn\u00e9es \u00e0 caract\u00e8re personnel sont soumises aux exigences de protection du GDPR.<\/p>\n<p>&nbsp;<\/p>\n<h4>Qui est le Responsable du Traitement des Donn\u00e9es ?<\/h4>\n<p>Reage Lda est responsable du traitement des donn\u00e9es personnelles dans le cadre du GDPR.<\/p>\n<p>&nbsp;<\/p>\n<h4>Traitement des donn\u00e9es \u00e0 caract\u00e8re personnel, champ d&rsquo;application et modification de la politique de confidentialit\u00e9<\/h4>\n<p>En fournissant ses donn\u00e9es personnelles, la personne concern\u00e9e consent \u00e0 ce qu&rsquo;elles soient trait\u00e9es conform\u00e9ment \u00e0 la pr\u00e9sente politique de confidentialit\u00e9.<\/p>\n<p>La pr\u00e9sente politique de confidentialit\u00e9 s&rsquo;applique aux donn\u00e9es fournies directement par la personne concern\u00e9e ou collect\u00e9es lorsque la personne concern\u00e9e acc\u00e8de aux plateformes et services num\u00e9riques de Reage Lda.<\/p>\n<p>La pr\u00e9sente politique de confidentialit\u00e9 s&rsquo;applique aux donn\u00e9es fournies directement par la personne concern\u00e9e ou collect\u00e9es lorsque la personne concern\u00e9e acc\u00e8de aux plateformes et services num\u00e9riques de Reage Lda.<\/p>\n<p>&nbsp;<\/p>\n<h4>Quel type d&rsquo;informations est collect\u00e9 ?<\/h4>\n<p>Nous collectons deux types d&rsquo;informations : les informations personnelles et les informations anonymes. Les informations anonymes sont collect\u00e9es lorsque la personne concern\u00e9e visite les plates-formes num\u00e9riques et sont destin\u00e9es \u00e0 am\u00e9liorer le fonctionnement des plates-formes, y compris la gestion et la hi\u00e9rarchisation du contenu. Les informations personnelles sont fournies volontairement par la personne concern\u00e9e au moment de l&rsquo;enregistrement facultatif. Toutes les donn\u00e9es collect\u00e9es sont trait\u00e9es automatiquement et les informations collect\u00e9es aupr\u00e8s de la personne concern\u00e9e sont crypt\u00e9es et g\u00e9r\u00e9es avec une s\u00e9curit\u00e9 avanc\u00e9e.<\/p>\n<p>L&rsquo;enregistrement permet au titulaire des donn\u00e9es personnelles d&rsquo;acc\u00e9der aux services fournis par Reage Lda.<\/p>\n<p>&nbsp;<\/p>\n<h4>Qu&rsquo;est-ce qu&rsquo;une donn\u00e9e \u00e0 caract\u00e8re personnel?<\/h4>\n<p>Les donn\u00e9es \u00e0 caract\u00e8re personnel sont des informations relatives \u00e0 une personne identifi\u00e9e ou identifiable. Une personne identifiable est une personne qui peut \u00eatre identifi\u00e9e directement ou indirectement. Les donn\u00e9es \u00e0 caract\u00e8re personnel sont \u00e9galement l&rsquo;ensemble des \u00e9l\u00e9ments d&rsquo;information distincts qui peuvent conduire \u00e0 l&rsquo;identification d&rsquo;une personne sp\u00e9cifique.<\/p>\n<p>Exemples de donn\u00e9es personnelles:<\/p>\n<ul>\n<li>Nom et pr\u00e9nom;<\/li>\n<li>Adresse d&rsquo;une r\u00e9sidence;<\/li>\n<li>Adresse \u00e9lectronique;<\/li>\n<li>Num\u00e9ro de la carte d&rsquo;identit\u00e9;<\/li>\n<li>Donn\u00e9es de localisation (par exemple, la fonction de donn\u00e9es de localisation d&rsquo;un t\u00e9l\u00e9phone portable);<\/li>\n<li>Adresse IP (protocole internet);<\/li>\n<li>Cookies;<\/li>\n<li>L&rsquo;identifiant publicitaire de votre t\u00e9l\u00e9phone;<\/li>\n<li>Donn\u00e9es d\u00e9tenues par un h\u00f4pital ou un m\u00e9decin qui permettent d&rsquo;identifier une personne sans \u00e9quivoque;<\/li>\n<li>Son ou image.<\/li>\n<\/ul>\n<h4>Qui est la personne concern\u00e9e?<\/h4>\n<p>Le titulaire des donn\u00e9es personnelles est la personne physique \u00e0 laquelle les donn\u00e9es se rapportent et qui a utilis\u00e9 les plateformes num\u00e9riques et les services de Reage Lda.<\/p>\n<p>&nbsp;<\/p>\n<h4>Cat\u00e9gories de donn\u00e9es \u00e0 caract\u00e8re personnel<\/h4>\n<p>TYPES<\/p>\n<p>DONN\u00c9ES<\/p>\n<p>Identifiants cl\u00e9s<\/p>\n<p>Nom, num\u00e9ro d&rsquo;identification civile ou fiscale, num\u00e9ro de passeport, date de naissance, \u00e9tat civil, adresse, num\u00e9ro de t\u00e9l\u00e9phone, adresse \u00e9lectronique, nationalit\u00e9, photographies et fichiers de l&rsquo;appareil mobile, coordonn\u00e9es du m\u00e9nage, d\u00e9tails des relations familiales.<\/p>\n<p>\u00c9tiquettes compl\u00e9mentaires<\/p>\n<p>IBAN, g\u00e9olocalisation, niveau d&rsquo;\u00e9ducation, sexe, profession, donn\u00e9es socio-\u00e9conomiques, identifiant personnel, adresse IP, adresses de r\u00e9seaux sociaux, type d&rsquo;appareil mobile, syst\u00e8me d&rsquo;exploitation, version du syst\u00e8me d&rsquo;exploitation.<\/p>\n<p>Protection sp\u00e9ciale<\/p>\n<p>Donn\u00e9es personnelles des enfants de moins de 16 ans.<\/p>\n<p>&nbsp;<\/p>\n<h4>Quand et comment recueillons-nous vos donn\u00e9es personnelles?<\/h4>\n<p>Nous recueillons des donn\u00e9es personnelles lorsque vous achetez des produits ou des services aupr\u00e8s de Reage Lda, lorsque vous demandez un devis ou lorsque vous r\u00e9servez un service. La collecte peut se faire oralement, par \u00e9crit ou via des plateformes num\u00e9riques.<\/p>\n<p>&nbsp;<\/p>\n<h4>Quelle est la base du traitement de vos donn\u00e9es personnelles?<\/h4>\n<p><strong>Consentement<\/strong><br \/>\nVotre consentement doit \u00eatre exprim\u00e9 \u2013 par \u00e9crit, oralement ou en validant une option \u2013 et pr\u00e9alable, fourni de mani\u00e8re libre, \u00e9clair\u00e9e, pr\u00e9cise et sans ambigu\u00eft\u00e9 ; ou<br \/>\n<strong>Ex\u00e9cution du contrat et mesures pr\u00e9contractuelles<\/strong><br \/>\nLorsque le traitement des donn\u00e9es personnelles est n\u00e9cessaire \u00e0 la conclusion, \u00e0 l&rsquo;ex\u00e9cution et \u00e0 la gestion d&rsquo;un contrat conclu avec Reage Lda ; ou<br \/>\n<strong>Respect de l&rsquo;obligation l\u00e9gale<\/strong><br \/>\nLorsque le traitement des donn\u00e9es personnelles est n\u00e9cessaire pour respecter une obligation l\u00e9gale \u00e0 laquelle Reage Lda est soumise, comme, par exemple, la communication de donn\u00e9es d&rsquo;identification ou de trafic \u00e0 des entit\u00e9s polici\u00e8res, judiciaires, fiscales ou r\u00e9glementaires ou des donn\u00e9es de localisation pour assurer les services d&rsquo;urgence. ; ou<br \/>\n<strong>Int\u00e9r\u00eat l\u00e9gitime<\/strong><br \/>\nLe traitement des donn\u00e9es personnelles par Reage Lda peut \u00eatre justifi\u00e9 par des raisons d&rsquo;int\u00e9r\u00eat l\u00e9gitime li\u00e9es \u00e0 l&rsquo;ex\u00e9cution de t\u00e2ches li\u00e9es \u00e0 son activit\u00e9 en tant qu&rsquo;entreprise, telles que le traitement des donn\u00e9es pour am\u00e9liorer la qualit\u00e9 du service, la d\u00e9tection des fraudes et la protection des revenus et lorsque nos raisons le justifient. son utilisation doit pr\u00e9valoir sur vos droits en mati\u00e8re de protection des donn\u00e9es.<\/p>\n<p>&nbsp;<\/p>\n<h4>Pendant combien de temps Reage Lda. traite et conserve vos donn\u00e9es personnelles?<\/h4>\n<p>Reage Lda. traite et conserve vos donn\u00e9es personnelles conform\u00e9ment aux finalit\u00e9s pour lesquelles elles sont trait\u00e9es et uniquement pendant la dur\u00e9e n\u00e9cessaire \u00e0 la r\u00e9alisation des finalit\u00e9s qui ont motiv\u00e9 leur collecte et leur conservation, et toujours conform\u00e9ment \u00e0 la loi, aux directives et aux d\u00e9cisions de la CNPD, ou, selon ce qui est applicable, jusqu&rsquo;\u00e0 ce que vous exerciez votre droit d&rsquo;opposition, votre droit \u00e0 l&rsquo;oubli ou au retrait de votre consentement.<\/p>\n<p>Il existe des situations dans lesquelles la loi d\u00e9termine la conservation des donn\u00e9es pour une dur\u00e9e minimale, \u00e0 savoir : pendant un an, les donn\u00e9es de trafic et de localisation \u00e0 des fins d&rsquo;enqu\u00eate, de d\u00e9tection et de r\u00e9pression d&rsquo;infractions graves ou pendant 10 ans les donn\u00e9es n\u00e9cessaires \u00e0 l&rsquo;information pour l&rsquo;administration fiscale.<\/p>\n<p>Apr\u00e8s l&rsquo;expiration de la p\u00e9riode de conservation respective, Reage Lda supprimera ou anonymisera les donn\u00e9es si elles ne doivent pas \u00eatre conserv\u00e9es \u00e0 des fins diff\u00e9rentes.<\/p>\n<p>&nbsp;<\/p>\n<h4>Droits du titulaire des donn\u00e9es personnelles<\/h4>\n<p>Le titulaire des donn\u00e9es personnelles dispose de droits d&rsquo;information, d&rsquo;acc\u00e8s et de rectification ou d&rsquo;effacement des donn\u00e9es personnelles et du droit \u00e0 la portabilit\u00e9 des donn\u00e9es, du droit de limiter ou de s&rsquo;opposer au traitement de ses donn\u00e9es, dans le cadre et selon les termes du RGPD et autres applicables. l\u00e9gislation .<\/p>\n<p>Le titulaire peut retirer, \u00e0 tout moment, le consentement qu&rsquo;il a donn\u00e9 au traitement de ses donn\u00e9es personnelles, dans le cadre du RGPD. La r\u00e9vocation du consentement n&rsquo;affectera pas la lic\u00e9it\u00e9 du traitement des donn\u00e9es personnelles effectu\u00e9 jusqu&rsquo;\u00e0 pr\u00e9sent, sur la base du consentement que vous avez pr\u00e9alablement fourni.<\/p>\n<p>Vous disposez \u00e9galement du droit d\u2019introduire une r\u00e9clamation concernant le traitement de vos donn\u00e9es adress\u00e9e \u00e0 la CNPD.<\/p>\n<p>&nbsp;<\/p>\n<h4>Exercez vos droits aupr\u00e8s des contacts suivants:<\/h4>\n<p><strong>E-mail<\/strong><br \/>\n<a href=\"mailto:info@safebox.cash\">info@safebox.cash<\/a><\/p>\n<p>L\u2019exercice des droits est gratuit, sauf si la demande est manifestement infond\u00e9e ou excessive ou ind\u00fbment r\u00e9it\u00e9r\u00e9e, auquel cas des frais raisonnables peuvent \u00eatre factur\u00e9s compte tenu des frais.<\/p>\n<p>Les r\u00e9ponses aux demandes doivent \u00eatre fournies, sans retard injustifi\u00e9, dans un d\u00e9lai d&rsquo;un mois \u00e0 compter de la r\u00e9ception de la demande, sauf s&rsquo;il s&rsquo;agit d&rsquo;une demande particuli\u00e8rement complexe ou si elle survient dans des circonstances exceptionnelles. Ce d\u00e9lai peut \u00eatre prolong\u00e9 jusqu&rsquo;\u00e0 deux mois, si n\u00e9cessaire, en tenant compte de la complexit\u00e9 de la demande et du nombre de demandes re\u00e7ues.<\/p>\n<p>Dans le cadre de votre demande, il pourra vous \u00eatre demand\u00e9 de justifier de votre identit\u00e9 afin de garantir que les donn\u00e9es personnelles ne soient partag\u00e9es qu&rsquo;avec le titulaire concern\u00e9.<\/p>\n<p>&nbsp;<\/p>\n<h4>Transmission de donn\u00e9es personnelles<\/h4>\n<p>Les donn\u00e9es peuvent \u00eatre transmises \u00e0 des entit\u00e9s auxquelles les donn\u00e9es doivent \u00eatre communiqu\u00e9es par la loi, telles que l&rsquo;administration fiscale, les autorit\u00e9s judiciaires, les organes de police criminelle, entre autres.<\/p>\n<p>&nbsp;<\/p>\n<h4>Responsabilit\u00e9 des plateformes et services num\u00e9riques Reage Lda et tiers.<\/h4>\n<p>Reage Lda. n&rsquo;est pas responsable du contenu accessible via tout lien qui am\u00e8ne le titulaire des donn\u00e9es personnelles \u00e0 naviguer en dehors des plateformes num\u00e9riques de Reage Lda et du traitement des donn\u00e9es personnelles qui y est effectu\u00e9, lorsque ces liens rel\u00e8vent de la responsabilit\u00e9 de tiers. Les sites Web et le contenu de tiers ne sont pas soumis \u00e0 cette politique de confidentialit\u00e9. Nous vous conseillons donc, chaque fois que vous naviguez sur ces sites Web, de rechercher et de lire les politiques de confidentialit\u00e9, ainsi que les termes et conditions applicables.<\/p>\n<p>&nbsp;<\/p>\n<h4>Quelles proc\u00e9dures de s\u00e9curit\u00e9 garantissent la protection de vos donn\u00e9es ?<\/h4>\n<p>Reage Lda prend toutes les pr\u00e9cautions n\u00e9cessaires et l\u00e9galement requises pour garantir la confidentialit\u00e9 des donn\u00e9es personnelles trait\u00e9es et\/ou transmises via ses plateformes num\u00e9riques. Ces pr\u00e9cautions garantissent la s\u00e9curit\u00e9 en ligne et hors ligne de ces informations.<\/p>\n<p>Chaque fois que des informations sensibles sont collect\u00e9es ou utilis\u00e9es, les donn\u00e9es seront crypt\u00e9es \u00e0 l&rsquo;aide du protocole SSL. Cette technologie appel\u00e9e Secure Socket Layer est utilis\u00e9e pour am\u00e9liorer la s\u00e9curit\u00e9 de la transmission des donn\u00e9es sur Internet, en cryptant et en prot\u00e9geant les donn\u00e9es et les informations sensibles \u00e0 l&rsquo;aide du protocole HTTPS. SSL garantit au titulaire des donn\u00e9es personnelles que celles-ci ne seront pas intercept\u00e9es frauduleusement et que toutes les informations sont trait\u00e9es avec une s\u00e9curit\u00e9 maximale.<\/p>\n<p>&nbsp;<\/p>\n<h4>Des doutes ?<\/h4>\n<p>Si vous avez des questions sur l&rsquo;un des sujets abord\u00e9s dans ce document, veuillez nous contacter \u00e0 :<\/p>\n<p><strong>E-mail<\/strong><br \/>\n<a href=\"mailto:info@safebox.cash\">info@safebox.cash<\/a><\/p>\n<p>Derni\u00e8re mise \u00e0 jour : 14 f\u00e9vrier 2019.<\/p>\n<p>R\u00e8glement G\u00e9n\u00e9ral sur la Protection des Donn\u00e9es (RGPD) : R\u00e8glement (UE) 2016\/679 du Parlement europ\u00e9en et du Conseil, du 27 avril 2016, relatif \u00e0 la protection des personnes physiques \u00e0 l&rsquo;\u00e9gard du traitement des donn\u00e9es \u00e0 caract\u00e8re personnel et \u00e0 la libre circulation de ces donn\u00e9es et abrogeant la directive 95\/46\/CE (r\u00e8glement g\u00e9n\u00e9ral sur la protection des donn\u00e9es) (JO L 119 du 4.5.2016).<\/p>\n","protected":false},"excerpt":{"rendered":"<p>Dans ce document, nous nous effor\u00e7ons d&rsquo;expliquer quelles donn\u00e9es \u00e0 caract\u00e8re personnel nous collectons, \u00e0 quelles fins nous pouvons les utiliser, comment nous les traitons, avec qui nous les partageons, combien de temps nous les conservons, ainsi que la mani\u00e8re de nous contacter et d&rsquo;exercer vos droits. &nbsp; R\u00e8glement G\u00e9n\u00e9ral sur la Protection des Donn\u00e9es [&hellip;]<\/p>\n","protected":false},"author":1,"featured_media":0,"parent":0,"menu_order":0,"comment_status":"closed","ping_status":"closed","template":"","meta":{"_acf_changed":false,"footnotes":""},"class_list":["post-6702","page","type-page","status-publish","hentry"],"acf":[],"yoast_head":"<!-- This site is optimized with the Yoast SEO plugin v27.4 - https:\/\/yoast.com\/product\/yoast-seo-wordpress\/ -->\n<title>Politique de Confidentialit\u00e9<\/title>\n<meta name=\"description\" content=\"Dans ce document, nous nous effor\u00e7ons d&#039;expliquer quelles donn\u00e9es \u00e0 caract\u00e8re personnel nous collectons, \u00e0 quelles fins nous pouvons les utiliser, comment nous les traitons, avec qui nous les partageons, combien de temps nous les conservons, ainsi que la mani\u00e8re de nous contacter et d&#039;exercer vos droits. &nbsp; R\u00e8glement G\u00e9n\u00e9ral sur la Protection des Donn\u00e9es\u2026\" \/>\n<meta name=\"robots\" content=\"index, follow, max-snippet:-1, max-image-preview:large, max-video-preview:-1\" \/>\n<link rel=\"canonical\" href=\"http:\/\/Dans%20ce%20document,%20nous%20nous%20effor\u00e7ons%20d'expliquer%20quelles%20donn\u00e9es%20\u00e0%20caract\u00e8re%20personnel%20nous%20collectons,%20\u00e0%20quelles%20fins%20nous%20pouvons%20les%20utiliser,%20comment%20nous%20les%20traitons,%20avec%20qui%20nous%20les%20partageons,%20combien%20de%20temps%20nous%20les%20conservons,%20ainsi%20que%20la%20mani\u00e8re%20de%20nous%20contacter%20et%20d'exercer%20vos%20droits.%20&nbsp;%20R\u00e8glement%20G\u00e9n\u00e9ral%20sur%20la%20Protection%20des%20Donn\u00e9es\u2026\" \/>\n<meta property=\"og:locale\" content=\"fr_FR\" \/>\n<meta property=\"og:type\" content=\"article\" \/>\n<meta property=\"og:title\" content=\"Politique de Confidentialit\u00e9\" \/>\n<meta property=\"og:description\" content=\"Dans ce document, nous nous effor\u00e7ons d&#039;expliquer quelles donn\u00e9es \u00e0 caract\u00e8re personnel nous collectons, \u00e0 quelles fins nous pouvons les utiliser, comment nous les traitons, avec qui nous les partageons, combien de temps nous les conservons, ainsi que la mani\u00e8re de nous contacter et d&#039;exercer vos droits. &nbsp; R\u00e8glement G\u00e9n\u00e9ral sur la Protection des Donn\u00e9es\u2026\" \/>\n<meta property=\"og:url\" content=\"https:\/\/safebox.cash\/fr\/politique-de-confidentialite\/\" \/>\n<meta property=\"og:site_name\" content=\"SAFEBOX\" \/>\n<meta name=\"twitter:card\" content=\"summary_large_image\" \/>\n<meta name=\"twitter:label1\" content=\"Dur\u00e9e de lecture estim\u00e9e\" \/>\n\t<meta name=\"twitter:data1\" content=\"9 minutes\" \/>\n<script type=\"application\/ld+json\" class=\"yoast-schema-graph\">{\"@context\":\"https:\\\/\\\/schema.org\",\"@graph\":[{\"@type\":\"WebPage\",\"@id\":\"https:\\\/\\\/safebox.cash\\\/fr\\\/politique-de-confidentialite\\\/\",\"url\":\"https:\\\/\\\/safebox.cash\\\/fr\\\/politique-de-confidentialite\\\/\",\"name\":\"Pol\u00edtica de Privacidade - SAFEBOX\",\"isPartOf\":{\"@id\":\"https:\\\/\\\/safebox.cash\\\/#website\"},\"datePublished\":\"2025-04-01T09:24:56+00:00\",\"breadcrumb\":{\"@id\":\"https:\\\/\\\/safebox.cash\\\/fr\\\/politique-de-confidentialite\\\/#breadcrumb\"},\"inLanguage\":\"fr-FR\",\"potentialAction\":[{\"@type\":\"ReadAction\",\"target\":[\"https:\\\/\\\/safebox.cash\\\/fr\\\/politique-de-confidentialite\\\/\"]}]},{\"@type\":\"BreadcrumbList\",\"@id\":\"https:\\\/\\\/safebox.cash\\\/fr\\\/politique-de-confidentialite\\\/#breadcrumb\",\"itemListElement\":[{\"@type\":\"ListItem\",\"position\":1,\"name\":\"Accueil\",\"item\":\"https:\\\/\\\/safebox.cash\\\/\"},{\"@type\":\"ListItem\",\"position\":2,\"name\":\"Politique de Confidentialit\u00e9\"}]},{\"@type\":\"WebSite\",\"@id\":\"https:\\\/\\\/safebox.cash\\\/fr\\\/#website\",\"url\":\"https:\\\/\\\/safebox.cash\\\/fr\\\/\",\"name\":\"SAFEBOX\",\"description\":\"\",\"publisher\":{\"@id\":\"https:\\\/\\\/safebox.cash\\\/fr\\\/#organization\"},\"potentialAction\":[{\"@type\":\"SearchAction\",\"target\":{\"@type\":\"EntryPoint\",\"urlTemplate\":\"https:\\\/\\\/safebox.cash\\\/fr\\\/?s={search_term_string}\"},\"query-input\":{\"@type\":\"PropertyValueSpecification\",\"valueRequired\":true,\"valueName\":\"search_term_string\"}}],\"inLanguage\":\"fr-FR\"},{\"@type\":\"Organization\",\"@id\":\"https:\\\/\\\/safebox.cash\\\/fr\\\/#organization\",\"name\":\"SAFEBOX\",\"url\":\"https:\\\/\\\/safebox.cash\\\/fr\\\/\",\"logo\":{\"@type\":\"ImageObject\",\"inLanguage\":\"fr-FR\",\"@id\":\"https:\\\/\\\/safebox.cash\\\/fr\\\/#\\\/schema\\\/logo\\\/image\\\/\",\"url\":\"https:\\\/\\\/safebox.cash\\\/wp-content\\\/uploads\\\/2025\\\/03\\\/SafeboxLogo-b.svg\",\"contentUrl\":\"https:\\\/\\\/safebox.cash\\\/wp-content\\\/uploads\\\/2025\\\/03\\\/SafeboxLogo-b.svg\",\"width\":306,\"height\":50,\"caption\":\"SAFEBOX\"},\"image\":{\"@id\":\"https:\\\/\\\/safebox.cash\\\/fr\\\/#\\\/schema\\\/logo\\\/image\\\/\"}}]}<\/script>\n<!-- \/ Yoast SEO plugin. -->","yoast_head_json":{"title":"Politique de Confidentialit\u00e9","description":"Dans ce document, nous nous effor\u00e7ons d'expliquer quelles donn\u00e9es \u00e0 caract\u00e8re personnel nous collectons, \u00e0 quelles fins nous pouvons les utiliser, comment nous les traitons, avec qui nous les partageons, combien de temps nous les conservons, ainsi que la mani\u00e8re de nous contacter et d'exercer vos droits. &nbsp; R\u00e8glement G\u00e9n\u00e9ral sur la Protection des Donn\u00e9es\u2026","robots":{"index":"index","follow":"follow","max-snippet":"max-snippet:-1","max-image-preview":"max-image-preview:large","max-video-preview":"max-video-preview:-1"},"canonical":"Dans ce document, nous nous effor\u00e7ons d'expliquer quelles donn\u00e9es \u00e0 caract\u00e8re personnel nous collectons, \u00e0 quelles fins nous pouvons les utiliser, comment nous les traitons, avec qui nous les partageons, combien de temps nous les conservons, ainsi que la mani\u00e8re de nous contacter et d'exercer vos droits. &nbsp; R\u00e8glement G\u00e9n\u00e9ral sur la Protection des Donn\u00e9es\u2026","og_locale":"fr_FR","og_type":"article","og_title":"Politique de Confidentialit\u00e9","og_description":"Dans ce document, nous nous effor\u00e7ons d'expliquer quelles donn\u00e9es \u00e0 caract\u00e8re personnel nous collectons, \u00e0 quelles fins nous pouvons les utiliser, comment nous les traitons, avec qui nous les partageons, combien de temps nous les conservons, ainsi que la mani\u00e8re de nous contacter et d'exercer vos droits. &nbsp; R\u00e8glement G\u00e9n\u00e9ral sur la Protection des Donn\u00e9es\u2026","og_url":"https:\/\/safebox.cash\/fr\/politique-de-confidentialite\/","og_site_name":"SAFEBOX","twitter_card":"summary_large_image","twitter_misc":{"Dur\u00e9e de lecture estim\u00e9e":"9 minutes"},"schema":{"@context":"https:\/\/schema.org","@graph":[{"@type":"WebPage","@id":"https:\/\/safebox.cash\/fr\/politique-de-confidentialite\/","url":"https:\/\/safebox.cash\/fr\/politique-de-confidentialite\/","name":"Pol\u00edtica de Privacidade - SAFEBOX","isPartOf":{"@id":"https:\/\/safebox.cash\/#website"},"datePublished":"2025-04-01T09:24:56+00:00","breadcrumb":{"@id":"https:\/\/safebox.cash\/fr\/politique-de-confidentialite\/#breadcrumb"},"inLanguage":"fr-FR","potentialAction":[{"@type":"ReadAction","target":["https:\/\/safebox.cash\/fr\/politique-de-confidentialite\/"]}]},{"@type":"BreadcrumbList","@id":"https:\/\/safebox.cash\/fr\/politique-de-confidentialite\/#breadcrumb","itemListElement":[{"@type":"ListItem","position":1,"name":"Accueil","item":"https:\/\/safebox.cash\/"},{"@type":"ListItem","position":2,"name":"Politique de Confidentialit\u00e9"}]},{"@type":"WebSite","@id":"https:\/\/safebox.cash\/fr\/#website","url":"https:\/\/safebox.cash\/fr\/","name":"SAFEBOX","description":"","publisher":{"@id":"https:\/\/safebox.cash\/fr\/#organization"},"potentialAction":[{"@type":"SearchAction","target":{"@type":"EntryPoint","urlTemplate":"https:\/\/safebox.cash\/fr\/?s={search_term_string}"},"query-input":{"@type":"PropertyValueSpecification","valueRequired":true,"valueName":"search_term_string"}}],"inLanguage":"fr-FR"},{"@type":"Organization","@id":"https:\/\/safebox.cash\/fr\/#organization","name":"SAFEBOX","url":"https:\/\/safebox.cash\/fr\/","logo":{"@type":"ImageObject","inLanguage":"fr-FR","@id":"https:\/\/safebox.cash\/fr\/#\/schema\/logo\/image\/","url":"https:\/\/safebox.cash\/wp-content\/uploads\/2025\/03\/SafeboxLogo-b.svg","contentUrl":"https:\/\/safebox.cash\/wp-content\/uploads\/2025\/03\/SafeboxLogo-b.svg","width":306,"height":50,"caption":"SAFEBOX"},"image":{"@id":"https:\/\/safebox.cash\/fr\/#\/schema\/logo\/image\/"}}]}},"_links":{"self":[{"href":"https:\/\/safebox.cash\/fr\/wp-json\/wp\/v2\/pages\/6702","targetHints":{"allow":["GET"]}}],"collection":[{"href":"https:\/\/safebox.cash\/fr\/wp-json\/wp\/v2\/pages"}],"about":[{"href":"https:\/\/safebox.cash\/fr\/wp-json\/wp\/v2\/types\/page"}],"author":[{"embeddable":true,"href":"https:\/\/safebox.cash\/fr\/wp-json\/wp\/v2\/users\/1"}],"replies":[{"embeddable":true,"href":"https:\/\/safebox.cash\/fr\/wp-json\/wp\/v2\/comments?post=6702"}],"version-history":[{"count":0,"href":"https:\/\/safebox.cash\/fr\/wp-json\/wp\/v2\/pages\/6702\/revisions"}],"wp:attachment":[{"href":"https:\/\/safebox.cash\/fr\/wp-json\/wp\/v2\/media?parent=6702"}],"curies":[{"name":"wp","href":"https:\/\/api.w.org\/{rel}","templated":true}]}}