{"id":6700,"date":"2025-04-01T09:24:03","date_gmt":"2025-04-01T09:24:03","guid":{"rendered":"https:\/\/dev.safebox.cash\/?page_id=6700"},"modified":"2025-04-01T09:24:03","modified_gmt":"2025-04-01T09:24:03","slug":"termos-e-condicoes","status":"publish","type":"page","link":"https:\/\/safebox.cash\/fr\/termes-et-conditions\/","title":{"rendered":"Termes et Conditions"},"content":{"rendered":"<p><a href=\"https:\/\/www.safebox.cash\/\">www.safebox.cash<\/a><\/p>\n<p>Le site Web www.safebox.cash est une boutique en ligne sp\u00e9cialis\u00e9e dans la vente de divers produits, propri\u00e9t\u00e9 de Reage, Lda, dont le si\u00e8ge est \u00e0 Largo Conselheiro Sousa e Melo, 3850-135 Albergaria-a-Velha.<\/p>\n<p><strong>Conditions G\u00e9n\u00e9rales de Vente<\/strong><br \/>\nCes conditions sont convenues entre la soci\u00e9t\u00e9 Reage, Lda et toute personne souhaitant effectuer un achat via le site Internet de la soci\u00e9t\u00e9 Reage, Lda (www.safebox.cash).<br \/>\nLes parties conviennent que leurs relations seront r\u00e9gies exclusivement par les conditions g\u00e9n\u00e9rales d\u00e9crites ici.<\/p>\n<p><strong>1. Objet<\/strong><br \/>\nLes pr\u00e9sentes conditions ont pour objet de d\u00e9finir les conditions g\u00e9n\u00e9rales de vente, \u00e9tablies entre Reage, Lda et l&rsquo;Utilisateur, depuis la commande jusqu&rsquo;aux diff\u00e9rents services fournis par celle-ci, tels que les modalit\u00e9s de paiement et les conditions de livraison des marchandises.<br \/>\nLes pr\u00e9sentes conditions r\u00e8glent toutes les \u00e9tapes n\u00e9cessaires \u00e0 la passation de la commande et garantissent le suivi de cette transaction entre les parties contractantes.<\/p>\n<p><strong>2. Commande<\/strong><br \/>\nL&rsquo;Utilisateur peut passer sa commande en ligne, sur le site Internet (www.safebox.cash). Pour finaliser sa commande, l&rsquo;Utilisateur doit s&rsquo;identifier en indiquant son email et son mot de passe.<br \/>\nS&rsquo;il s&rsquo;agit de votre premi\u00e8re commande, l&rsquo;Utilisateur doit cr\u00e9er son Compte Client en remplissant tous les champs obligatoires marqu\u00e9s d&rsquo;un ast\u00e9risque. Apr\u00e8s avoir cr\u00e9\u00e9 un compte, le nouvel utilisateur se verra attribuer le num\u00e9ro de client correspondant. Le num\u00e9ro Client est strictement personnel et incessible.<br \/>\nReage, Lda refuse de vendre aux mineurs de moins de 16 ans sans autorisation parentale expresse, qui sera syst\u00e9matiquement demand\u00e9e.<br \/>\nDans certaines situations, \u00e0 savoir en cas de doublon de comptes clients, de commande anormale du fait de la quantit\u00e9 command\u00e9e, d&rsquo;\u00e9changes ou de retours abusifs, d&rsquo;existence d&rsquo;un litige, d&rsquo;absence de paiement, d&rsquo;adresse erron\u00e9e ou autre probl\u00e8me avec votre compte, Reage, Lda se r\u00e9serve le droit a le droit de bloquer la commande du Client jusqu&rsquo;\u00e0 ce que le probl\u00e8me soit r\u00e9solu.<br \/>\nEn passant votre commande, l&rsquo;Utilisateur exprime son acceptation pleine et enti\u00e8re des conditions g\u00e9n\u00e9rales de vente, des prix et de la description des articles inclus dans cette transaction. Les pr\u00e9sentes conditions g\u00e9n\u00e9rales de vente seront les seules applicables entre les deux parties.<br \/>\nTout litige concernant ce dernier point sera r\u00e9solu par un \u00e9change d&rsquo;informations et avec les garanties mentionn\u00e9es ci-dessous. Reage, Lda se r\u00e9serve le droit de ne pas accepter les commandes de montants importants qui ne sont pas pay\u00e9es \u00e0 l&rsquo;avance.<\/p>\n<p><strong>3. Livraison<\/strong><br \/>\nLe d\u00e9lai moyen de livraison est de 8 (huit) \u00e0 12 (douze) jours ouvr\u00e9s. Tout retard dans l&rsquo;exp\u00e9dition des articles, par rapport aux dates estim\u00e9es pr\u00e9sent\u00e9es, ne donne droit au Client \u00e0 aucun droit \u00e0 indemnisation.<br \/>\nLes commandes peuvent \u00eatre livr\u00e9es:<br \/>\nRetrait en magasin<br \/>\nVous pouvez choisir de retirer votre commande en magasin. Vous recevrez une notification de la disponibilit\u00e9 de la prise en charge.<\/p>\n<p><strong>4. Paiement<\/strong><br \/>\nReage, Lda propose \u00e0 l&rsquo;Utilisateur plusieurs m\u00e9thodes de paiement:<br \/>\nVirement bancaire<br \/>\n<strong>Paiement \u00e0 la livraison:<\/strong><br \/>\nEn optant pour ce mode de paiement, le Client s&rsquo;engage \u00e0 payer la valeur totale de la commande \u00e0 la livraison.<\/p>\n<p><strong>5. Tarification<\/strong><br \/>\nLes prix des articles indiqu\u00e9s sur le site sont valables tant qu&rsquo;ils sont publi\u00e9s en ligne.<br \/>\nLes prix des articles ne comprennent pas les frais d&rsquo;exp\u00e9dition de la commande (selon le montant en vigueur, voir article 3).<br \/>\nLes prix doivent \u00eatre exprim\u00e9s en euros, frais et taxes inclus. Les prix indiqu\u00e9s tiennent compte de la TVA applicable au jour de la commande. Tout changement du type de TVA applicable sera r\u00e9percut\u00e9 sur les prix des articles. Apr\u00e8s cette date, les prix pourront \u00eatre modifi\u00e9s \u00e0 tout moment. Les prix et les sp\u00e9cifications sont sujets \u00e0 changement sans pr\u00e9avis. Bien que Reage, Lda cherche \u00e0 garantir que tous les prix indiqu\u00e9s sur son site Web soient corrects, des erreurs peuvent survenir.<\/p>\n<p>Lors du traitement de la commande, toutes les erreurs de prix qui pourraient s&rsquo;afficher sur le site en raison d&rsquo;anomalies techniques seront d\u00e9tect\u00e9es. Dans cette situation, le client est contact\u00e9. Si le prix du produit pr\u00e9sent\u00e9 sur le site est effectivement inf\u00e9rieur, la diff\u00e9rence est rembours\u00e9e. Si le prix est sup\u00e9rieur, le client sera contact\u00e9 et pourra accepter ou annuler la commande.<\/p>\n<p><strong>6. REMBOURSEMENT \u2013 RETOUR (DROIT DE R\u00c9SOLUTION GRATUITE)<\/strong><br \/>\nTous les articles livr\u00e9s peuvent faire l&rsquo;objet d&rsquo;un remboursement. Les articles doivent \u00eatre retourn\u00e9s en parfait \u00e9tat et avec l&rsquo;\u00e9tiquette, les instructions et tous les documents pouvant initialement les accompagner.<\/p>\n<p>Droit \u00e0 la libre r\u00e9solution<br \/>\nTous les articles livr\u00e9s peuvent \u00eatre sujets \u00e0 annulation.<br \/>\nLe client dispose d&rsquo;un d\u00e9lai de 14 jours \u00e0 compter de la r\u00e9ception de sa commande pour faire part de sa volont\u00e9 d&rsquo;annuler sa commande.<br \/>\nen l&rsquo;envoyant par email \u00e0 info@safebox.cash.<br \/>\nLe remboursement s&rsquo;effectue sous la forme d&rsquo;un avoir, qui doit \u00eatre int\u00e9gralement d\u00e9duit lors de son utilisation.<br \/>\nM\u00e9thodes de retour<br \/>\n1) Vous pouvez g\u00e9rer le processus d\u2019\u00e9change directement dans notre magasin.<br \/>\n2) Le client peut \u00e9galement envoyer l&rsquo;article par courrier recommand\u00e9 (les prix inh\u00e9rents au service sont \u00e0 la charge du client) accompagn\u00e9 des \u00e9tiquettes originales, en contactant l&rsquo;entreprise par t\u00e9l\u00e9phone ou par email pour l&rsquo;informer de l&rsquo;exp\u00e9dition. Apr\u00e8s avoir \u00e9valu\u00e9 la pi\u00e8ce re\u00e7ue, et sans trouver aucun obstacle \u00e0 l&rsquo;\u00e9change, le processus d&rsquo;\u00e9change sera effectu\u00e9.<br \/>\nL&rsquo;avoir est valable 30 jours. L&rsquo;avoir sera envoy\u00e9 par email \u00e0 Reage, Lda.<\/p>\n<p>Pi\u00e8ces d\u00e9fectueuses<br \/>\nSi vous trouvez une pi\u00e8ce d\u00e9fectueuse, vous pouvez demander un \u00e9change ou un retour de l&rsquo;une des mani\u00e8res suivantes:<br \/>\n1) Adresse \u00e0 Reage, Lda avec les \u00e9tiquettes originales. Apr\u00e8s avoir confirm\u00e9 qu&rsquo;il s&rsquo;agit d&rsquo;un d\u00e9faut de la pi\u00e8ce, et \u00e9valu\u00e9 par nos soins, nous pouvons proc\u00e9der :<br \/>\n* \u00c0 son remplacement<br \/>\n*\u00c9mission d\u2019un avoir valable 30 jours.<br \/>\n2) Le client doit communiquer la situation par email \u00e0 info@safebox.cash, en d\u00e9crivant le d\u00e9faut et en joignant des images de la pi\u00e8ce o\u00f9 il est visible. Une fois l&rsquo;\u00e9valuation effectu\u00e9e, vous devez envoyer la pi\u00e8ce par courrier recommand\u00e9.<br \/>\nSi la confirmation est d\u00e9fectueuse, Reage, Lda supportera les frais de transport. Apr\u00e8s avoir re\u00e7u la pi\u00e8ce, vous pouvez faire :<br \/>\n* \u00c9change de l&rsquo;article contre un autre article de valeur \u00e9gale.<br \/>\n* S&rsquo;il n&rsquo;y a pas le m\u00eame article \u00e0 remplacer et qu&rsquo;il n&rsquo;a pas la m\u00eame valeur, le client devra payer la franchise.<br \/>\n* \u00c9mission d&rsquo;un avoir valable 30 jours.<\/p>\n<p><strong>7. GARANTIES JURIDIQUES<\/strong><br \/>\nPour chacun de vos achats, vous b\u00e9n\u00e9ficiez de la garantie l\u00e9gale de conformit\u00e9 et de la garantie contre les dommages non visibles, permettant aux clients de retourner les articles livr\u00e9s d\u00e9fectueux ou non conformes.<br \/>\nGarantie l\u00e9gale de conformit\u00e9<br \/>\nUne fois la garantie l\u00e9gale de conformit\u00e9 activ\u00e9e, vous:<br \/>\n\u2022 B\u00e9n\u00e9ficier d&rsquo;un d\u00e9lai de deux ans \u00e0 compter de la livraison de l&rsquo;article pour agir ;<br \/>\n\u2022 \u00catre dispens\u00e9 de communiquer la preuve de l&rsquo;existence de d\u00e9fauts de conformit\u00e9 de l&rsquo;article pendant les 24 mois suivant la livraison de l&rsquo;article<br \/>\nGarantie dommages non visibles&nbsp;:<br \/>\nVous pouvez d\u00e9cider d&rsquo;activer la garantie contre les dommages non visibles de l&rsquo;article. Si les conditions d&rsquo;activation de cette garantie sont r\u00e9unies, vous pourrez choisir entre la dissolution de la vente ou une r\u00e9duction du prix de vente.<\/p>\n<p><strong>8. SIGNATURE ET PREUVE<\/strong><br \/>\nLes registres informatis\u00e9s, conserv\u00e9s dans les syst\u00e8mes informatiques de Reage, Lda dans des conditions s\u00e9curis\u00e9es, sont consid\u00e9r\u00e9s comme la preuve des communications, des commandes produites entre les parties, conform\u00e9ment aux dispositions l\u00e9gales et permettront l&rsquo;encaissement des sommes figurant dans l&rsquo;e-mail. -mail.mail de confirmation de commande. Cette validation vaut signature et acceptation de toutes les op\u00e9rations effectu\u00e9es sur le site Internet.<\/p>\n<p><strong>9. RESPONSABILIT\u00c9<\/strong><br \/>\nPour toutes les \u00e9tapes d&rsquo;acc\u00e8s au site Internet, depuis le processus de commande jusqu&rsquo;\u00e0 la livraison ou les services ult\u00e9rieurs, Reage, Lda n&rsquo;a qu&rsquo;une obligation de moyens. Reage, Lda exclut toute garantie et toute responsabilit\u00e9 pour les inconv\u00e9nients ou pertes inh\u00e9rents \u00e0 l&rsquo;utilisation du r\u00e9seau Internet, notamment une interruption de service, une intrusion ext\u00e9rieure, la pr\u00e9sence de virus informatiques ou tout cas de force majeure tel que qualifi\u00e9 par la jurisprudence du devant les tribunaux, dans la mesure permise par la loi applicable.<\/p>\n<p>Les articles vendus sont d\u00e9crits et pr\u00e9sent\u00e9s sur le site avec la plus grande exactitude possible. Si malgr\u00e9 toutes les pr\u00e9cautions, des erreurs mineures se sont produites, nous ne pouvons en aucun cas en \u00eatre tenus responsables. Toute r\u00e9clamation \u00e0 ce niveau sera r\u00e9solue dans le cadre d&rsquo;un \u00e9ventuel retour et des garanties vis\u00e9es \u00e0 l&rsquo;article 6 (les frais de retour seront, dans ce cas, \u00e0 la charge de Reage, Lda). En revanche, nous pouvons \u00eatre contraints, par nos fournisseurs, de livrer un article dont la composition est l\u00e9g\u00e8rement diff\u00e9rente de celle d\u00e9crite, mais qui est n\u00e9anmoins de qualit\u00e9 \u00e9gale ou sup\u00e9rieure \u00e0 l&rsquo;article command\u00e9. Si pour cette raison l&rsquo;article ne r\u00e9pond pas \u00e0 vos attentes, vous pouvez bien entendu faire appel et b\u00e9n\u00e9ficier de la garantie l\u00e9gale et de conformit\u00e9.<br \/>\nReage, Lda se r\u00e9serve le droit de modifier \u00e0 tout moment les informations et l&rsquo;offre commerciale pr\u00e9sent\u00e9es concernant : les articles, les prix, les promotions, les conditions commerciales et les services sur le site Internet. Tous les efforts sont constamment d\u00e9ploy\u00e9s pour garantir que les informations pr\u00e9sent\u00e9es soient exemptes d&rsquo;erreurs typographiques. Toutefois, si les informations pr\u00e9sent\u00e9es ne correspondent pas aux caract\u00e9ristiques du produit, l&rsquo;utilisateur en sera inform\u00e9 et aura le droit d&rsquo;annuler son achat. Chaque fois qu\u2019une situation anormale est identifi\u00e9e, elle est imm\u00e9diatement corrig\u00e9e.<\/p>\n<p><strong>10. TRAITEMENT DES DONN\u00c9ES PERSONNELLES<\/strong><br \/>\nLors de l&rsquo;inscription ou de la commande chez Reage, Lda, les donn\u00e9es personnelles de l&rsquo;Utilisateur feront l&rsquo;objet d&rsquo;un traitement informatique. Pour plus d\u2019informations, veuillez consulter l\u2019onglet \u00ab Politique de confidentialit\u00e9 \u00bb.<\/p>\n<p><strong>11. ENTENTE INT\u00c9GRALE<\/strong><br \/>\nLes pr\u00e9sentes Conditions G\u00e9n\u00e9rales de Vente constituent l&rsquo;int\u00e9gralit\u00e9 de l&rsquo;accord entre les parties concern\u00e9es.<br \/>\nSi l&rsquo;une des clauses des pr\u00e9sentes conditions devenait nulle et non avenue, en raison d&rsquo;un changement l\u00e9gislatif, r\u00e9glementaire ou d&rsquo;une condamnation, cela ne saurait en aucun cas affecter sa validit\u00e9 et son respect.<\/p>\n<p><strong>12. Dur\u00e9e<\/strong><br \/>\nCes conditions s&rsquo;appliquent pendant toute la dur\u00e9e des services offerts par Reage, Lda. Tous les articles exclusifs sur le site sont valables jusqu&rsquo;\u00e0 \u00e9puisement des stocks disponibles.<\/p>\n<p><strong>13. STOCKAGE ET ARCHIVE DES TRANSACTIONS<\/strong><br \/>\nLes commandes et factures seront archiv\u00e9es sur un support fiable et durable afin d\u2019en offrir une copie fid\u00e8le et durable.<\/p>\n<p><strong>14. LOI APPLICABLE ET COMP\u00c9TENCE<\/strong><br \/>\nLes conditions de vente pr\u00e9sent\u00e9es sont applicables \u00e0 la loi portugaise.<br \/>\nA d\u00e9faut de r\u00e9solution par accord des parties, tout litige d\u00e9coulant des pr\u00e9sentes Conditions G\u00e9n\u00e9rales de Vente sera soumis au tribunal portugais comp\u00e9tent.<\/p>\n","protected":false},"excerpt":{"rendered":"<p>www.safebox.cash Le site Web www.safebox.cash est une boutique en ligne sp\u00e9cialis\u00e9e dans la vente de divers produits, propri\u00e9t\u00e9 de Reage, Lda, dont le si\u00e8ge est \u00e0 Largo Conselheiro Sousa e Melo, 3850-135 Albergaria-a-Velha. Conditions G\u00e9n\u00e9rales de Vente Ces conditions sont convenues entre la soci\u00e9t\u00e9 Reage, Lda et toute personne souhaitant effectuer un achat via le [&hellip;]<\/p>\n","protected":false},"author":1,"featured_media":0,"parent":0,"menu_order":0,"comment_status":"closed","ping_status":"closed","template":"","meta":{"_acf_changed":false,"footnotes":""},"class_list":["post-6700","page","type-page","status-publish","hentry"],"acf":[],"yoast_head":"<!-- This site is optimized with the Yoast SEO plugin v27.4 - https:\/\/yoast.com\/product\/yoast-seo-wordpress\/ -->\n<title>Termes et Conditions<\/title>\n<meta name=\"description\" content=\"www.safebox.cash Le site Web www.safebox.cash est une boutique en ligne sp\u00e9cialis\u00e9e dans la vente de divers produits, propri\u00e9t\u00e9 de Reage, Lda, dont le si\u00e8ge est \u00e0 Largo Conselheiro Sousa e Melo, 3850-135 Albergaria-a-Velha. Conditions G\u00e9n\u00e9rales de Vente Ces conditions sont convenues entre la soci\u00e9t\u00e9 Reage, Lda et toute personne souhaitant effectuer un achat via le\u2026\" \/>\n<meta name=\"robots\" content=\"index, follow, max-snippet:-1, max-image-preview:large, max-video-preview:-1\" \/>\n<link rel=\"canonical\" href=\"http:\/\/www.safebox.cash%20Le%20site%20Web%20www.safebox.cash%20est%20une%20boutique%20en%20ligne%20sp\u00e9cialis\u00e9e%20dans%20la%20vente%20de%20divers%20produits,%20propri\u00e9t\u00e9%20de%20Reage,%20Lda,%20dont%20le%20si\u00e8ge%20est%20\u00e0%20Largo%20Conselheiro%20Sousa%20e%20Melo,%203850-135%20Albergaria-a-Velha.%20Conditions%20G\u00e9n\u00e9rales%20de%20Vente%20Ces%20conditions%20sont%20convenues%20entre%20la%20soci\u00e9t\u00e9%20Reage,%20Lda%20et%20toute%20personne%20souhaitant%20effectuer%20un%20achat%20via%20le\u2026\" \/>\n<meta property=\"og:locale\" content=\"fr_FR\" \/>\n<meta property=\"og:type\" content=\"article\" \/>\n<meta property=\"og:title\" content=\"Termes et Conditions\" \/>\n<meta property=\"og:description\" content=\"www.safebox.cash Le site Web www.safebox.cash est une boutique en ligne sp\u00e9cialis\u00e9e dans la vente de divers produits, propri\u00e9t\u00e9 de Reage, Lda, dont le si\u00e8ge est \u00e0 Largo Conselheiro Sousa e Melo, 3850-135 Albergaria-a-Velha. Conditions G\u00e9n\u00e9rales de Vente Ces conditions sont convenues entre la soci\u00e9t\u00e9 Reage, Lda et toute personne souhaitant effectuer un achat via le\u2026\" \/>\n<meta property=\"og:url\" content=\"https:\/\/safebox.cash\/fr\/termes-et-conditions\/\" \/>\n<meta property=\"og:site_name\" content=\"SAFEBOX\" \/>\n<meta name=\"twitter:card\" content=\"summary_large_image\" \/>\n<meta name=\"twitter:label1\" content=\"Dur\u00e9e de lecture estim\u00e9e\" \/>\n\t<meta name=\"twitter:data1\" content=\"9 minutes\" \/>\n<script type=\"application\/ld+json\" class=\"yoast-schema-graph\">{\"@context\":\"https:\\\/\\\/schema.org\",\"@graph\":[{\"@type\":\"WebPage\",\"@id\":\"https:\\\/\\\/safebox.cash\\\/fr\\\/termes-et-conditions\\\/\",\"url\":\"https:\\\/\\\/safebox.cash\\\/fr\\\/termes-et-conditions\\\/\",\"name\":\"Termos e Condi\u00e7\u00f5es - SAFEBOX\",\"isPartOf\":{\"@id\":\"https:\\\/\\\/safebox.cash\\\/#website\"},\"datePublished\":\"2025-04-01T09:24:03+00:00\",\"breadcrumb\":{\"@id\":\"https:\\\/\\\/safebox.cash\\\/fr\\\/termes-et-conditions\\\/#breadcrumb\"},\"inLanguage\":\"fr-FR\",\"potentialAction\":[{\"@type\":\"ReadAction\",\"target\":[\"https:\\\/\\\/safebox.cash\\\/fr\\\/termes-et-conditions\\\/\"]}]},{\"@type\":\"BreadcrumbList\",\"@id\":\"https:\\\/\\\/safebox.cash\\\/fr\\\/termes-et-conditions\\\/#breadcrumb\",\"itemListElement\":[{\"@type\":\"ListItem\",\"position\":1,\"name\":\"Accueil\",\"item\":\"https:\\\/\\\/safebox.cash\\\/\"},{\"@type\":\"ListItem\",\"position\":2,\"name\":\"Termes et Conditions\"}]},{\"@type\":\"WebSite\",\"@id\":\"https:\\\/\\\/safebox.cash\\\/fr\\\/#website\",\"url\":\"https:\\\/\\\/safebox.cash\\\/fr\\\/\",\"name\":\"SAFEBOX\",\"description\":\"\",\"publisher\":{\"@id\":\"https:\\\/\\\/safebox.cash\\\/fr\\\/#organization\"},\"potentialAction\":[{\"@type\":\"SearchAction\",\"target\":{\"@type\":\"EntryPoint\",\"urlTemplate\":\"https:\\\/\\\/safebox.cash\\\/fr\\\/?s={search_term_string}\"},\"query-input\":{\"@type\":\"PropertyValueSpecification\",\"valueRequired\":true,\"valueName\":\"search_term_string\"}}],\"inLanguage\":\"fr-FR\"},{\"@type\":\"Organization\",\"@id\":\"https:\\\/\\\/safebox.cash\\\/fr\\\/#organization\",\"name\":\"SAFEBOX\",\"url\":\"https:\\\/\\\/safebox.cash\\\/fr\\\/\",\"logo\":{\"@type\":\"ImageObject\",\"inLanguage\":\"fr-FR\",\"@id\":\"https:\\\/\\\/safebox.cash\\\/fr\\\/#\\\/schema\\\/logo\\\/image\\\/\",\"url\":\"https:\\\/\\\/safebox.cash\\\/wp-content\\\/uploads\\\/2025\\\/03\\\/SafeboxLogo-b.svg\",\"contentUrl\":\"https:\\\/\\\/safebox.cash\\\/wp-content\\\/uploads\\\/2025\\\/03\\\/SafeboxLogo-b.svg\",\"width\":306,\"height\":50,\"caption\":\"SAFEBOX\"},\"image\":{\"@id\":\"https:\\\/\\\/safebox.cash\\\/fr\\\/#\\\/schema\\\/logo\\\/image\\\/\"}}]}<\/script>\n<!-- \/ Yoast SEO plugin. -->","yoast_head_json":{"title":"Termes et Conditions","description":"www.safebox.cash Le site Web www.safebox.cash est une boutique en ligne sp\u00e9cialis\u00e9e dans la vente de divers produits, propri\u00e9t\u00e9 de Reage, Lda, dont le si\u00e8ge est \u00e0 Largo Conselheiro Sousa e Melo, 3850-135 Albergaria-a-Velha. Conditions G\u00e9n\u00e9rales de Vente Ces conditions sont convenues entre la soci\u00e9t\u00e9 Reage, Lda et toute personne souhaitant effectuer un achat via le\u2026","robots":{"index":"index","follow":"follow","max-snippet":"max-snippet:-1","max-image-preview":"max-image-preview:large","max-video-preview":"max-video-preview:-1"},"canonical":"www.safebox.cash Le site Web www.safebox.cash est une boutique en ligne sp\u00e9cialis\u00e9e dans la vente de divers produits, propri\u00e9t\u00e9 de Reage, Lda, dont le si\u00e8ge est \u00e0 Largo Conselheiro Sousa e Melo, 3850-135 Albergaria-a-Velha. Conditions G\u00e9n\u00e9rales de Vente Ces conditions sont convenues entre la soci\u00e9t\u00e9 Reage, Lda et toute personne souhaitant effectuer un achat via le\u2026","og_locale":"fr_FR","og_type":"article","og_title":"Termes et Conditions","og_description":"www.safebox.cash Le site Web www.safebox.cash est une boutique en ligne sp\u00e9cialis\u00e9e dans la vente de divers produits, propri\u00e9t\u00e9 de Reage, Lda, dont le si\u00e8ge est \u00e0 Largo Conselheiro Sousa e Melo, 3850-135 Albergaria-a-Velha. Conditions G\u00e9n\u00e9rales de Vente Ces conditions sont convenues entre la soci\u00e9t\u00e9 Reage, Lda et toute personne souhaitant effectuer un achat via le\u2026","og_url":"https:\/\/safebox.cash\/fr\/termes-et-conditions\/","og_site_name":"SAFEBOX","twitter_card":"summary_large_image","twitter_misc":{"Dur\u00e9e de lecture estim\u00e9e":"9 minutes"},"schema":{"@context":"https:\/\/schema.org","@graph":[{"@type":"WebPage","@id":"https:\/\/safebox.cash\/fr\/termes-et-conditions\/","url":"https:\/\/safebox.cash\/fr\/termes-et-conditions\/","name":"Termos e Condi\u00e7\u00f5es - SAFEBOX","isPartOf":{"@id":"https:\/\/safebox.cash\/#website"},"datePublished":"2025-04-01T09:24:03+00:00","breadcrumb":{"@id":"https:\/\/safebox.cash\/fr\/termes-et-conditions\/#breadcrumb"},"inLanguage":"fr-FR","potentialAction":[{"@type":"ReadAction","target":["https:\/\/safebox.cash\/fr\/termes-et-conditions\/"]}]},{"@type":"BreadcrumbList","@id":"https:\/\/safebox.cash\/fr\/termes-et-conditions\/#breadcrumb","itemListElement":[{"@type":"ListItem","position":1,"name":"Accueil","item":"https:\/\/safebox.cash\/"},{"@type":"ListItem","position":2,"name":"Termes et Conditions"}]},{"@type":"WebSite","@id":"https:\/\/safebox.cash\/fr\/#website","url":"https:\/\/safebox.cash\/fr\/","name":"SAFEBOX","description":"","publisher":{"@id":"https:\/\/safebox.cash\/fr\/#organization"},"potentialAction":[{"@type":"SearchAction","target":{"@type":"EntryPoint","urlTemplate":"https:\/\/safebox.cash\/fr\/?s={search_term_string}"},"query-input":{"@type":"PropertyValueSpecification","valueRequired":true,"valueName":"search_term_string"}}],"inLanguage":"fr-FR"},{"@type":"Organization","@id":"https:\/\/safebox.cash\/fr\/#organization","name":"SAFEBOX","url":"https:\/\/safebox.cash\/fr\/","logo":{"@type":"ImageObject","inLanguage":"fr-FR","@id":"https:\/\/safebox.cash\/fr\/#\/schema\/logo\/image\/","url":"https:\/\/safebox.cash\/wp-content\/uploads\/2025\/03\/SafeboxLogo-b.svg","contentUrl":"https:\/\/safebox.cash\/wp-content\/uploads\/2025\/03\/SafeboxLogo-b.svg","width":306,"height":50,"caption":"SAFEBOX"},"image":{"@id":"https:\/\/safebox.cash\/fr\/#\/schema\/logo\/image\/"}}]}},"_links":{"self":[{"href":"https:\/\/safebox.cash\/fr\/wp-json\/wp\/v2\/pages\/6700","targetHints":{"allow":["GET"]}}],"collection":[{"href":"https:\/\/safebox.cash\/fr\/wp-json\/wp\/v2\/pages"}],"about":[{"href":"https:\/\/safebox.cash\/fr\/wp-json\/wp\/v2\/types\/page"}],"author":[{"embeddable":true,"href":"https:\/\/safebox.cash\/fr\/wp-json\/wp\/v2\/users\/1"}],"replies":[{"embeddable":true,"href":"https:\/\/safebox.cash\/fr\/wp-json\/wp\/v2\/comments?post=6700"}],"version-history":[{"count":0,"href":"https:\/\/safebox.cash\/fr\/wp-json\/wp\/v2\/pages\/6700\/revisions"}],"wp:attachment":[{"href":"https:\/\/safebox.cash\/fr\/wp-json\/wp\/v2\/media?parent=6700"}],"curies":[{"name":"wp","href":"https:\/\/api.w.org\/{rel}","templated":true}]}}