{"id":6901,"date":"2025-04-01T14:42:57","date_gmt":"2025-04-01T14:42:57","guid":{"rendered":"https:\/\/dev.safebox.cash\/?post_type=product&#038;p=6901"},"modified":"2025-04-01T14:42:57","modified_gmt":"2025-04-01T14:42:57","slug":"reciclador-de-notas-jcm-ipro-rc-id003-euro500-c-b-payout","status":"publish","type":"product","link":"https:\/\/safebox.cash\/es\/product\/reciclador-de-billetes-jcm-ipro-rc-id003-euro500-c-b-pago\/","title":{"rendered":"Reciclador de Billetes JCM IPRO-RC ID003 Euro500 C\/B Pago"},"content":{"rendered":"<p>\u00a1Reduzca los costos operativos y mantenga contentos a los clientes con el nuevo e incre\u00edble iPRO-RC de JCM Global\u00ae!<\/p>\n<p>El iPRO-RC cuenta con dos compartimentos de gran capacidad con tecnolog\u00eda de reciclaje por fricci\u00f3n de rodillos que almacenan billetes reciclados para pagos instant\u00e1neos, manteniendo su equipo en funcionamiento y a sus clientes contentos.<\/p>\n<p>Adem\u00e1s, el iPRO-RC cuenta con la potente tecnolog\u00eda anti-cord\u00f3n de JCM, aceptaci\u00f3n comprobada de billetes y caja de efectivo extra\u00edble con cerradura.<\/p>\n<p><strong>Dimensiones en mm:&nbsp;<\/strong>114 (An) \u00d7 244 (Pr) \u00d7 511 (Al)<\/p>\n<p><strong>Peso:<\/strong>&nbsp;Aprox. 9,5 kilos<\/p>\n<p><strong>Voltaje de alimentaci\u00f3n:<\/strong>&nbsp;DC24V<\/p>\n<p><strong>Interfaz:<\/strong>&nbsp;RS-232C<\/p>\n","protected":false},"excerpt":{"rendered":"<p>\u00a1Reduzca los costos operativos y mantenga contentos a los clientes con el nuevo e incre\u00edble iPRO-RC de JCM Global\u00ae!<\/p>\n","protected":false},"featured_media":6902,"template":"","meta":{"_acf_changed":false},"product_brand":[],"product_cat":[39],"product_tag":[],"class_list":{"0":"post-6901","1":"product","2":"type-product","3":"status-publish","4":"has-post-thumbnail","6":"product_cat-sem-categoria","8":"first","9":"instock","10":"taxable","11":"shipping-taxable","12":"purchasable","13":"product-type-simple"},"acf":[],"yoast_head":"<!-- This site is optimized with the Yoast SEO plugin v27.4 - https:\/\/yoast.com\/product\/yoast-seo-wordpress\/ -->\n<title>Reciclador de Billetes JCM IPRO-RC ID003 Euro500 C\/B Pago<\/title>\n<meta name=\"description\" content=\"\u00a1Reduzca los costos operativos y mantenga contentos a los clientes con el nuevo e incre\u00edble iPRO-RC de JCM Global\u00ae!\" \/>\n<meta name=\"robots\" content=\"index, follow, max-snippet:-1, max-image-preview:large, max-video-preview:-1\" \/>\n<link rel=\"canonical\" href=\"http:\/\/\u00a1Reduzca%20los%20costos%20operativos%20y%20mantenga%20contentos%20a%20los%20clientes%20con%20el%20nuevo%20e%20incre\u00edble%20iPRO-RC%20de%20JCM%20Global\u00ae!\" \/>\n<meta property=\"og:locale\" content=\"es_ES\" \/>\n<meta property=\"og:type\" content=\"article\" \/>\n<meta property=\"og:title\" content=\"Reciclador de Billetes JCM IPRO-RC ID003 Euro500 C\/B Pago\" \/>\n<meta property=\"og:description\" content=\"\u00a1Reduzca los costos operativos y mantenga contentos a los clientes con el nuevo e incre\u00edble iPRO-RC de JCM Global\u00ae!\" \/>\n<meta property=\"og:url\" content=\"https:\/\/safebox.cash\/es\/product\/reciclador-de-billetes-jcm-ipro-rc-id003-euro500-c-b-pago\/\" \/>\n<meta property=\"og:site_name\" content=\"SAFEBOX\" \/>\n<meta property=\"og:image\" content=\"https:\/\/safebox.cash\/wp-content\/uploads\/2025\/04\/jcm_reciclador_notas.webp\" \/>\n\t<meta property=\"og:image:width\" content=\"566\" \/>\n\t<meta property=\"og:image:height\" content=\"566\" \/>\n\t<meta property=\"og:image:type\" content=\"image\/webp\" \/>\n<meta name=\"twitter:card\" content=\"summary_large_image\" \/>\n<script type=\"application\/ld+json\" class=\"yoast-schema-graph\">{\"@context\":\"https:\\\/\\\/schema.org\",\"@graph\":[{\"@type\":\"WebPage\",\"@id\":\"https:\\\/\\\/safebox.cash\\\/es\\\/product\\\/reciclador-de-billetes-jcm-ipro-rc-id003-euro500-c-b-pago\\\/\",\"url\":\"https:\\\/\\\/safebox.cash\\\/es\\\/product\\\/reciclador-de-billetes-jcm-ipro-rc-id003-euro500-c-b-pago\\\/\",\"name\":\"Reciclador de Notas JCM IPRO-RC ID003 Euro500 C\\\/B Payout - SAFEBOX\",\"isPartOf\":{\"@id\":\"https:\\\/\\\/safebox.cash\\\/#website\"},\"primaryImageOfPage\":{\"@id\":\"https:\\\/\\\/safebox.cash\\\/es\\\/product\\\/reciclador-de-billetes-jcm-ipro-rc-id003-euro500-c-b-pago\\\/#primaryimage\"},\"image\":{\"@id\":\"https:\\\/\\\/safebox.cash\\\/es\\\/product\\\/reciclador-de-billetes-jcm-ipro-rc-id003-euro500-c-b-pago\\\/#primaryimage\"},\"thumbnailUrl\":\"https:\\\/\\\/safebox.cash\\\/wp-content\\\/uploads\\\/2025\\\/04\\\/jcm_reciclador_notas.webp\",\"datePublished\":\"2025-04-01T14:42:57+00:00\",\"breadcrumb\":{\"@id\":\"https:\\\/\\\/safebox.cash\\\/es\\\/product\\\/reciclador-de-billetes-jcm-ipro-rc-id003-euro500-c-b-pago\\\/#breadcrumb\"},\"inLanguage\":\"es\",\"potentialAction\":[{\"@type\":\"ReadAction\",\"target\":[\"https:\\\/\\\/safebox.cash\\\/es\\\/product\\\/reciclador-de-billetes-jcm-ipro-rc-id003-euro500-c-b-pago\\\/\"]}]},{\"@type\":\"ImageObject\",\"inLanguage\":\"es\",\"@id\":\"https:\\\/\\\/safebox.cash\\\/es\\\/product\\\/reciclador-de-billetes-jcm-ipro-rc-id003-euro500-c-b-pago\\\/#primaryimage\",\"url\":\"https:\\\/\\\/safebox.cash\\\/wp-content\\\/uploads\\\/2025\\\/04\\\/jcm_reciclador_notas.webp\",\"contentUrl\":\"https:\\\/\\\/safebox.cash\\\/wp-content\\\/uploads\\\/2025\\\/04\\\/jcm_reciclador_notas.webp\",\"width\":566,\"height\":566},{\"@type\":\"BreadcrumbList\",\"@id\":\"https:\\\/\\\/safebox.cash\\\/es\\\/product\\\/reciclador-de-billetes-jcm-ipro-rc-id003-euro500-c-b-pago\\\/#breadcrumb\",\"itemListElement\":[{\"@type\":\"ListItem\",\"position\":1,\"name\":\"Inicio\",\"item\":\"https:\\\/\\\/safebox.cash\\\/\"},{\"@type\":\"ListItem\",\"position\":2,\"name\":\"Reciclador de Billetes JCM IPRO-RC ID003 Euro500 C\\\/B Pago\"}]},{\"@type\":\"WebSite\",\"@id\":\"https:\\\/\\\/safebox.cash\\\/es\\\/#website\",\"url\":\"https:\\\/\\\/safebox.cash\\\/es\\\/\",\"name\":\"SAFEBOX\",\"description\":\"\",\"publisher\":{\"@id\":\"https:\\\/\\\/safebox.cash\\\/es\\\/#organization\"},\"potentialAction\":[{\"@type\":\"SearchAction\",\"target\":{\"@type\":\"EntryPoint\",\"urlTemplate\":\"https:\\\/\\\/safebox.cash\\\/es\\\/?s={search_term_string}\"},\"query-input\":{\"@type\":\"PropertyValueSpecification\",\"valueRequired\":true,\"valueName\":\"search_term_string\"}}],\"inLanguage\":\"es\"},{\"@type\":\"Organization\",\"@id\":\"https:\\\/\\\/safebox.cash\\\/es\\\/#organization\",\"name\":\"SAFEBOX\",\"url\":\"https:\\\/\\\/safebox.cash\\\/es\\\/\",\"logo\":{\"@type\":\"ImageObject\",\"inLanguage\":\"es\",\"@id\":\"https:\\\/\\\/safebox.cash\\\/es\\\/#\\\/schema\\\/logo\\\/image\\\/\",\"url\":\"https:\\\/\\\/safebox.cash\\\/wp-content\\\/uploads\\\/2025\\\/03\\\/SafeboxLogo-b.svg\",\"contentUrl\":\"https:\\\/\\\/safebox.cash\\\/wp-content\\\/uploads\\\/2025\\\/03\\\/SafeboxLogo-b.svg\",\"width\":306,\"height\":50,\"caption\":\"SAFEBOX\"},\"image\":{\"@id\":\"https:\\\/\\\/safebox.cash\\\/es\\\/#\\\/schema\\\/logo\\\/image\\\/\"}}]}<\/script>\n<!-- \/ Yoast SEO plugin. -->","yoast_head_json":{"title":"Reciclador de Billetes JCM IPRO-RC ID003 Euro500 C\/B Pago","description":"\u00a1Reduzca los costos operativos y mantenga contentos a los clientes con el nuevo e incre\u00edble iPRO-RC de JCM Global\u00ae!","robots":{"index":"index","follow":"follow","max-snippet":"max-snippet:-1","max-image-preview":"max-image-preview:large","max-video-preview":"max-video-preview:-1"},"canonical":"\u00a1Reduzca los costos operativos y mantenga contentos a los clientes con el nuevo e incre\u00edble iPRO-RC de JCM Global\u00ae!","og_locale":"es_ES","og_type":"article","og_title":"Reciclador de Billetes JCM IPRO-RC ID003 Euro500 C\/B Pago","og_description":"\u00a1Reduzca los costos operativos y mantenga contentos a los clientes con el nuevo e incre\u00edble iPRO-RC de JCM Global\u00ae!","og_url":"https:\/\/safebox.cash\/es\/product\/reciclador-de-billetes-jcm-ipro-rc-id003-euro500-c-b-pago\/","og_site_name":"SAFEBOX","og_image":[{"width":566,"height":566,"url":"https:\/\/safebox.cash\/wp-content\/uploads\/2025\/04\/jcm_reciclador_notas.webp","type":"image\/webp"}],"twitter_card":"summary_large_image","schema":{"@context":"https:\/\/schema.org","@graph":[{"@type":"WebPage","@id":"https:\/\/safebox.cash\/es\/product\/reciclador-de-billetes-jcm-ipro-rc-id003-euro500-c-b-pago\/","url":"https:\/\/safebox.cash\/es\/product\/reciclador-de-billetes-jcm-ipro-rc-id003-euro500-c-b-pago\/","name":"Reciclador de Notas JCM IPRO-RC ID003 Euro500 C\/B Payout - SAFEBOX","isPartOf":{"@id":"https:\/\/safebox.cash\/#website"},"primaryImageOfPage":{"@id":"https:\/\/safebox.cash\/es\/product\/reciclador-de-billetes-jcm-ipro-rc-id003-euro500-c-b-pago\/#primaryimage"},"image":{"@id":"https:\/\/safebox.cash\/es\/product\/reciclador-de-billetes-jcm-ipro-rc-id003-euro500-c-b-pago\/#primaryimage"},"thumbnailUrl":"https:\/\/safebox.cash\/wp-content\/uploads\/2025\/04\/jcm_reciclador_notas.webp","datePublished":"2025-04-01T14:42:57+00:00","breadcrumb":{"@id":"https:\/\/safebox.cash\/es\/product\/reciclador-de-billetes-jcm-ipro-rc-id003-euro500-c-b-pago\/#breadcrumb"},"inLanguage":"es","potentialAction":[{"@type":"ReadAction","target":["https:\/\/safebox.cash\/es\/product\/reciclador-de-billetes-jcm-ipro-rc-id003-euro500-c-b-pago\/"]}]},{"@type":"ImageObject","inLanguage":"es","@id":"https:\/\/safebox.cash\/es\/product\/reciclador-de-billetes-jcm-ipro-rc-id003-euro500-c-b-pago\/#primaryimage","url":"https:\/\/safebox.cash\/wp-content\/uploads\/2025\/04\/jcm_reciclador_notas.webp","contentUrl":"https:\/\/safebox.cash\/wp-content\/uploads\/2025\/04\/jcm_reciclador_notas.webp","width":566,"height":566},{"@type":"BreadcrumbList","@id":"https:\/\/safebox.cash\/es\/product\/reciclador-de-billetes-jcm-ipro-rc-id003-euro500-c-b-pago\/#breadcrumb","itemListElement":[{"@type":"ListItem","position":1,"name":"Inicio","item":"https:\/\/safebox.cash\/"},{"@type":"ListItem","position":2,"name":"Reciclador de Billetes JCM IPRO-RC ID003 Euro500 C\/B Pago"}]},{"@type":"WebSite","@id":"https:\/\/safebox.cash\/es\/#website","url":"https:\/\/safebox.cash\/es\/","name":"SAFEBOX","description":"","publisher":{"@id":"https:\/\/safebox.cash\/es\/#organization"},"potentialAction":[{"@type":"SearchAction","target":{"@type":"EntryPoint","urlTemplate":"https:\/\/safebox.cash\/es\/?s={search_term_string}"},"query-input":{"@type":"PropertyValueSpecification","valueRequired":true,"valueName":"search_term_string"}}],"inLanguage":"es"},{"@type":"Organization","@id":"https:\/\/safebox.cash\/es\/#organization","name":"SAFEBOX","url":"https:\/\/safebox.cash\/es\/","logo":{"@type":"ImageObject","inLanguage":"es","@id":"https:\/\/safebox.cash\/es\/#\/schema\/logo\/image\/","url":"https:\/\/safebox.cash\/wp-content\/uploads\/2025\/03\/SafeboxLogo-b.svg","contentUrl":"https:\/\/safebox.cash\/wp-content\/uploads\/2025\/03\/SafeboxLogo-b.svg","width":306,"height":50,"caption":"SAFEBOX"},"image":{"@id":"https:\/\/safebox.cash\/es\/#\/schema\/logo\/image\/"}}]}},"_links":{"self":[{"href":"https:\/\/safebox.cash\/es\/wp-json\/wp\/v2\/product\/6901","targetHints":{"allow":["GET"]}}],"collection":[{"href":"https:\/\/safebox.cash\/es\/wp-json\/wp\/v2\/product"}],"about":[{"href":"https:\/\/safebox.cash\/es\/wp-json\/wp\/v2\/types\/product"}],"wp:featuredmedia":[{"embeddable":true,"href":"https:\/\/safebox.cash\/es\/wp-json\/wp\/v2\/media\/6902"}],"wp:attachment":[{"href":"https:\/\/safebox.cash\/es\/wp-json\/wp\/v2\/media?parent=6901"}],"wp:term":[{"taxonomy":"product_brand","embeddable":true,"href":"https:\/\/safebox.cash\/es\/wp-json\/wp\/v2\/product_brand?post=6901"},{"taxonomy":"product_cat","embeddable":true,"href":"https:\/\/safebox.cash\/es\/wp-json\/wp\/v2\/product_cat?post=6901"},{"taxonomy":"product_tag","embeddable":true,"href":"https:\/\/safebox.cash\/es\/wp-json\/wp\/v2\/product_tag?post=6901"}],"curies":[{"name":"wp","href":"https:\/\/api.w.org\/{rel}","templated":true}]}}