{"id":6896,"date":"2025-04-01T14:34:21","date_gmt":"2025-04-01T14:34:21","guid":{"rendered":"https:\/\/dev.safebox.cash\/?post_type=product&#038;p=6896"},"modified":"2025-04-01T14:34:21","modified_gmt":"2025-04-01T14:34:21","slug":"smart-hopper-4","status":"publish","type":"product","link":"https:\/\/safebox.cash\/es\/product\/smart-hopper-4\/","title":{"rendered":"SMART Hopper 4"},"content":{"rendered":"<p>SMART Hopper de Innovative Technology es un reciclador y tolva de m\u00faltiples monedas de \u00faltima generaci\u00f3n que elimina la escasez de monedas. Con una capacidad de moneda mixta l\u00edder en la industria, SMART Hopper elimina la necesidad de m\u00faltiples hoppers, maximizando la eficiencia del efectivo.<\/p>\n<p>SMART Hopper reduce el costo del manejo interno de monedas al eliminar la necesidad de m\u00faltiples tolvas y clasificadores. Operando a una velocidad l\u00edder en la industria de 12 monedas por segundo, SMART Hopper es una verdadera unidad de pago multidivisa, capaz de aceptar todas las monedas que pasan a trav\u00e9s del motor de monedas. El \u00faltimo SMART Hopper incluye funcionalidad de registro de datos mediante tarjeta SD y soporte adicional para monedas peque\u00f1as.<\/p>\n<p><strong>Alimentaci\u00f3n:<\/strong>&nbsp;Requisitos: 24 V | En espera: 200 mA | Corriendo: 3 A | Pico: 6,5 A<\/p>\n<p><strong>Velocidad de pago:&nbsp;<\/strong>hasta 12 monedas por segundo<\/p>\n<p><strong>Capacidad de monedas mixtas:<\/strong>&nbsp;2\u20ac x 200 + 1\u20ac x 750 + 50c x 500<\/p>\n<p><strong>Capacidad de monedas:<\/strong>&nbsp;1500 (1\u20ac) 1300 (1\u00a3) 800 (2\u00a3)<\/p>\n<p><strong>Dimensiones de la moneda:<\/strong>&nbsp;Di\u00e1metro: 18 &#8211; 28,5 mm Grosor: 1,65 &#8211; 3,2 mm<\/p>\n<p><strong>Protocolos:<\/strong>&nbsp;SSP<\/p>\n<p><strong>Interfaces:&nbsp;<\/strong>USB con IF17 (colector abierto)<\/p>\n<p><strong>Multidenominaci\u00f3n:&nbsp;<\/strong>hasta 11 denominaciones<\/p>\n<p><strong>Peso:<\/strong>&nbsp;2,4 kg vac\u00edo | 13,7 kilos llenos<\/p>\n","protected":false},"excerpt":{"rendered":"<p>SMART Hopper de Innovative Technology es un reciclador y tolva de m\u00faltiples monedas de \u00faltima generaci\u00f3n que elimina la escasez de monedas. Con una capacidad de moneda mixta l\u00edder en la industria, SMART Hopper elimina la necesidad de m\u00faltiples hoppers, maximizando la eficiencia del efectivo.<\/p>\n","protected":false},"featured_media":6897,"template":"","meta":{"_acf_changed":false},"product_brand":[],"product_cat":[39],"product_tag":[],"class_list":{"0":"post-6896","1":"product","2":"type-product","3":"status-publish","4":"has-post-thumbnail","6":"product_cat-sem-categoria","8":"first","9":"instock","10":"taxable","11":"shipping-taxable","12":"purchasable","13":"product-type-simple"},"acf":[],"yoast_head":"<!-- This site is optimized with the Yoast SEO plugin v27.5 - https:\/\/yoast.com\/product\/yoast-seo-wordpress\/ -->\n<title>SMART Hopper 4<\/title>\n<meta name=\"description\" content=\"SMART Hopper de Innovative Technology es un reciclador y tolva de m\u00faltiples monedas de \u00faltima generaci\u00f3n que elimina la escasez de monedas. Con una capacidad de moneda mixta l\u00edder en la industria, SMART Hopper elimina la necesidad de m\u00faltiples hoppers, maximizando la eficiencia del efectivo.\" \/>\n<meta name=\"robots\" content=\"index, follow, max-snippet:-1, max-image-preview:large, max-video-preview:-1\" \/>\n<link rel=\"canonical\" href=\"http:\/\/SMART%20Hopper%20de%20Innovative%20Technology%20es%20un%20reciclador%20y%20tolva%20de%20m\u00faltiples%20monedas%20de%20\u00faltima%20generaci\u00f3n%20que%20elimina%20la%20escasez%20de%20monedas.%20Con%20una%20capacidad%20de%20moneda%20mixta%20l\u00edder%20en%20la%20industria,%20SMART%20Hopper%20elimina%20la%20necesidad%20de%20m\u00faltiples%20hoppers,%20maximizando%20la%20eficiencia%20del%20efectivo.\" \/>\n<meta property=\"og:locale\" content=\"es_ES\" \/>\n<meta property=\"og:type\" content=\"article\" \/>\n<meta property=\"og:title\" content=\"SMART Hopper 4\" \/>\n<meta property=\"og:description\" content=\"SMART Hopper de Innovative Technology es un reciclador y tolva de m\u00faltiples monedas de \u00faltima generaci\u00f3n que elimina la escasez de monedas. Con una capacidad de moneda mixta l\u00edder en la industria, SMART Hopper elimina la necesidad de m\u00faltiples hoppers, maximizando la eficiencia del efectivo.\" \/>\n<meta property=\"og:url\" content=\"https:\/\/safebox.cash\/es\/product\/smart-hopper-4\/\" \/>\n<meta property=\"og:site_name\" content=\"SAFEBOX\" \/>\n<meta property=\"og:image\" content=\"https:\/\/safebox.cash\/wp-content\/uploads\/2025\/04\/smart_hopper.webp\" \/>\n\t<meta property=\"og:image:width\" content=\"566\" \/>\n\t<meta property=\"og:image:height\" content=\"566\" \/>\n\t<meta property=\"og:image:type\" content=\"image\/webp\" \/>\n<meta name=\"twitter:card\" content=\"summary_large_image\" \/>\n<meta name=\"twitter:label1\" content=\"Tiempo de lectura\" \/>\n\t<meta name=\"twitter:data1\" content=\"1 minuto\" \/>\n<script type=\"application\/ld+json\" class=\"yoast-schema-graph\">{\"@context\":\"https:\\\/\\\/schema.org\",\"@graph\":[{\"@type\":\"WebPage\",\"@id\":\"https:\\\/\\\/safebox.cash\\\/es\\\/product\\\/smart-hopper-4\\\/\",\"url\":\"https:\\\/\\\/safebox.cash\\\/es\\\/product\\\/smart-hopper-4\\\/\",\"name\":\"SMART Hopper 4 - SAFEBOX\",\"isPartOf\":{\"@id\":\"https:\\\/\\\/safebox.cash\\\/#website\"},\"primaryImageOfPage\":{\"@id\":\"https:\\\/\\\/safebox.cash\\\/es\\\/product\\\/smart-hopper-4\\\/#primaryimage\"},\"image\":{\"@id\":\"https:\\\/\\\/safebox.cash\\\/es\\\/product\\\/smart-hopper-4\\\/#primaryimage\"},\"thumbnailUrl\":\"https:\\\/\\\/safebox.cash\\\/wp-content\\\/uploads\\\/2025\\\/04\\\/smart_hopper.webp\",\"datePublished\":\"2025-04-01T14:34:21+00:00\",\"breadcrumb\":{\"@id\":\"https:\\\/\\\/safebox.cash\\\/es\\\/product\\\/smart-hopper-4\\\/#breadcrumb\"},\"inLanguage\":\"es\",\"potentialAction\":[{\"@type\":\"ReadAction\",\"target\":[\"https:\\\/\\\/safebox.cash\\\/es\\\/product\\\/smart-hopper-4\\\/\"]}]},{\"@type\":\"ImageObject\",\"inLanguage\":\"es\",\"@id\":\"https:\\\/\\\/safebox.cash\\\/es\\\/product\\\/smart-hopper-4\\\/#primaryimage\",\"url\":\"https:\\\/\\\/safebox.cash\\\/wp-content\\\/uploads\\\/2025\\\/04\\\/smart_hopper.webp\",\"contentUrl\":\"https:\\\/\\\/safebox.cash\\\/wp-content\\\/uploads\\\/2025\\\/04\\\/smart_hopper.webp\",\"width\":566,\"height\":566},{\"@type\":\"BreadcrumbList\",\"@id\":\"https:\\\/\\\/safebox.cash\\\/es\\\/product\\\/smart-hopper-4\\\/#breadcrumb\",\"itemListElement\":[{\"@type\":\"ListItem\",\"position\":1,\"name\":\"Inicio\",\"item\":\"https:\\\/\\\/safebox.cash\\\/\"},{\"@type\":\"ListItem\",\"position\":2,\"name\":\"SMART Hopper 4\"}]},{\"@type\":\"WebSite\",\"@id\":\"https:\\\/\\\/safebox.cash\\\/es\\\/#website\",\"url\":\"https:\\\/\\\/safebox.cash\\\/es\\\/\",\"name\":\"SAFEBOX\",\"description\":\"\",\"publisher\":{\"@id\":\"https:\\\/\\\/safebox.cash\\\/es\\\/#organization\"},\"potentialAction\":[{\"@type\":\"SearchAction\",\"target\":{\"@type\":\"EntryPoint\",\"urlTemplate\":\"https:\\\/\\\/safebox.cash\\\/es\\\/?s={search_term_string}\"},\"query-input\":{\"@type\":\"PropertyValueSpecification\",\"valueRequired\":true,\"valueName\":\"search_term_string\"}}],\"inLanguage\":\"es\"},{\"@type\":\"Organization\",\"@id\":\"https:\\\/\\\/safebox.cash\\\/es\\\/#organization\",\"name\":\"SAFEBOX\",\"url\":\"https:\\\/\\\/safebox.cash\\\/es\\\/\",\"logo\":{\"@type\":\"ImageObject\",\"inLanguage\":\"es\",\"@id\":\"https:\\\/\\\/safebox.cash\\\/es\\\/#\\\/schema\\\/logo\\\/image\\\/\",\"url\":\"https:\\\/\\\/safebox.cash\\\/wp-content\\\/uploads\\\/2025\\\/03\\\/SafeboxLogo-b.svg\",\"contentUrl\":\"https:\\\/\\\/safebox.cash\\\/wp-content\\\/uploads\\\/2025\\\/03\\\/SafeboxLogo-b.svg\",\"width\":306,\"height\":50,\"caption\":\"SAFEBOX\"},\"image\":{\"@id\":\"https:\\\/\\\/safebox.cash\\\/es\\\/#\\\/schema\\\/logo\\\/image\\\/\"}}]}<\/script>\n<!-- \/ Yoast SEO plugin. -->","yoast_head_json":{"title":"SMART Hopper 4","description":"SMART Hopper de Innovative Technology es un reciclador y tolva de m\u00faltiples monedas de \u00faltima generaci\u00f3n que elimina la escasez de monedas. Con una capacidad de moneda mixta l\u00edder en la industria, SMART Hopper elimina la necesidad de m\u00faltiples hoppers, maximizando la eficiencia del efectivo.","robots":{"index":"index","follow":"follow","max-snippet":"max-snippet:-1","max-image-preview":"max-image-preview:large","max-video-preview":"max-video-preview:-1"},"canonical":"SMART Hopper de Innovative Technology es un reciclador y tolva de m\u00faltiples monedas de \u00faltima generaci\u00f3n que elimina la escasez de monedas. Con una capacidad de moneda mixta l\u00edder en la industria, SMART Hopper elimina la necesidad de m\u00faltiples hoppers, maximizando la eficiencia del efectivo.","og_locale":"es_ES","og_type":"article","og_title":"SMART Hopper 4","og_description":"SMART Hopper de Innovative Technology es un reciclador y tolva de m\u00faltiples monedas de \u00faltima generaci\u00f3n que elimina la escasez de monedas. Con una capacidad de moneda mixta l\u00edder en la industria, SMART Hopper elimina la necesidad de m\u00faltiples hoppers, maximizando la eficiencia del efectivo.","og_url":"https:\/\/safebox.cash\/es\/product\/smart-hopper-4\/","og_site_name":"SAFEBOX","og_image":[{"width":566,"height":566,"url":"https:\/\/safebox.cash\/wp-content\/uploads\/2025\/04\/smart_hopper.webp","type":"image\/webp"}],"twitter_card":"summary_large_image","twitter_misc":{"Tiempo de lectura":"1 minuto"},"schema":{"@context":"https:\/\/schema.org","@graph":[{"@type":"WebPage","@id":"https:\/\/safebox.cash\/es\/product\/smart-hopper-4\/","url":"https:\/\/safebox.cash\/es\/product\/smart-hopper-4\/","name":"SMART Hopper 4 - SAFEBOX","isPartOf":{"@id":"https:\/\/safebox.cash\/#website"},"primaryImageOfPage":{"@id":"https:\/\/safebox.cash\/es\/product\/smart-hopper-4\/#primaryimage"},"image":{"@id":"https:\/\/safebox.cash\/es\/product\/smart-hopper-4\/#primaryimage"},"thumbnailUrl":"https:\/\/safebox.cash\/wp-content\/uploads\/2025\/04\/smart_hopper.webp","datePublished":"2025-04-01T14:34:21+00:00","breadcrumb":{"@id":"https:\/\/safebox.cash\/es\/product\/smart-hopper-4\/#breadcrumb"},"inLanguage":"es","potentialAction":[{"@type":"ReadAction","target":["https:\/\/safebox.cash\/es\/product\/smart-hopper-4\/"]}]},{"@type":"ImageObject","inLanguage":"es","@id":"https:\/\/safebox.cash\/es\/product\/smart-hopper-4\/#primaryimage","url":"https:\/\/safebox.cash\/wp-content\/uploads\/2025\/04\/smart_hopper.webp","contentUrl":"https:\/\/safebox.cash\/wp-content\/uploads\/2025\/04\/smart_hopper.webp","width":566,"height":566},{"@type":"BreadcrumbList","@id":"https:\/\/safebox.cash\/es\/product\/smart-hopper-4\/#breadcrumb","itemListElement":[{"@type":"ListItem","position":1,"name":"Inicio","item":"https:\/\/safebox.cash\/"},{"@type":"ListItem","position":2,"name":"SMART Hopper 4"}]},{"@type":"WebSite","@id":"https:\/\/safebox.cash\/es\/#website","url":"https:\/\/safebox.cash\/es\/","name":"SAFEBOX","description":"","publisher":{"@id":"https:\/\/safebox.cash\/es\/#organization"},"potentialAction":[{"@type":"SearchAction","target":{"@type":"EntryPoint","urlTemplate":"https:\/\/safebox.cash\/es\/?s={search_term_string}"},"query-input":{"@type":"PropertyValueSpecification","valueRequired":true,"valueName":"search_term_string"}}],"inLanguage":"es"},{"@type":"Organization","@id":"https:\/\/safebox.cash\/es\/#organization","name":"SAFEBOX","url":"https:\/\/safebox.cash\/es\/","logo":{"@type":"ImageObject","inLanguage":"es","@id":"https:\/\/safebox.cash\/es\/#\/schema\/logo\/image\/","url":"https:\/\/safebox.cash\/wp-content\/uploads\/2025\/03\/SafeboxLogo-b.svg","contentUrl":"https:\/\/safebox.cash\/wp-content\/uploads\/2025\/03\/SafeboxLogo-b.svg","width":306,"height":50,"caption":"SAFEBOX"},"image":{"@id":"https:\/\/safebox.cash\/es\/#\/schema\/logo\/image\/"}}]}},"_links":{"self":[{"href":"https:\/\/safebox.cash\/es\/wp-json\/wp\/v2\/product\/6896","targetHints":{"allow":["GET"]}}],"collection":[{"href":"https:\/\/safebox.cash\/es\/wp-json\/wp\/v2\/product"}],"about":[{"href":"https:\/\/safebox.cash\/es\/wp-json\/wp\/v2\/types\/product"}],"wp:featuredmedia":[{"embeddable":true,"href":"https:\/\/safebox.cash\/es\/wp-json\/wp\/v2\/media\/6897"}],"wp:attachment":[{"href":"https:\/\/safebox.cash\/es\/wp-json\/wp\/v2\/media?parent=6896"}],"wp:term":[{"taxonomy":"product_brand","embeddable":true,"href":"https:\/\/safebox.cash\/es\/wp-json\/wp\/v2\/product_brand?post=6896"},{"taxonomy":"product_cat","embeddable":true,"href":"https:\/\/safebox.cash\/es\/wp-json\/wp\/v2\/product_cat?post=6896"},{"taxonomy":"product_tag","embeddable":true,"href":"https:\/\/safebox.cash\/es\/wp-json\/wp\/v2\/product_tag?post=6896"}],"curies":[{"name":"wp","href":"https:\/\/api.w.org\/{rel}","templated":true}]}}