{"id":6704,"date":"2025-04-01T09:27:30","date_gmt":"2025-04-01T09:27:30","guid":{"rendered":"https:\/\/dev.safebox.cash\/?page_id=6704"},"modified":"2025-04-01T09:27:30","modified_gmt":"2025-04-01T09:27:30","slug":"resolucao-alternativa-de-conflictos","status":"publish","type":"page","link":"https:\/\/safebox.cash\/es\/resolucion-alternativa-de-disputas\/","title":{"rendered":"Resoluci\u00f3n Alternativa de Disputas"},"content":{"rendered":"<p><strong>Informaci\u00f3n al Consumidor (Ley 144\/2015, de 8 de septiembre)<\/strong><\/p>\n<p>Nuestros Clientes quedan informados que estamos disponibles para cualquier aclaraci\u00f3n o resoluci\u00f3n de cualquier problema relacionado con los servicios prestados y\/o bienes suministrados por esta empresa. Tenga en cuenta que usted puede, como consumidores, en caso de una disputa relacionada con obligaciones contractuales resultantes de contratos de compra y venta o servicios prestados a la siguiente Entidad de Resoluci\u00f3n Alternativa de Disputas:<\/p>\n<p><strong>CNIACC \u2013 Centro Nacional de Informaci\u00f3n y Arbitraje de Conflictos de Consumo<\/strong><br \/>\nRua D. Afonso Henriques, 1<br \/>\n4700-030 Braga<\/p>\n<p><strong>Tel\u00e9fono: 253 619 107 (Llamada al fijo nacional) \u2013 de 09:00 a 16:00<\/strong><br \/>\n<strong>Correo electr\u00f3nico:<\/strong><a href=\"mailto:geral@cniacc.pt\">geral@cniacc.pt<\/a><br \/>\n<strong>Sitio web:&nbsp;<\/strong><a href=\"https:\/\/www.cniacc.pt\/\">https:\/\/www.cniacc.pt\/<\/a><\/p>\n<p>Para m\u00e1s informaci\u00f3n tambi\u00e9n puedes consultar el Portal del Consumidor \u2013&nbsp;<a href=\"https:\/\/www.consumidor.pt\/\">www.consumidor.pt<\/a><\/p>\n","protected":false},"excerpt":{"rendered":"<p>Informaci\u00f3n al Consumidor (Ley 144\/2015, de 8 de septiembre) Nuestros Clientes quedan informados que estamos disponibles para cualquier aclaraci\u00f3n o resoluci\u00f3n de cualquier problema relacionado con los servicios prestados y\/o bienes suministrados por esta empresa. Tenga en cuenta que usted puede, como consumidores, en caso de una disputa relacionada con obligaciones contractuales resultantes de contratos [&hellip;]<\/p>\n","protected":false},"author":1,"featured_media":0,"parent":0,"menu_order":0,"comment_status":"closed","ping_status":"closed","template":"","meta":{"_acf_changed":false,"footnotes":""},"class_list":["post-6704","page","type-page","status-publish","hentry"],"acf":[],"yoast_head":"<!-- This site is optimized with the Yoast SEO plugin v27.4 - https:\/\/yoast.com\/product\/yoast-seo-wordpress\/ -->\n<title>Resoluci\u00f3n Alternativa de Disputas<\/title>\n<meta name=\"description\" content=\"Informaci\u00f3n al Consumidor (Ley 144\/2015, de 8 de septiembre) Nuestros Clientes quedan informados que estamos disponibles para cualquier aclaraci\u00f3n o resoluci\u00f3n de cualquier problema relacionado con los servicios prestados y\/o bienes suministrados por esta empresa. Tenga en cuenta que usted puede, como consumidores, en caso de una disputa relacionada con obligaciones contractuales resultantes de contratos&hellip;\" \/>\n<meta name=\"robots\" content=\"index, follow, max-snippet:-1, max-image-preview:large, max-video-preview:-1\" \/>\n<link rel=\"canonical\" href=\"http:\/\/Informaci\u00f3n%20al%20Consumidor%20(Ley%20144\/2015,%20de%208%20de%20septiembre)%20Nuestros%20Clientes%20quedan%20informados%20que%20estamos%20disponibles%20para%20cualquier%20aclaraci\u00f3n%20o%20resoluci\u00f3n%20de%20cualquier%20problema%20relacionado%20con%20los%20servicios%20prestados%20y\/o%20bienes%20suministrados%20por%20esta%20empresa.%20Tenga%20en%20cuenta%20que%20usted%20puede,%20como%20consumidores,%20en%20caso%20de%20una%20disputa%20relacionada%20con%20obligaciones%20contractuales%20resultantes%20de%20contratos&hellip;\" \/>\n<meta property=\"og:locale\" content=\"es_ES\" \/>\n<meta property=\"og:type\" content=\"article\" \/>\n<meta property=\"og:title\" content=\"Resoluci\u00f3n Alternativa de Disputas\" \/>\n<meta property=\"og:description\" content=\"Informaci\u00f3n al Consumidor (Ley 144\/2015, de 8 de septiembre) Nuestros Clientes quedan informados que estamos disponibles para cualquier aclaraci\u00f3n o resoluci\u00f3n de cualquier problema relacionado con los servicios prestados y\/o bienes suministrados por esta empresa. Tenga en cuenta que usted puede, como consumidores, en caso de una disputa relacionada con obligaciones contractuales resultantes de contratos&hellip;\" \/>\n<meta property=\"og:url\" content=\"https:\/\/safebox.cash\/es\/resolucion-alternativa-de-disputas\/\" \/>\n<meta property=\"og:site_name\" content=\"SAFEBOX\" \/>\n<meta name=\"twitter:card\" content=\"summary_large_image\" \/>\n<meta name=\"twitter:label1\" content=\"Tiempo de lectura\" \/>\n\t<meta name=\"twitter:data1\" content=\"1 minuto\" \/>\n<script type=\"application\/ld+json\" class=\"yoast-schema-graph\">{\"@context\":\"https:\\\/\\\/schema.org\",\"@graph\":[{\"@type\":\"WebPage\",\"@id\":\"https:\\\/\\\/safebox.cash\\\/es\\\/resolucion-alternativa-de-disputas\\\/\",\"url\":\"https:\\\/\\\/safebox.cash\\\/es\\\/resolucion-alternativa-de-disputas\\\/\",\"name\":\"Resolu\u00e7\u00e3o Alternativa de Conflitos - SAFEBOX\",\"isPartOf\":{\"@id\":\"https:\\\/\\\/safebox.cash\\\/#website\"},\"datePublished\":\"2025-04-01T09:27:30+00:00\",\"breadcrumb\":{\"@id\":\"https:\\\/\\\/safebox.cash\\\/es\\\/resolucion-alternativa-de-disputas\\\/#breadcrumb\"},\"inLanguage\":\"es\",\"potentialAction\":[{\"@type\":\"ReadAction\",\"target\":[\"https:\\\/\\\/safebox.cash\\\/es\\\/resolucion-alternativa-de-disputas\\\/\"]}]},{\"@type\":\"BreadcrumbList\",\"@id\":\"https:\\\/\\\/safebox.cash\\\/es\\\/resolucion-alternativa-de-disputas\\\/#breadcrumb\",\"itemListElement\":[{\"@type\":\"ListItem\",\"position\":1,\"name\":\"Inicio\",\"item\":\"https:\\\/\\\/safebox.cash\\\/\"},{\"@type\":\"ListItem\",\"position\":2,\"name\":\"Resoluci\u00f3n Alternativa de Disputas\"}]},{\"@type\":\"WebSite\",\"@id\":\"https:\\\/\\\/safebox.cash\\\/es\\\/#website\",\"url\":\"https:\\\/\\\/safebox.cash\\\/es\\\/\",\"name\":\"SAFEBOX\",\"description\":\"\",\"publisher\":{\"@id\":\"https:\\\/\\\/safebox.cash\\\/es\\\/#organization\"},\"potentialAction\":[{\"@type\":\"SearchAction\",\"target\":{\"@type\":\"EntryPoint\",\"urlTemplate\":\"https:\\\/\\\/safebox.cash\\\/es\\\/?s={search_term_string}\"},\"query-input\":{\"@type\":\"PropertyValueSpecification\",\"valueRequired\":true,\"valueName\":\"search_term_string\"}}],\"inLanguage\":\"es\"},{\"@type\":\"Organization\",\"@id\":\"https:\\\/\\\/safebox.cash\\\/es\\\/#organization\",\"name\":\"SAFEBOX\",\"url\":\"https:\\\/\\\/safebox.cash\\\/es\\\/\",\"logo\":{\"@type\":\"ImageObject\",\"inLanguage\":\"es\",\"@id\":\"https:\\\/\\\/safebox.cash\\\/es\\\/#\\\/schema\\\/logo\\\/image\\\/\",\"url\":\"https:\\\/\\\/safebox.cash\\\/wp-content\\\/uploads\\\/2025\\\/03\\\/SafeboxLogo-b.svg\",\"contentUrl\":\"https:\\\/\\\/safebox.cash\\\/wp-content\\\/uploads\\\/2025\\\/03\\\/SafeboxLogo-b.svg\",\"width\":306,\"height\":50,\"caption\":\"SAFEBOX\"},\"image\":{\"@id\":\"https:\\\/\\\/safebox.cash\\\/es\\\/#\\\/schema\\\/logo\\\/image\\\/\"}}]}<\/script>\n<!-- \/ Yoast SEO plugin. -->","yoast_head_json":{"title":"Resoluci\u00f3n Alternativa de Disputas","description":"Informaci\u00f3n al Consumidor (Ley 144\/2015, de 8 de septiembre) Nuestros Clientes quedan informados que estamos disponibles para cualquier aclaraci\u00f3n o resoluci\u00f3n de cualquier problema relacionado con los servicios prestados y\/o bienes suministrados por esta empresa. Tenga en cuenta que usted puede, como consumidores, en caso de una disputa relacionada con obligaciones contractuales resultantes de contratos&hellip;","robots":{"index":"index","follow":"follow","max-snippet":"max-snippet:-1","max-image-preview":"max-image-preview:large","max-video-preview":"max-video-preview:-1"},"canonical":"Informaci\u00f3n al Consumidor (Ley 144\/2015, de 8 de septiembre) Nuestros Clientes quedan informados que estamos disponibles para cualquier aclaraci\u00f3n o resoluci\u00f3n de cualquier problema relacionado con los servicios prestados y\/o bienes suministrados por esta empresa. Tenga en cuenta que usted puede, como consumidores, en caso de una disputa relacionada con obligaciones contractuales resultantes de contratos&hellip;","og_locale":"es_ES","og_type":"article","og_title":"Resoluci\u00f3n Alternativa de Disputas","og_description":"Informaci\u00f3n al Consumidor (Ley 144\/2015, de 8 de septiembre) Nuestros Clientes quedan informados que estamos disponibles para cualquier aclaraci\u00f3n o resoluci\u00f3n de cualquier problema relacionado con los servicios prestados y\/o bienes suministrados por esta empresa. Tenga en cuenta que usted puede, como consumidores, en caso de una disputa relacionada con obligaciones contractuales resultantes de contratos&hellip;","og_url":"https:\/\/safebox.cash\/es\/resolucion-alternativa-de-disputas\/","og_site_name":"SAFEBOX","twitter_card":"summary_large_image","twitter_misc":{"Tiempo de lectura":"1 minuto"},"schema":{"@context":"https:\/\/schema.org","@graph":[{"@type":"WebPage","@id":"https:\/\/safebox.cash\/es\/resolucion-alternativa-de-disputas\/","url":"https:\/\/safebox.cash\/es\/resolucion-alternativa-de-disputas\/","name":"Resolu\u00e7\u00e3o Alternativa de Conflitos - SAFEBOX","isPartOf":{"@id":"https:\/\/safebox.cash\/#website"},"datePublished":"2025-04-01T09:27:30+00:00","breadcrumb":{"@id":"https:\/\/safebox.cash\/es\/resolucion-alternativa-de-disputas\/#breadcrumb"},"inLanguage":"es","potentialAction":[{"@type":"ReadAction","target":["https:\/\/safebox.cash\/es\/resolucion-alternativa-de-disputas\/"]}]},{"@type":"BreadcrumbList","@id":"https:\/\/safebox.cash\/es\/resolucion-alternativa-de-disputas\/#breadcrumb","itemListElement":[{"@type":"ListItem","position":1,"name":"Inicio","item":"https:\/\/safebox.cash\/"},{"@type":"ListItem","position":2,"name":"Resoluci\u00f3n Alternativa de Disputas"}]},{"@type":"WebSite","@id":"https:\/\/safebox.cash\/es\/#website","url":"https:\/\/safebox.cash\/es\/","name":"SAFEBOX","description":"","publisher":{"@id":"https:\/\/safebox.cash\/es\/#organization"},"potentialAction":[{"@type":"SearchAction","target":{"@type":"EntryPoint","urlTemplate":"https:\/\/safebox.cash\/es\/?s={search_term_string}"},"query-input":{"@type":"PropertyValueSpecification","valueRequired":true,"valueName":"search_term_string"}}],"inLanguage":"es"},{"@type":"Organization","@id":"https:\/\/safebox.cash\/es\/#organization","name":"SAFEBOX","url":"https:\/\/safebox.cash\/es\/","logo":{"@type":"ImageObject","inLanguage":"es","@id":"https:\/\/safebox.cash\/es\/#\/schema\/logo\/image\/","url":"https:\/\/safebox.cash\/wp-content\/uploads\/2025\/03\/SafeboxLogo-b.svg","contentUrl":"https:\/\/safebox.cash\/wp-content\/uploads\/2025\/03\/SafeboxLogo-b.svg","width":306,"height":50,"caption":"SAFEBOX"},"image":{"@id":"https:\/\/safebox.cash\/es\/#\/schema\/logo\/image\/"}}]}},"_links":{"self":[{"href":"https:\/\/safebox.cash\/es\/wp-json\/wp\/v2\/pages\/6704","targetHints":{"allow":["GET"]}}],"collection":[{"href":"https:\/\/safebox.cash\/es\/wp-json\/wp\/v2\/pages"}],"about":[{"href":"https:\/\/safebox.cash\/es\/wp-json\/wp\/v2\/types\/page"}],"author":[{"embeddable":true,"href":"https:\/\/safebox.cash\/es\/wp-json\/wp\/v2\/users\/1"}],"replies":[{"embeddable":true,"href":"https:\/\/safebox.cash\/es\/wp-json\/wp\/v2\/comments?post=6704"}],"version-history":[{"count":0,"href":"https:\/\/safebox.cash\/es\/wp-json\/wp\/v2\/pages\/6704\/revisions"}],"wp:attachment":[{"href":"https:\/\/safebox.cash\/es\/wp-json\/wp\/v2\/media?parent=6704"}],"curies":[{"name":"wp","href":"https:\/\/api.w.org\/{rel}","templated":true}]}}