{"id":6702,"date":"2025-04-01T09:24:56","date_gmt":"2025-04-01T09:24:56","guid":{"rendered":"https:\/\/dev.safebox.cash\/?page_id=6702"},"modified":"2025-04-01T09:24:56","modified_gmt":"2025-04-01T09:24:56","slug":"politica-de-privacidade","status":"publish","type":"page","link":"https:\/\/safebox.cash\/es\/politica-de-privacidad\/","title":{"rendered":"Pol\u00edtica de Privacidad"},"content":{"rendered":"<p>En este documento buscamos explicar qu\u00e9 datos personales recopilamos, con qu\u00e9 fines podemos utilizarlos, c\u00f3mo los tratamos, con qui\u00e9n los compartimos, cu\u00e1nto tiempo los conservamos, as\u00ed como las formas de contactarnos y ejercer su derechos.<\/p>\n<p>&nbsp;<\/p>\n<h4>Reglamento General de Protecci\u00f3n de Datos<\/h4>\n<p>El nuevo RGPD establece las normas relativas al tratamiento, por parte de una persona, empresa u organizaci\u00f3n, de datos personales relativos a personas en la Uni\u00f3n Europea (UE).<\/p>\n<p>El RGPD protege los datos personales independientemente de la tecnolog\u00eda utilizada para procesar esos datos, la protecci\u00f3n es neutral en t\u00e9rminos tecnol\u00f3gicos y se aplica tanto al procesamiento automatizado como al manual, siempre que los datos est\u00e9n organizados de acuerdo con criterios predefinidos (por ejemplo, en orden alfab\u00e9tico). ). Tambi\u00e9n es irrelevante c\u00f3mo se almacenan los datos, en un sistema inform\u00e1tico, mediante videovigilancia o en papel; En todos estos casos, los datos personales est\u00e1n sujetos a los requisitos de protecci\u00f3n establecidos en el RGPD.<\/p>\n<p>&nbsp;<\/p>\n<h4>\u00bfQui\u00e9n es el responsable del tratamiento de datos?<\/h4>\n<p>Reage Lda es responsable del tratamiento de datos personales, en el \u00e1mbito del RGPD.<\/p>\n<p>&nbsp;<\/p>\n<h4>Tratamiento de datos personales, alcance y cambios en la Pol\u00edtica de Privacidad<\/h4>\n<p>Al facilitar sus datos personales, el titular de los datos personales consiente su tratamiento de conformidad con la presente Pol\u00edtica de Privacidad.<\/p>\n<p>Esta Pol\u00edtica de Privacidad se aplica a los datos que han sido proporcionados directamente por el respectivo titular o recopilados cuando el titular accede a las plataformas y servicios digitales de Reage Lda.<\/p>\n<p>Reage Lda. se reserva el derecho de modificar su Pol\u00edtica de Privacidad, por lo que le aconsejamos consultar este documento peri\u00f3dicamente.<\/p>\n<p>&nbsp;<\/p>\n<h4>\u00bfQu\u00e9 tipo de informaci\u00f3n se recopila?<\/h4>\n<p>Recopilamos dos tipos de informaci\u00f3n: informaci\u00f3n personal e informaci\u00f3n an\u00f3nima. La informaci\u00f3n an\u00f3nima se produce mientras el titular de los datos personales visita plataformas digitales y tiene como objetivo mejorar su funcionamiento, incluida la gesti\u00f3n y priorizaci\u00f3n de contenidos. La informaci\u00f3n personal es proporcionada voluntariamente por el titular de los datos personales durante el registro opcional. Todos los datos recopilados se procesan autom\u00e1ticamente y la informaci\u00f3n recopilada del titular de los datos personales se cifra y se administra con seguridad avanzada.<\/p>\n<p>El registro permite al titular de los datos personales acceder a los servicios prestados por Reage Lda.<\/p>\n<p>&nbsp;<\/p>\n<h4>\u00bfQu\u00e9 son los datos personales?<\/h4>\n<p>Los datos personales son informaci\u00f3n relativa a una persona identificada o identificable. Se considera identificable una persona que puede ser identificada directa o indirectamente. Los datos personales tambi\u00e9n constituyen el conjunto de informaciones distintas que pueden conducir a la identificaci\u00f3n de una persona concreta.<\/p>\n<p>Ejemplos de datos personales:<\/p>\n<ul>\n<li>Nombre y apellido;<\/li>\n<li>Direcci\u00f3n de una residencia;<\/li>\n<li>Direcci\u00f3n de correo electr\u00f3nico;<\/li>\n<li>N\u00famero de c\u00e9dula de identidad;<\/li>\n<li>Datos de ubicaci\u00f3n (por ejemplo, la funci\u00f3n de datos de ubicaci\u00f3n en un tel\u00e9fono m\u00f3vil);<\/li>\n<li>direcci\u00f3n IP (protocolo de Internet);<\/li>\n<li>Cookies;<\/li>\n<li>Identificador publicitario de su tel\u00e9fono;<\/li>\n<li>Datos en poder de un hospital o m\u00e9dico, que permiten identificar inequ\u00edvocamente a una persona;<\/li>\n<li>Sonido o imagen.<\/li>\n<\/ul>\n<h4>\u00bfQui\u00e9n es el titular de los datos personales?<\/h4>\n<p>El titular de los datos personales es la persona f\u00edsica a quien se refieren los datos y que utiliz\u00f3 las plataformas y servicios digitales de Reage Lda.<\/p>\n<p>&nbsp;<\/p>\n<h4>Categor\u00edas de datos personales<\/h4>\n<p>TIPOS<\/p>\n<p>DATOS<\/p>\n<p>Identificadores principales<\/p>\n<p>Nombre, n\u00famero de identificaci\u00f3n civil o fiscal, n\u00famero de pasaporte, fecha de nacimiento, estado civil, direcci\u00f3n, tel\u00e9fono, direcci\u00f3n de correo electr\u00f3nico, nacionalidad, fotograf\u00edas y archivos del dispositivo m\u00f3vil, datos del hogar, datos relativos al parentesco.<\/p>\n<p>Identificadores complementarios<\/p>\n<p>IBAN, geolocalizaci\u00f3n, nivel educativo, g\u00e9nero, profesi\u00f3n, datos socioecon\u00f3micos, DNI personal, direcci\u00f3n IP, direcciones de redes sociales, tipo de dispositivo m\u00f3vil, sistema operativo, versi\u00f3n del sistema operativo.<\/p>\n<p>Protecci\u00f3n especial<\/p>\n<p>Datos personales de menores de 16 a\u00f1os.<\/p>\n<p>&nbsp;<\/p>\n<h4>\u00bfCu\u00e1ndo y c\u00f3mo recopilamos sus datos personales?<\/h4>\n<p>Recopilamos datos personales cuando usted compra productos o servicios de Reage Lda, realiza solicitudes de cotizaci\u00f3n o reserva servicios. La recogida podr\u00e1 realizarse de forma oral, escrita o a trav\u00e9s de plataformas digitales.<\/p>\n<p>&nbsp;<\/p>\n<h4>\u00bfCu\u00e1l es la base para el tratamiento de sus datos personales?<\/h4>\n<p><strong>Consentir<\/strong><br \/>\nSu consentimiento debe ser expresado \u2013por escrito, oralmente o validando una opci\u00f3n\u2013 y previo, prestado de manera libre, informada, espec\u00edfica e inequ\u00edvoca; o<br \/>\n<strong>Ejecuci\u00f3n de contratos y medidas precontractuales<\/strong><br \/>\nCuando el tratamiento de datos personales sea necesario para la celebraci\u00f3n, ejecuci\u00f3n y gesti\u00f3n de un contrato celebrado con Reage Lda; o<br \/>\n<strong>Cumplimiento de obligaci\u00f3n legal<\/strong><br \/>\nCuando el tratamiento de datos personales sea necesario para cumplir con una obligaci\u00f3n legal a la que est\u00e9 sujeta Reage Lda, como, por ejemplo, la comunicaci\u00f3n de datos de identificaci\u00f3n o de tr\u00e1fico a entidades policiales, judiciales, fiscales o regulatorias o datos de localizaci\u00f3n para garantizar servicios de emergencia. ; o<br \/>\n<strong>Inter\u00e9s leg\u00edtimo<\/strong><br \/>\nEl tratamiento de datos personales por parte de Reage Lda puede estar justificado por motivos de inter\u00e9s leg\u00edtimo relacionados con la ejecuci\u00f3n de tareas relacionadas con su actividad como empresa, tales como el tratamiento de datos para mejorar la calidad del servicio, la detecci\u00f3n de fraude y la protecci\u00f3n de ingresos y cuando nuestros motivos para ello. su utilizaci\u00f3n debe prevalecer sobre sus derechos en materia de protecci\u00f3n de datos.<\/p>\n<p>&nbsp;<\/p>\n<h4>\u00bfDurante cu\u00e1nto tiempo trata y conserva Reage Lda. sus datos personales?<\/h4>\n<p>Reage Lda. procesa y conserva sus datos personales de acuerdo con los fines para los que son procesados \u200b\u200by solo por el per\u00edodo de tiempo necesario para cumplir con los fines que motivaron su recopilaci\u00f3n y conservaci\u00f3n, y siempre de acuerdo con la ley, las directrices y las decisiones de CNPD, o, seg\u00fan corresponda, hasta que ejerza su derecho de oposici\u00f3n, su derecho al olvido o retire su consentimiento.<\/p>\n<p>Hay situaciones en las que la ley determina la conservaci\u00f3n de los datos durante un per\u00edodo m\u00ednimo de tiempo, a saber: durante un a\u00f1o, los datos de tr\u00e1fico y localizaci\u00f3n con fines de investigaci\u00f3n, detecci\u00f3n y represi\u00f3n de delitos graves o durante 10 a\u00f1os los datos necesarios para la informaci\u00f3n. la Autoridad Tributaria.<\/p>\n<p>Transcurrido el respectivo per\u00edodo de conservaci\u00f3n, Reage Lda eliminar\u00e1 o anonimizar\u00e1 los datos siempre que no deban conservarse para una finalidad distinta que pueda subsistir.<\/p>\n<p>&nbsp;<\/p>\n<h4>Derechos del titular de datos personales<\/h4>\n<p>El titular de los datos personales tiene derechos de informaci\u00f3n, acceso y rectificaci\u00f3n o supresi\u00f3n de los datos personales y derecho a la portabilidad de los datos, derecho a limitar u oponerse al tratamiento de sus datos, en el \u00e1mbito y en los t\u00e9rminos del RGPD y dem\u00e1s aplicables. legislaci\u00f3n.<\/p>\n<p>El titular podr\u00e1 retirar, en cualquier momento, el consentimiento que ha prestado para el tratamiento de sus datos personales, en el marco del RGPD. La revocaci\u00f3n del consentimiento no afectar\u00e1 a la licitud del tratamiento de datos personales que se haya realizado hasta la fecha, en base al consentimiento que usted haya prestado previamente.<\/p>\n<p>Tambi\u00e9n tienes derecho a presentar una reclamaci\u00f3n sobre el tratamiento de tus datos dirigida a la CNPD.<\/p>\n<p>&nbsp;<\/p>\n<h4>Ejerza sus derechos a trav\u00e9s de los siguientes contactos:<\/h4>\n<p><strong>Correo electr\u00f3nico<\/strong><br \/>\n<a href=\"mailto:info@safebox.cash\">info@safebox.cash<\/a><\/p>\n<p>El ejercicio de los derechos es gratuito, salvo que la solicitud sea manifiestamente infundada o excesiva o reiterada injustificadamente, en cuyo caso se podr\u00e1 cobrar una tarifa razonable teniendo en cuenta las costas.<\/p>\n<p>Las respuestas a las solicitudes deber\u00e1n proporcionarse, sin demoras indebidas, dentro del mes siguiente a la recepci\u00f3n de la solicitud, a menos que se trate de una solicitud especialmente compleja o se produzca en circunstancias excepcionales. Este plazo podr\u00e1 ampliarse hasta dos meses, cuando sea necesario, teniendo en cuenta la complejidad de la solicitud y el n\u00famero de solicitudes recibidas.<\/p>\n<p>Como parte de su solicitud, es posible que se le solicite que demuestre su identidad para garantizar que los datos personales solo se compartan con el titular respectivo.<\/p>\n<p>&nbsp;<\/p>\n<h4>Transmisi\u00f3n de datos personales<\/h4>\n<p>Los datos podr\u00e1n ser transmitidos a entidades a las que por ley deban ser comunicados los datos, tales como la Autoridad Tributaria, autoridades judiciales, \u00f3rganos de polic\u00eda criminal, entre otros.<\/p>\n<p>&nbsp;<\/p>\n<h4>Responsabilidad de las plataformas y servicios digitales Reage Lda y de terceros.<\/h4>\n<p>Reage Lda. no es responsable del contenido al que se acceda a trav\u00e9s de cualquier enlace que lleve al titular de los datos personales a navegar fuera de las plataformas digitales de Reage Lda. y del tratamiento de los datos personales que all\u00ed se realice, siempre que dichos enlaces sean responsabilidad de terceros. Los sitios web y contenidos de terceros no est\u00e1n sujetos a esta Pol\u00edtica de Privacidad, por lo que le aconsejamos que siempre que navegue por estos sitios web busque y lea las pol\u00edticas de privacidad, as\u00ed como los t\u00e9rminos y condiciones aplicables.<\/p>\n<p>&nbsp;<\/p>\n<h4>\u00bfQu\u00e9 procedimientos de seguridad garantizan la protecci\u00f3n de tus datos?<\/h4>\n<p>Reage Lda toma todas las precauciones necesarias y legalmente requeridas para garantizar la privacidad de los datos personales tratados y\/o transmitidos a trav\u00e9s de sus plataformas digitales. Estas precauciones garantizan la seguridad en l\u00ednea y fuera de l\u00ednea de esta informaci\u00f3n.<\/p>\n<p>Siempre que se recopile o utilice informaci\u00f3n confidencial, los datos se cifrar\u00e1n mediante el protocolo SSL. Esta tecnolog\u00eda llamada Secure Socket Layer se utiliza para mejorar la seguridad de la transmisi\u00f3n de datos a trav\u00e9s de Internet, cifrando y protegiendo datos e informaci\u00f3n sensible mediante el protocolo HTTPS. SSL garantiza al titular de los datos personales que los datos no ser\u00e1n interceptados de forma fraudulenta y que toda la informaci\u00f3n es tratada con la m\u00e1xima seguridad.<\/p>\n<p>&nbsp;<\/p>\n<h4>\u00bfDudas?<\/h4>\n<p>Si tiene alguna pregunta sobre cualquiera de los temas tratados en este documento, comun\u00edquese con nosotros a:<\/p>\n<p><strong>Correo electr\u00f3nico<\/strong><br \/>\n<a href=\"mailto:info@safebox.cash\">info@safebox.cash<\/a><\/p>\n<p>\u00daltima actualizaci\u00f3n: 14 de febrero de 2019.<\/p>\n<p>Reglamento General de Protecci\u00f3n de Datos (GDPR): Reglamento (UE) 2016\/679 del Parlamento Europeo y del Consejo, de 27 de abril de 2016, relativo a la protecci\u00f3n de las personas f\u00edsicas en lo que respecta al tratamiento de datos personales y a la libre circulaci\u00f3n de estos datos y por la que se deroga la Directiva 95\/46\/CE (Reglamento general de protecci\u00f3n de datos) (DO L 119 de 4.5.2016).<\/p>\n","protected":false},"excerpt":{"rendered":"<p>En este documento buscamos explicar qu\u00e9 datos personales recopilamos, con qu\u00e9 fines podemos utilizarlos, c\u00f3mo los tratamos, con qui\u00e9n los compartimos, cu\u00e1nto tiempo los conservamos, as\u00ed como las formas de contactarnos y ejercer su derechos. &nbsp; Reglamento General de Protecci\u00f3n de Datos El nuevo RGPD establece las normas relativas al tratamiento, por parte de una [&hellip;]<\/p>\n","protected":false},"author":1,"featured_media":0,"parent":0,"menu_order":0,"comment_status":"closed","ping_status":"closed","template":"","meta":{"_acf_changed":false,"footnotes":""},"class_list":["post-6702","page","type-page","status-publish","hentry"],"acf":[],"yoast_head":"<!-- This site is optimized with the Yoast SEO plugin v27.4 - https:\/\/yoast.com\/product\/yoast-seo-wordpress\/ -->\n<title>Pol\u00edtica de Privacidad<\/title>\n<meta name=\"description\" content=\"En este documento buscamos explicar qu\u00e9 datos personales recopilamos, con qu\u00e9 fines podemos utilizarlos, c\u00f3mo los tratamos, con qui\u00e9n los compartimos, cu\u00e1nto tiempo los conservamos, as\u00ed como las formas de contactarnos y ejercer su derechos. &nbsp; Reglamento General de Protecci\u00f3n de Datos El nuevo RGPD establece las normas relativas al tratamiento, por parte de una&hellip;\" \/>\n<meta name=\"robots\" content=\"index, follow, max-snippet:-1, max-image-preview:large, max-video-preview:-1\" \/>\n<link rel=\"canonical\" href=\"http:\/\/En%20este%20documento%20buscamos%20explicar%20qu\u00e9%20datos%20personales%20recopilamos,%20con%20qu\u00e9%20fines%20podemos%20utilizarlos,%20c\u00f3mo%20los%20tratamos,%20con%20qui\u00e9n%20los%20compartimos,%20cu\u00e1nto%20tiempo%20los%20conservamos,%20as\u00ed%20como%20las%20formas%20de%20contactarnos%20y%20ejercer%20su%20derechos.%20&nbsp;%20Reglamento%20General%20de%20Protecci\u00f3n%20de%20Datos%20El%20nuevo%20RGPD%20establece%20las%20normas%20relativas%20al%20tratamiento,%20por%20parte%20de%20una&hellip;\" \/>\n<meta property=\"og:locale\" content=\"es_ES\" \/>\n<meta property=\"og:type\" content=\"article\" \/>\n<meta property=\"og:title\" content=\"Pol\u00edtica de Privacidad\" \/>\n<meta property=\"og:description\" content=\"En este documento buscamos explicar qu\u00e9 datos personales recopilamos, con qu\u00e9 fines podemos utilizarlos, c\u00f3mo los tratamos, con qui\u00e9n los compartimos, cu\u00e1nto tiempo los conservamos, as\u00ed como las formas de contactarnos y ejercer su derechos. &nbsp; Reglamento General de Protecci\u00f3n de Datos El nuevo RGPD establece las normas relativas al tratamiento, por parte de una&hellip;\" \/>\n<meta property=\"og:url\" content=\"https:\/\/safebox.cash\/es\/politica-de-privacidad\/\" \/>\n<meta property=\"og:site_name\" content=\"SAFEBOX\" \/>\n<meta name=\"twitter:card\" content=\"summary_large_image\" \/>\n<meta name=\"twitter:label1\" content=\"Tiempo de lectura\" \/>\n\t<meta name=\"twitter:data1\" content=\"9 minutos\" \/>\n<script type=\"application\/ld+json\" class=\"yoast-schema-graph\">{\"@context\":\"https:\\\/\\\/schema.org\",\"@graph\":[{\"@type\":\"WebPage\",\"@id\":\"https:\\\/\\\/safebox.cash\\\/es\\\/politica-de-privacidad\\\/\",\"url\":\"https:\\\/\\\/safebox.cash\\\/es\\\/politica-de-privacidad\\\/\",\"name\":\"Pol\u00edtica de Privacidade - SAFEBOX\",\"isPartOf\":{\"@id\":\"https:\\\/\\\/safebox.cash\\\/#website\"},\"datePublished\":\"2025-04-01T09:24:56+00:00\",\"breadcrumb\":{\"@id\":\"https:\\\/\\\/safebox.cash\\\/es\\\/politica-de-privacidad\\\/#breadcrumb\"},\"inLanguage\":\"es\",\"potentialAction\":[{\"@type\":\"ReadAction\",\"target\":[\"https:\\\/\\\/safebox.cash\\\/es\\\/politica-de-privacidad\\\/\"]}]},{\"@type\":\"BreadcrumbList\",\"@id\":\"https:\\\/\\\/safebox.cash\\\/es\\\/politica-de-privacidad\\\/#breadcrumb\",\"itemListElement\":[{\"@type\":\"ListItem\",\"position\":1,\"name\":\"Inicio\",\"item\":\"https:\\\/\\\/safebox.cash\\\/\"},{\"@type\":\"ListItem\",\"position\":2,\"name\":\"Pol\u00edtica de Privacidad\"}]},{\"@type\":\"WebSite\",\"@id\":\"https:\\\/\\\/safebox.cash\\\/es\\\/#website\",\"url\":\"https:\\\/\\\/safebox.cash\\\/es\\\/\",\"name\":\"SAFEBOX\",\"description\":\"\",\"publisher\":{\"@id\":\"https:\\\/\\\/safebox.cash\\\/es\\\/#organization\"},\"potentialAction\":[{\"@type\":\"SearchAction\",\"target\":{\"@type\":\"EntryPoint\",\"urlTemplate\":\"https:\\\/\\\/safebox.cash\\\/es\\\/?s={search_term_string}\"},\"query-input\":{\"@type\":\"PropertyValueSpecification\",\"valueRequired\":true,\"valueName\":\"search_term_string\"}}],\"inLanguage\":\"es\"},{\"@type\":\"Organization\",\"@id\":\"https:\\\/\\\/safebox.cash\\\/es\\\/#organization\",\"name\":\"SAFEBOX\",\"url\":\"https:\\\/\\\/safebox.cash\\\/es\\\/\",\"logo\":{\"@type\":\"ImageObject\",\"inLanguage\":\"es\",\"@id\":\"https:\\\/\\\/safebox.cash\\\/es\\\/#\\\/schema\\\/logo\\\/image\\\/\",\"url\":\"https:\\\/\\\/safebox.cash\\\/wp-content\\\/uploads\\\/2025\\\/03\\\/SafeboxLogo-b.svg\",\"contentUrl\":\"https:\\\/\\\/safebox.cash\\\/wp-content\\\/uploads\\\/2025\\\/03\\\/SafeboxLogo-b.svg\",\"width\":306,\"height\":50,\"caption\":\"SAFEBOX\"},\"image\":{\"@id\":\"https:\\\/\\\/safebox.cash\\\/es\\\/#\\\/schema\\\/logo\\\/image\\\/\"}}]}<\/script>\n<!-- \/ Yoast SEO plugin. -->","yoast_head_json":{"title":"Pol\u00edtica de Privacidad","description":"En este documento buscamos explicar qu\u00e9 datos personales recopilamos, con qu\u00e9 fines podemos utilizarlos, c\u00f3mo los tratamos, con qui\u00e9n los compartimos, cu\u00e1nto tiempo los conservamos, as\u00ed como las formas de contactarnos y ejercer su derechos. &nbsp; Reglamento General de Protecci\u00f3n de Datos El nuevo RGPD establece las normas relativas al tratamiento, por parte de una&hellip;","robots":{"index":"index","follow":"follow","max-snippet":"max-snippet:-1","max-image-preview":"max-image-preview:large","max-video-preview":"max-video-preview:-1"},"canonical":"En este documento buscamos explicar qu\u00e9 datos personales recopilamos, con qu\u00e9 fines podemos utilizarlos, c\u00f3mo los tratamos, con qui\u00e9n los compartimos, cu\u00e1nto tiempo los conservamos, as\u00ed como las formas de contactarnos y ejercer su derechos. &nbsp; Reglamento General de Protecci\u00f3n de Datos El nuevo RGPD establece las normas relativas al tratamiento, por parte de una&hellip;","og_locale":"es_ES","og_type":"article","og_title":"Pol\u00edtica de Privacidad","og_description":"En este documento buscamos explicar qu\u00e9 datos personales recopilamos, con qu\u00e9 fines podemos utilizarlos, c\u00f3mo los tratamos, con qui\u00e9n los compartimos, cu\u00e1nto tiempo los conservamos, as\u00ed como las formas de contactarnos y ejercer su derechos. &nbsp; Reglamento General de Protecci\u00f3n de Datos El nuevo RGPD establece las normas relativas al tratamiento, por parte de una&hellip;","og_url":"https:\/\/safebox.cash\/es\/politica-de-privacidad\/","og_site_name":"SAFEBOX","twitter_card":"summary_large_image","twitter_misc":{"Tiempo de lectura":"9 minutos"},"schema":{"@context":"https:\/\/schema.org","@graph":[{"@type":"WebPage","@id":"https:\/\/safebox.cash\/es\/politica-de-privacidad\/","url":"https:\/\/safebox.cash\/es\/politica-de-privacidad\/","name":"Pol\u00edtica de Privacidade - SAFEBOX","isPartOf":{"@id":"https:\/\/safebox.cash\/#website"},"datePublished":"2025-04-01T09:24:56+00:00","breadcrumb":{"@id":"https:\/\/safebox.cash\/es\/politica-de-privacidad\/#breadcrumb"},"inLanguage":"es","potentialAction":[{"@type":"ReadAction","target":["https:\/\/safebox.cash\/es\/politica-de-privacidad\/"]}]},{"@type":"BreadcrumbList","@id":"https:\/\/safebox.cash\/es\/politica-de-privacidad\/#breadcrumb","itemListElement":[{"@type":"ListItem","position":1,"name":"Inicio","item":"https:\/\/safebox.cash\/"},{"@type":"ListItem","position":2,"name":"Pol\u00edtica de Privacidad"}]},{"@type":"WebSite","@id":"https:\/\/safebox.cash\/es\/#website","url":"https:\/\/safebox.cash\/es\/","name":"SAFEBOX","description":"","publisher":{"@id":"https:\/\/safebox.cash\/es\/#organization"},"potentialAction":[{"@type":"SearchAction","target":{"@type":"EntryPoint","urlTemplate":"https:\/\/safebox.cash\/es\/?s={search_term_string}"},"query-input":{"@type":"PropertyValueSpecification","valueRequired":true,"valueName":"search_term_string"}}],"inLanguage":"es"},{"@type":"Organization","@id":"https:\/\/safebox.cash\/es\/#organization","name":"SAFEBOX","url":"https:\/\/safebox.cash\/es\/","logo":{"@type":"ImageObject","inLanguage":"es","@id":"https:\/\/safebox.cash\/es\/#\/schema\/logo\/image\/","url":"https:\/\/safebox.cash\/wp-content\/uploads\/2025\/03\/SafeboxLogo-b.svg","contentUrl":"https:\/\/safebox.cash\/wp-content\/uploads\/2025\/03\/SafeboxLogo-b.svg","width":306,"height":50,"caption":"SAFEBOX"},"image":{"@id":"https:\/\/safebox.cash\/es\/#\/schema\/logo\/image\/"}}]}},"_links":{"self":[{"href":"https:\/\/safebox.cash\/es\/wp-json\/wp\/v2\/pages\/6702","targetHints":{"allow":["GET"]}}],"collection":[{"href":"https:\/\/safebox.cash\/es\/wp-json\/wp\/v2\/pages"}],"about":[{"href":"https:\/\/safebox.cash\/es\/wp-json\/wp\/v2\/types\/page"}],"author":[{"embeddable":true,"href":"https:\/\/safebox.cash\/es\/wp-json\/wp\/v2\/users\/1"}],"replies":[{"embeddable":true,"href":"https:\/\/safebox.cash\/es\/wp-json\/wp\/v2\/comments?post=6702"}],"version-history":[{"count":0,"href":"https:\/\/safebox.cash\/es\/wp-json\/wp\/v2\/pages\/6702\/revisions"}],"wp:attachment":[{"href":"https:\/\/safebox.cash\/es\/wp-json\/wp\/v2\/media?parent=6702"}],"curies":[{"name":"wp","href":"https:\/\/api.w.org\/{rel}","templated":true}]}}