{"id":6706,"date":"2025-04-01T09:30:11","date_gmt":"2025-04-01T09:30:11","guid":{"rendered":"https:\/\/dev.safebox.cash\/?page_id=6706"},"modified":"2025-04-03T08:33:08","modified_gmt":"2025-04-03T08:33:08","slug":"projeto","status":"publish","type":"page","link":"https:\/\/safebox.cash\/en\/project\/","title":{"rendered":"Internationalization Via E-Commerce"},"content":{"rendered":"\t\t<div data-elementor-type=\"wp-page\" data-elementor-id=\"6706\" class=\"elementor elementor-6706\">\n\t\t\t\t<div class=\"elementor-element elementor-element-6b43b79c e-flex e-con-boxed e-con e-parent\" data-id=\"6b43b79c\" data-element_type=\"container\" data-e-type=\"container\">\n\t\t\t\t\t<div class=\"e-con-inner\">\n\t\t\t\t<div class=\"elementor-element elementor-element-64afede2 elementor-widget elementor-widget-text-editor\" data-id=\"64afede2\" data-element_type=\"widget\" data-e-type=\"widget\" data-widget_type=\"text-editor.default\">\n\t\t\t\t<div class=\"elementor-widget-container\">\n\t\t\t\t\t\t\t\t\t\n<section class=\"container my-1 my-md-4 my-lg-5\">\n<div class=\"row\">\n<div class=\"col-lg-7 mb-4 mb-lg-0\">\n<div class=\"pe-lg-4 me-lg-3 pe-xl-0 me-xl-0\"><img decoding=\"async\" class=\"d-dark-mode-none\" style=\"padding-bottom: 50px;\" src=\"\/wp-content\/uploads\/2025\/04\/barra.webp\" alt=\"PRR\" width=\"500\" \/> <img decoding=\"async\" class=\"d-dark-mode-block d-none\" style=\"padding-bottom: 50px;\" src=\"\/wp-content\/uploads\/2023\/03\/BARRA_LOGOS-PRR_W.webp\" alt=\"PRR\" width=\"500\" \/>\n<p class=\"fs-lg mb-0\"><b>Designa\u00e7\u00e3o do Projeto:<\/b> Internacionaliza\u00e7\u00e3o Via E-Commerce<br \/><b>C\u00f3digo do Projeto:<\/b> Projeto n\u00ba 985<br \/><b>Objetivo Principal:<\/b> Dinamiza\u00e7\u00e3o das exporta\u00e7\u00f5es<br \/><b>Entidade Benefici\u00e1ria:<\/b> Reage, Lda<br \/><br \/><b>Data de Aprova\u00e7\u00e3o:<\/b> 24 de agosto de 2023<br \/><b>Custo Total Eleg\u00edvel:<\/b> 24.895,00 \u20ac<br \/><b>Apoio Financeiro:<\/b> 12.492,50 \u20ac<br \/><br \/><br \/><b>Objetivos do Projeto:<\/b><br \/>Dinamiza\u00e7\u00e3o das exporta\u00e7\u00f5es via e-commerce.<\/p>\n<\/div>\n<\/div>\n<\/div>\n<\/section>\n\t\t\t\t\t\t\t\t<\/div>\n\t\t\t\t<\/div>\n\t\t\t\t\t<\/div>\n\t\t\t\t<\/div>\n\t\t\t\t<\/div>\n\t\t","protected":false},"excerpt":{"rendered":"<p>Designa\u00e7\u00e3o do Projeto: Internacionaliza\u00e7\u00e3o Via E-CommerceC\u00f3digo do Projeto: Projeto n\u00ba 985Objetivo Principal: Dinamiza\u00e7\u00e3o das exporta\u00e7\u00f5esEntidade Benefici\u00e1ria: Reage, Lda Data de Aprova\u00e7\u00e3o: 24 de agosto de 2023Custo Total Eleg\u00edvel: 24.895,00 \u20acApoio Financeiro: 12.492,50 \u20ac Objetivos do Projeto:Dinamiza\u00e7\u00e3o das exporta\u00e7\u00f5es via e-commerce.<\/p>\n","protected":false},"author":1,"featured_media":0,"parent":0,"menu_order":0,"comment_status":"closed","ping_status":"closed","template":"","meta":{"_acf_changed":false,"footnotes":""},"class_list":["post-6706","page","type-page","status-publish","hentry"],"acf":[],"yoast_head":"<!-- This site is optimized with the Yoast SEO plugin v27.4 - https:\/\/yoast.com\/product\/yoast-seo-wordpress\/ -->\n<title>Internationalization Via E-Commerce<\/title>\n<meta name=\"robots\" content=\"index, follow, max-snippet:-1, max-image-preview:large, max-video-preview:-1\" \/>\n<meta property=\"og:locale\" content=\"en_GB\" \/>\n<meta property=\"og:type\" content=\"article\" \/>\n<meta property=\"og:title\" content=\"Internationalization Via E-Commerce\" \/>\n<meta property=\"og:url\" content=\"https:\/\/safebox.cash\/en\/project\/\" \/>\n<meta property=\"og:site_name\" content=\"SAFEBOX\" \/>\n<meta property=\"article:modified_time\" content=\"2025-04-03T08:33:08+00:00\" \/>\n<meta name=\"twitter:card\" content=\"summary_large_image\" \/>\n<script type=\"application\/ld+json\" class=\"yoast-schema-graph\">{\"@context\":\"https:\\\/\\\/schema.org\",\"@graph\":[{\"@type\":\"WebPage\",\"@id\":\"https:\\\/\\\/safebox.cash\\\/en\\\/project\\\/\",\"url\":\"https:\\\/\\\/safebox.cash\\\/en\\\/project\\\/\",\"name\":\"Internacionaliza\u00e7\u00e3o Via E-Commerce - SAFEBOX\",\"isPartOf\":{\"@id\":\"https:\\\/\\\/safebox.cash\\\/#website\"},\"datePublished\":\"2025-04-01T09:30:11+00:00\",\"dateModified\":\"2025-04-03T08:33:08+00:00\",\"breadcrumb\":{\"@id\":\"https:\\\/\\\/safebox.cash\\\/en\\\/project\\\/#breadcrumb\"},\"inLanguage\":\"en-GB\",\"potentialAction\":[{\"@type\":\"ReadAction\",\"target\":[\"https:\\\/\\\/safebox.cash\\\/en\\\/project\\\/\"]}]},{\"@type\":\"BreadcrumbList\",\"@id\":\"https:\\\/\\\/safebox.cash\\\/en\\\/project\\\/#breadcrumb\",\"itemListElement\":[{\"@type\":\"ListItem\",\"position\":1,\"name\":\"Home\",\"item\":\"https:\\\/\\\/safebox.cash\\\/\"},{\"@type\":\"ListItem\",\"position\":2,\"name\":\"Internationalization Via E-Commerce\"}]},{\"@type\":\"WebSite\",\"@id\":\"https:\\\/\\\/safebox.cash\\\/en\\\/#website\",\"url\":\"https:\\\/\\\/safebox.cash\\\/en\\\/\",\"name\":\"SAFEBOX\",\"description\":\"\",\"publisher\":{\"@id\":\"https:\\\/\\\/safebox.cash\\\/en\\\/#organization\"},\"potentialAction\":[{\"@type\":\"SearchAction\",\"target\":{\"@type\":\"EntryPoint\",\"urlTemplate\":\"https:\\\/\\\/safebox.cash\\\/en\\\/?s={search_term_string}\"},\"query-input\":{\"@type\":\"PropertyValueSpecification\",\"valueRequired\":true,\"valueName\":\"search_term_string\"}}],\"inLanguage\":\"en-GB\"},{\"@type\":\"Organization\",\"@id\":\"https:\\\/\\\/safebox.cash\\\/en\\\/#organization\",\"name\":\"SAFEBOX\",\"url\":\"https:\\\/\\\/safebox.cash\\\/en\\\/\",\"logo\":{\"@type\":\"ImageObject\",\"inLanguage\":\"en-GB\",\"@id\":\"https:\\\/\\\/safebox.cash\\\/en\\\/#\\\/schema\\\/logo\\\/image\\\/\",\"url\":\"https:\\\/\\\/safebox.cash\\\/wp-content\\\/uploads\\\/2025\\\/03\\\/SafeboxLogo-b.svg\",\"contentUrl\":\"https:\\\/\\\/safebox.cash\\\/wp-content\\\/uploads\\\/2025\\\/03\\\/SafeboxLogo-b.svg\",\"width\":306,\"height\":50,\"caption\":\"SAFEBOX\"},\"image\":{\"@id\":\"https:\\\/\\\/safebox.cash\\\/en\\\/#\\\/schema\\\/logo\\\/image\\\/\"}}]}<\/script>\n<!-- \/ Yoast SEO plugin. -->","yoast_head_json":{"title":"Internationalization Via E-Commerce","robots":{"index":"index","follow":"follow","max-snippet":"max-snippet:-1","max-image-preview":"max-image-preview:large","max-video-preview":"max-video-preview:-1"},"og_locale":"en_GB","og_type":"article","og_title":"Internationalization Via E-Commerce","og_url":"https:\/\/safebox.cash\/en\/project\/","og_site_name":"SAFEBOX","article_modified_time":"2025-04-03T08:33:08+00:00","twitter_card":"summary_large_image","schema":{"@context":"https:\/\/schema.org","@graph":[{"@type":"WebPage","@id":"https:\/\/safebox.cash\/en\/project\/","url":"https:\/\/safebox.cash\/en\/project\/","name":"Internacionaliza\u00e7\u00e3o Via E-Commerce - SAFEBOX","isPartOf":{"@id":"https:\/\/safebox.cash\/#website"},"datePublished":"2025-04-01T09:30:11+00:00","dateModified":"2025-04-03T08:33:08+00:00","breadcrumb":{"@id":"https:\/\/safebox.cash\/en\/project\/#breadcrumb"},"inLanguage":"en-GB","potentialAction":[{"@type":"ReadAction","target":["https:\/\/safebox.cash\/en\/project\/"]}]},{"@type":"BreadcrumbList","@id":"https:\/\/safebox.cash\/en\/project\/#breadcrumb","itemListElement":[{"@type":"ListItem","position":1,"name":"Home","item":"https:\/\/safebox.cash\/"},{"@type":"ListItem","position":2,"name":"Internationalization Via E-Commerce"}]},{"@type":"WebSite","@id":"https:\/\/safebox.cash\/en\/#website","url":"https:\/\/safebox.cash\/en\/","name":"SAFEBOX","description":"","publisher":{"@id":"https:\/\/safebox.cash\/en\/#organization"},"potentialAction":[{"@type":"SearchAction","target":{"@type":"EntryPoint","urlTemplate":"https:\/\/safebox.cash\/en\/?s={search_term_string}"},"query-input":{"@type":"PropertyValueSpecification","valueRequired":true,"valueName":"search_term_string"}}],"inLanguage":"en-GB"},{"@type":"Organization","@id":"https:\/\/safebox.cash\/en\/#organization","name":"SAFEBOX","url":"https:\/\/safebox.cash\/en\/","logo":{"@type":"ImageObject","inLanguage":"en-GB","@id":"https:\/\/safebox.cash\/en\/#\/schema\/logo\/image\/","url":"https:\/\/safebox.cash\/wp-content\/uploads\/2025\/03\/SafeboxLogo-b.svg","contentUrl":"https:\/\/safebox.cash\/wp-content\/uploads\/2025\/03\/SafeboxLogo-b.svg","width":306,"height":50,"caption":"SAFEBOX"},"image":{"@id":"https:\/\/safebox.cash\/en\/#\/schema\/logo\/image\/"}}]}},"_links":{"self":[{"href":"https:\/\/safebox.cash\/en\/wp-json\/wp\/v2\/pages\/6706","targetHints":{"allow":["GET"]}}],"collection":[{"href":"https:\/\/safebox.cash\/en\/wp-json\/wp\/v2\/pages"}],"about":[{"href":"https:\/\/safebox.cash\/en\/wp-json\/wp\/v2\/types\/page"}],"author":[{"embeddable":true,"href":"https:\/\/safebox.cash\/en\/wp-json\/wp\/v2\/users\/1"}],"replies":[{"embeddable":true,"href":"https:\/\/safebox.cash\/en\/wp-json\/wp\/v2\/comments?post=6706"}],"version-history":[{"count":0,"href":"https:\/\/safebox.cash\/en\/wp-json\/wp\/v2\/pages\/6706\/revisions"}],"wp:attachment":[{"href":"https:\/\/safebox.cash\/en\/wp-json\/wp\/v2\/media?parent=6706"}],"curies":[{"name":"wp","href":"https:\/\/api.w.org\/{rel}","templated":true}]}}